{"id":10311,"date":"2025-01-27T15:41:10","date_gmt":"2025-01-27T14:41:10","guid":{"rendered":"https:\/\/finatnew.newhosting.intellijam.com\/prodotto\/adesivo-acrilico-a-basso-odore-3m-scotch-weld-dp8705ns\/"},"modified":"2025-11-26T12:03:19","modified_gmt":"2025-11-26T11:03:19","slug":"adesivo-acrilico-a-basso-odore-3m-scotch-weld-dp8705ns","status":"publish","type":"product","link":"https:\/\/finatsrl.it\/de\/product\/adesivo-acrilico-a-basso-odore-3m-scotch-weld-dp8705ns\/","title":{"rendered":"Adesivo acrilico a basso odore 3M Scotch-Weld DP8705NS"},"content":{"rendered":"<div class=\"product-bullet-block\">\n<div class=\"bullet n1\">Basso odore, propriet\u00e0 non infiammabili e basso profilo di rischio tossicologico per un ambiente di lavoro pi\u00f9 sicuro rispetto ai tipici adesivi acrilici<\/div>\n<div class=\"bullet n2\">Aderisce a una variet\u00e0 di substrati, inclusi metalli, superfici verniciate, plastiche e compositi, con preparazione minima della superficie, anche nel caso di superfici leggermente oleose<\/div>\n<div class=\"bullet n3\">Prestazioni a bassa temperatura con resistenza strutturale fino a -40 \u02daC<\/div>\n<div class=\"bullet n4\">Resistenza agli urti e alla pelatura migliorata<\/div>\n<div class=\"bullet n5\">Tempo di lavorabilit\u00e0 di 5 minuti e forza strutturale in 9 minuti<\/div>\n<div class=\"bullet n6\">Contiene sfere distanziatrici da 250 micron per controllare lo spessore della linea di incollaggio<\/div>\n<div class=\"bullet n7\"><\/div>\n<\/div>\n<div class=\"product-description-block\">\n<div class=\"short\">L&#8217;adesivo 3M Scotch-Weld DP8705NS \u00e8 un adesivo acrilico strutturale bicomponente, di colore nero, anti-colatura, non infiammabile, a basso odore. Il tipo 8705 \u00e8 una versione migliorata degli adesivi acrilici a basso odore di 3M, che offre una maggiore resistenza agli urti e alla pelatura, flessibilit\u00e0, ottime prestazioni a basse temperature e sicurezza dei lavoratori.<\/div>\n<div class=\"extended\">L&#8217;adesivo 3M Scotch-Weld DP8705NS \u00e8 un adesivo acrilico strutturale bicomponente, tenacizzato, di colore nero, anti-colatura, non infiammabile, a basso odore. Questo adesivo strutturale offre prestazioni migliorate all&#8217;interno della famiglia di adesivi acrilici altamente versatili e a basso odore di 3M. Mantiene la praticit\u00e0 degli adesivi acrilici con un indurimento rapido e una preparazione minima della superficie, offrendo al contempo maggiore resistenza agli urti e alle basse temperature, maggiore flessibilit\u00e0 e migliore profilo di rischio tossicologico. Non \u00e8 corrosivo per l&#8217;acciaio e per altri substrati metallici attivi.<\/div>\n<\/div>\n","protected":false},"excerpt":{"rendered":"<p>L&#8217;adesivo 3M Scotch-Weld DP8705NS \u00e8 un adesivo acrilico strutturale bicomponente, di colore nero, anti-colatura, non infiammabile, a basso odore. Il tipo 8705 \u00e8 una versione migliorata degli adesivi acrilici a basso odore di 3M, che offre una maggiore resistenza agli urti e alla pelatura, flessibilit\u00e0, ottime prestazioni a basse temperature e sicurezza dei lavoratori.<\/p>\n","protected":false},"featured_media":8088,"template":"","meta":{"_acf_changed":false},"product_brand":[3346],"product_cat":[29,288],"product_tag":[3442,3443,3355,3444,3342,1141,1140,1148,1143,1142],"class_list":{"0":"post-10311","1":"product","2":"type-product","3":"status-publish","4":"has-post-thumbnail","6":"product_brand-scotch-weld","7":"product_cat-adesivi-e-nastri-industriali","8":"product_cat-adesivi-strutturali","9":"product_tag-adesivo-non-infiammabile","10":"product_tag-adesivo-per-acciaio-inox","11":"product_tag-adesivo-per-alluminio","12":"product_tag-adesivo-per-metallo-attivo","13":"product_tag-adesivo-per-plastica","14":"product_tag-bassa-temperatura","15":"product_tag-basso-odore","16":"product_tag-incollaggio-di-materiali-diversi","17":"product_tag-resistenza-agli-urti","18":"product_tag-resistenza-alla-pelatura","20":"first","21":"instock","22":"product-type-simple"},"acf":{"short_description":"L'adesivo acrilico a basso odore 3M Scotch-Weld DP8705NS \u00e8 la soluzione ideale per applicazioni industriali, garantendo prestazioni elevate e un ambiente di lavoro migliore. Scegli la qualit\u00e0 3M per i tuoi progetti.","long_description":"<p>L'adesivo acrilico a basso odore 3M Scotch-Weld DP8705NS \u00e8 un prodotto innovativo progettato per soddisfare le esigenze delle applicazioni industriali pi\u00f9 esigenti. Questo adesivo strutturale offre una combinazione unica di forza, versatilit\u00e0 e comfort, rendendolo la scelta ideale per i professionisti del settore. La formula a basso odore non solo migliora l'ambiente di lavoro, ma riduce anche l'esposizione a vapori nocivi, rendendolo particolarmente adatto per applicazioni in spazi chiusi. Con un tempo di indurimento rapido e una forte adesione a una variet\u00e0 di substrati, inclusi metalli, plastica e legno, il DP8705NS garantisce risultati eccellenti e duraturi. Inoltre, la sua resistenza alle temperature estreme e agli agenti chimici lo rende perfetto per ambienti industriali difficili. Scegliere l'adesivo acrilico 3M significa investire in qualit\u00e0 e affidabilit\u00e0, assicurando che i tuoi progetti siano sempre realizzati con i migliori materiali disponibili sul mercato.<\/p>","feature_1":"Formula a basso odore per un ambiente di lavoro migliore","feature_2":"Indurimento rapido per aumentare l'efficienza operativa","feature_3":"Eccellente adesione su metalli, plastica e legno","feature_4":"Resistente a temperature estreme da -40\u00b0C a +80\u00b0C","feature_5":"Elevata resistenza agli agenti chimici e solventi","feature_6":"Flessibilit\u00e0 dopo l'indurimento per adattarsi a diverse applicazioni","feature_7":"Facile applicazione grazie al sistema di dosaggio 3M","feature_8":"Certificato per applicazioni industriali e professionali","feature_9":"Compatibile con una vasta gamma di substrati","feature_10":"Ottimo rapporto costi-benefici per progetti a lungo termine"},"_links":{"self":[{"href":"https:\/\/finatsrl.it\/de\/wp-json\/wp\/v2\/product\/10311","targetHints":{"allow":["GET"]}}],"collection":[{"href":"https:\/\/finatsrl.it\/de\/wp-json\/wp\/v2\/product"}],"about":[{"href":"https:\/\/finatsrl.it\/de\/wp-json\/wp\/v2\/types\/product"}],"wp:featuredmedia":[{"embeddable":true,"href":"https:\/\/finatsrl.it\/de\/wp-json\/wp\/v2\/media\/8088"}],"wp:attachment":[{"href":"https:\/\/finatsrl.it\/de\/wp-json\/wp\/v2\/media?parent=10311"}],"wp:term":[{"taxonomy":"product_brand","embeddable":true,"href":"https:\/\/finatsrl.it\/de\/wp-json\/wp\/v2\/product_brand?post=10311"},{"taxonomy":"product_cat","embeddable":true,"href":"https:\/\/finatsrl.it\/de\/wp-json\/wp\/v2\/product_cat?post=10311"},{"taxonomy":"product_tag","embeddable":true,"href":"https:\/\/finatsrl.it\/de\/wp-json\/wp\/v2\/product_tag?post=10311"}],"curies":[{"name":"wp","href":"https:\/\/api.w.org\/{rel}","templated":true}]}}