{"id":10252,"date":"2025-01-27T15:40:42","date_gmt":"2025-01-27T14:40:42","guid":{"rendered":"https:\/\/finatnew.newhosting.intellijam.com\/prodotto\/nastro-3m-vhb-gph-110gf\/"},"modified":"2025-11-26T12:03:15","modified_gmt":"2025-11-26T11:03:15","slug":"nastro-3m-vhb-gph-110gf","status":"publish","type":"product","link":"https:\/\/finatsrl.it\/de\/product\/nastro-3m-vhb-gph-110gf\/","title":{"rendered":"Nastro 3M VHB GPH-110GF"},"content":{"rendered":"<div class=\"product-bullet-block\">\n<div class=\"bullet n1\">Adesivo acrilico, grigio, 1.1 mm, con anima in schiuma acrilica conformabile<\/div>\n<div class=\"bullet n2\">Eccellente resistenza alla temperatura nell&#8217;incollaggio di parti metalliche prima della lavorazione a caldo della vernice<\/div>\n<div class=\"bullet n3\">Incollaggi forti e duraturi su un&#8217;ampia gamma di substrati ad energia superficiale medio-alta come metalli, alluminio, ABS, ecc.<\/div>\n<div class=\"bullet n4\">Ottime prestazioni in condizioni estreme, resistenza ai raggi UV e ai solventi<\/div>\n<div class=\"bullet n5\">Elevata resistenza all&#8217;invecchiamento<\/div>\n<div class=\"bullet n6\">Crea una sigillatura permanente contro acqua, umidit\u00e0 e altro ancora<\/div>\n<div class=\"bullet n7\">L&#8217;elevato assorbimento di stress dinamico riduce le vibrazioni e lo stress da urti<\/div>\n<\/div>\n<div class=\"product-description-block\">\n<div class=\"short\">Il modo forte, rapido e semplice per creare incollaggi durevoli e affidabili, eliminando rivetti, viti, bulloni e saldature. I nastri 3M VHB GPH-110GF sono progettati per l&#8217;incollaggio laddove \u00e8 necessaria una tolleranza alle alte temperature, comprese le applicazioni che subiscono un processo di verniciatura a polvere o verniciatura a liquido.<\/div>\n<div class=\"extended\">Progettato per creare fissaggi duraturi e affidabili per incollaggi multimateriali e ad alte temperature.<\/div>\n<\/div>\n","protected":false},"excerpt":{"rendered":"<p>Il modo forte, rapido e semplice per creare incollaggi durevoli e affidabili, eliminando rivetti, viti, bulloni e saldature. I nastri 3M VHB GPH-110GF sono progettati per l&#8217;incollaggio laddove \u00e8 necessaria una tolleranza alle alte temperature, comprese le applicazioni che subiscono un processo di verniciatura a polvere o verniciatura a liquido.<\/p>\n","protected":false},"featured_media":8059,"template":"","meta":{"_acf_changed":false},"product_brand":[3360],"product_cat":[29,269],"product_tag":[1096,1093,1097,1092,1095,1094,1091],"class_list":{"0":"post-10252","1":"product","2":"type-product","3":"status-publish","4":"has-post-thumbnail","6":"product_brand-vhb","7":"product_cat-adesivi-e-nastri-industriali","8":"product_cat-nastri-in-schiuma","9":"product_tag-incollaggio-on-demand","10":"product_tag-nastro-estrudibile","11":"product_tag-nastro-in-schiuma","12":"product_tag-nastro-vhb","13":"product_tag-sistema-di-incollaggio","14":"product_tag-soluzione-di-incollaggio","15":"product_tag-vhb","16":"pa_colore-grigio","18":"first","19":"instock","20":"product-type-simple"},"acf":{"short_description":"Il nastro 3M VHB GPH-110GF \u00e8 la scelta ideale per applicazioni industriali, garantendo una tenuta eccezionale e resistenza nel tempo. Scegli la qualit\u00e0 3M per i tuoi progetti.","long_description":"<p>Il nastro 3M VHB GPH-110GF \u00e8 un prodotto di punta nel settore degli adesivi e nastri industriali, progettato per offrire prestazioni superiori in una variet\u00e0 di applicazioni. Questo nastro in schiuma, con uno spessore di soli 1,1 mm, \u00e8 composto da un materiale acrilico che garantisce un'adesione forte e duratura su una vasta gamma di superfici, tra cui metallo, plastica e vetro. Grazie alla sua straordinaria capacit\u00e0 di resistere agli agenti atmosferici e ai raggi UV, il nastro VHB GPH-110GF \u00e8 perfetto per applicazioni sia interne che esterne.<\/p>\n<p>La tecnologia VHB (Very High Bond) di 3M assicura che il nastro possa sostituire tecniche di fissaggio tradizionali, come la saldatura o le viti, riducendo i costi di manodopera e aumentando l'efficienza del processo produttivo. Il nastro \u00e8 progettato per mantenere le sue propriet\u00e0 adesive anche in condizioni di umidit\u00e0 e variazioni di temperatura, rendendolo ideale per ambienti industriali esigenti.<\/p>\n<p>Inoltre, la facilit\u00e0 di applicazione del nastro 3M VHB GPH-110GF lo rende una scelta preferita per i professionisti del settore, poich\u00e9 pu\u00f2 essere tagliato su misura e applicato rapidamente senza la necessit\u00e0 di attrezzature speciali. Sia che tu stia lavorando su progetti di costruzione, design di prodotti, o assemblaggi di dispositivi elettronici, questo nastro fornisce un legame invisibile e pulito.<\/p>\n<p>Non perdere l'opportunit\u00e0 di migliorare i tuoi processi industriali con il nastro 3M VHB GPH-110GF. Sperimenta una performance senza precedenti e una durata nel tempo che solo il marchio 3M pu\u00f2 offrire. Aggiungi questo prodotto al tuo carrello e inizia a beneficiare della sua innovativa tecnologia adesiva oggi stesso!<\/p>","feature_1":"Spessore di 1,1 mm per un'adesione ottimale","feature_2":"Resistente agli agenti atmosferici e ai raggi UV","feature_3":"Adesione su superfici metalliche, plastiche e vetrose","feature_4":"Tecnologia VHB per legami duraturi e invisibili","feature_5":"Facilit\u00e0 di applicazione senza necessit\u00e0 di attrezzature speciali","feature_6":"Eccellente resistenza a temperature estreme","feature_7":"Riduzione dei costi di manodopera rispetto a fissaggi tradizionali","feature_8":"Applicabile in ambienti interni ed esterni","feature_9":"Elevata capacit\u00e0 di assorbire vibrazioni e urti","feature_10":"Compatibile con una vasta gamma di materiali e settori industriali"},"_links":{"self":[{"href":"https:\/\/finatsrl.it\/de\/wp-json\/wp\/v2\/product\/10252","targetHints":{"allow":["GET"]}}],"collection":[{"href":"https:\/\/finatsrl.it\/de\/wp-json\/wp\/v2\/product"}],"about":[{"href":"https:\/\/finatsrl.it\/de\/wp-json\/wp\/v2\/types\/product"}],"wp:featuredmedia":[{"embeddable":true,"href":"https:\/\/finatsrl.it\/de\/wp-json\/wp\/v2\/media\/8059"}],"wp:attachment":[{"href":"https:\/\/finatsrl.it\/de\/wp-json\/wp\/v2\/media?parent=10252"}],"wp:term":[{"taxonomy":"product_brand","embeddable":true,"href":"https:\/\/finatsrl.it\/de\/wp-json\/wp\/v2\/product_brand?post=10252"},{"taxonomy":"product_cat","embeddable":true,"href":"https:\/\/finatsrl.it\/de\/wp-json\/wp\/v2\/product_cat?post=10252"},{"taxonomy":"product_tag","embeddable":true,"href":"https:\/\/finatsrl.it\/de\/wp-json\/wp\/v2\/product_tag?post=10252"}],"curies":[{"name":"wp","href":"https:\/\/api.w.org\/{rel}","templated":true}]}}