{"id":10232,"date":"2025-01-27T15:40:42","date_gmt":"2025-01-27T14:40:42","guid":{"rendered":"https:\/\/finatnew.newhosting.intellijam.com\/prodotto\/nastro-3m-vhb-gph-060gf\/"},"modified":"2025-11-26T12:03:14","modified_gmt":"2025-11-26T11:03:14","slug":"nastro-3m-vhb-gph-060gf","status":"publish","type":"product","link":"https:\/\/finatsrl.it\/de\/product\/nastro-3m-vhb-gph-060gf\/","title":{"rendered":"Nastro 3M VHB GPH-060GF"},"content":{"rendered":"<div class=\"product-bullet-block\">\n<div class=\"bullet n1\">Adesivo acrilico, grigio, 0.6 mm, con anima in schiuma acrilica conformabile<\/div>\n<div class=\"bullet n2\">Eccellente resistenza alla temperatura nell&#8217;incollaggio di parti metalliche prima della lavorazione a caldo della vernice<\/div>\n<div class=\"bullet n3\">Incollaggi forti e duraturi su un&#8217;ampia gamma di substrati ad energia superficiale medio-alta come metalli, alluminio, ABS, ecc.<\/div>\n<div class=\"bullet n4\">Ottime prestazioni in condizioni estreme, resistenza ai raggi UV e ai solventi<\/div>\n<div class=\"bullet n5\">Elevata resistenza all&#8217;invecchiamento<\/div>\n<div class=\"bullet n6\">Crea una sigillatura permanente contro acqua, umidit\u00e0 e altro ancora<\/div>\n<div class=\"bullet n7\">L&#8217;elevato assorbimento di stress dinamico riduce le vibrazioni e lo stress da urti<\/div>\n<\/div>\n<div class=\"product-description-block\">\n<div class=\"short\">Il modo forte, rapido e semplice per creare legami durevoli e affidabili, eliminando rivetti, viti, bulloni e saldature. I nastri 3M VHB GPH-060GF sono progettati per l&#8217;incollaggio laddove \u00e8 necessaria una tolleranza alle alte temperature, comprese le applicazioni che subiscono un processo di verniciatura a polvere o verniciatura a liquido.<\/div>\n<div class=\"extended\">Progettato per creare fissaggi duraturi e affidabili per incollaggi multimateriali e ad alte temperature.<\/div>\n<\/div>\n","protected":false},"excerpt":{"rendered":"<p>Il modo forte, rapido e semplice per creare legami durevoli e affidabili, eliminando rivetti, viti, bulloni e saldature. I nastri 3M VHB GPH-060GF sono progettati per l&#8217;incollaggio laddove \u00e8 necessaria una tolleranza alle alte temperature, comprese le applicazioni che subiscono un processo di verniciatura a polvere o verniciatura a liquido.<\/p>\n","protected":false},"featured_media":8044,"template":"","meta":{"_acf_changed":false},"product_brand":[3360],"product_cat":[1052,1067],"product_tag":[1096,1093,1097,1092,1095,1094,1091],"class_list":{"0":"post-10232","1":"product","2":"type-product","3":"status-publish","4":"has-post-thumbnail","6":"product_brand-vhb","7":"product_cat-industrial-adhesives-tapes-de","8":"product_cat-foam-tapes-de","9":"product_tag-incollaggio-on-demand","10":"product_tag-nastro-estrudibile","11":"product_tag-nastro-in-schiuma","12":"product_tag-nastro-vhb","13":"product_tag-sistema-di-incollaggio","14":"product_tag-soluzione-di-incollaggio","15":"product_tag-vhb","16":"pa_colore-grigio","18":"first","19":"instock","20":"product-type-simple"},"acf":{"short_description":"Il nastro 3M VHB GPH-060GF \u00e8 la soluzione ideale per applicazioni industriali, offrendo una forza adesiva superiore e una resistenza eccezionale alle condizioni ambientali. Scopri la qualit\u00e0 3M per i tuoi progetti!","long_description":"<p>Il nastro 3M VHB GPH-060GF \u00e8 un prodotto di punta della linea di adesivi e nastri industriali, progettato per garantire prestazioni elevate in una vasta gamma di applicazioni. Questo nastro in schiuma \u00e8 realizzato con una tecnologia avanzata che offre una adesione permanente su diverse superfici, inclusi metallo, vetro e plastica. Grazie alla sua struttura a doppio strato, il GPH-060GF \u00e8 in grado di assorbire vibrazioni e movimenti, rendendolo ideale per l'uso in ambito automobilistico e nelle costruzioni.<\/p>\n<p>Le dimensioni del nastro sono 19 mm di larghezza e 33 m di lunghezza, offrendo una superficie adeguata per molteplici utilizzi. La colla acrilica ad alte prestazioni assicura una resistenza agli agenti atmosferici e ai raggi UV, prolungando la vita del giunto adesivo anche in condizioni estreme. Inoltre, il nastro \u00e8 resistente a temperature variabili, da -40\u00b0C a +100\u00b0C, garantendo stabilit\u00e0 in ambienti difficili.<\/p>\n<p>La facilit\u00e0 di applicazione \u00e8 un altro vantaggio del nastro 3M VHB GPH-060GF; non \u00e8 necessario alcun strumento speciale, rendendo il suo utilizzo semplice e veloce. La sua versatilit\u00e0 lo rende perfetto per settori come il packaging, l'elettronica e l'arredamento.<\/p>\n<p>Scegliere il nastro 3M VHB GPH-060GF significa optare per un prodotto che non solo soddisfa le esigenze tecniche, ma offre anche una soluzione esteticamente gradevole grazie alla sua finitura uniforme. Non accontentarti di meno: per i tuoi progetti industriali, scegli un nastro che unisce efficienza e qualit\u00e0 senza compromessi.<\/p>","feature_1":"Resistenza adesiva superiore su metallo, plastica e vetro","feature_2":"Struttura a doppio strato per assorbire vibrazioni","feature_3":"Resistente alle temperature da -40\u00b0C a +100\u00b0C","feature_4":"Finitura uniforme per un aspetto estetico gradevole","feature_5":"Protezione UV per una durata prolungata all'esterno","feature_6":"Facile applicazione senza strumenti speciali","feature_7":"Larghezza di 19 mm per una versatilit\u00e0 ottimale","feature_8":"Lunghezza di 33 m per utilizzi prolungati","feature_9":"Adesivo acrilico ad alte prestazioni per applicazioni durevoli","feature_10":"Ideale per settori come automotive, elettronica e costruzioni"},"_links":{"self":[{"href":"https:\/\/finatsrl.it\/de\/wp-json\/wp\/v2\/product\/10232","targetHints":{"allow":["GET"]}}],"collection":[{"href":"https:\/\/finatsrl.it\/de\/wp-json\/wp\/v2\/product"}],"about":[{"href":"https:\/\/finatsrl.it\/de\/wp-json\/wp\/v2\/types\/product"}],"wp:featuredmedia":[{"embeddable":true,"href":"https:\/\/finatsrl.it\/de\/wp-json\/wp\/v2\/media\/8044"}],"wp:attachment":[{"href":"https:\/\/finatsrl.it\/de\/wp-json\/wp\/v2\/media?parent=10232"}],"wp:term":[{"taxonomy":"product_brand","embeddable":true,"href":"https:\/\/finatsrl.it\/de\/wp-json\/wp\/v2\/product_brand?post=10232"},{"taxonomy":"product_cat","embeddable":true,"href":"https:\/\/finatsrl.it\/de\/wp-json\/wp\/v2\/product_cat?post=10232"},{"taxonomy":"product_tag","embeddable":true,"href":"https:\/\/finatsrl.it\/de\/wp-json\/wp\/v2\/product_tag?post=10232"}],"curies":[{"name":"wp","href":"https:\/\/api.w.org\/{rel}","templated":true}]}}