{"id":10203,"date":"2025-01-27T15:40:42","date_gmt":"2025-01-27T14:40:42","guid":{"rendered":"https:\/\/finatnew.newhosting.intellijam.com\/prodotto\/nastro-3m-vhb-gph-160gf\/"},"modified":"2025-11-26T12:03:13","modified_gmt":"2025-11-26T11:03:13","slug":"nastro-3m-vhb-gph-160gf","status":"publish","type":"product","link":"https:\/\/finatsrl.it\/de\/product\/nastro-3m-vhb-gph-160gf\/","title":{"rendered":"Nastro 3M VHB GPH-160GF"},"content":{"rendered":"<div class=\"product-bullet-block\">\n<div class=\"bullet n1\">Adesivo acrilico, grigio, 1.6 mm, con anima in schiuma acrilica conformabile<\/div>\n<div class=\"bullet n2\">Eccellente resistenza alla temperatura nell&#8217;incollaggio di parti metalliche prima della lavorazione a caldo della vernice<\/div>\n<div class=\"bullet n3\">Incollaggi forti e duraturi su un&#8217;ampia gamma di substrati ad energia superficiale medio-alta come metalli, alluminio, ABS, ecc.<\/div>\n<div class=\"bullet n4\">Ottime prestazioni in condizioni estreme, resistenza ai raggi UV e ai solventi<\/div>\n<div class=\"bullet n5\">Elevata resistenza all&#8217;invecchiamento<\/div>\n<div class=\"bullet n6\">Crea una sigillatura permanente contro acqua, umidit\u00e0 e altro ancora<\/div>\n<div class=\"bullet n7\">L&#8217;elevato assorbimento di stress dinamico riduce le vibrazioni e lo stress da urti<\/div>\n<\/div>\n<div class=\"product-description-block\">\n<div class=\"short\">Il modo forte, rapido e semplice per creare incollaggi durevoli e affidabili, eliminando rivetti, viti, bulloni e saldature. I nastri 3M VHB GPH-160GF sono progettati per l&#8217;incollaggio laddove \u00e8 necessaria una tolleranza alle alte temperature, comprese le applicazioni che subiscono un processo di verniciatura a polvere o verniciatura a liquido.<\/div>\n<div class=\"extended\">Progettato per creare fissaggi duraturi e affidabili per incollaggi multimateriali e ad alte temperature.<\/div>\n<\/div>\n","protected":false},"excerpt":{"rendered":"<p>Il modo forte, rapido e semplice per creare incollaggi durevoli e affidabili, eliminando rivetti, viti, bulloni e saldature. I nastri 3M VHB GPH-160GF sono progettati per l&#8217;incollaggio laddove \u00e8 necessaria una tolleranza alle alte temperature, comprese le applicazioni che subiscono un processo di verniciatura a polvere o verniciatura a liquido.<\/p>\n","protected":false},"featured_media":8040,"template":"","meta":{"_acf_changed":false},"product_brand":[3360],"product_cat":[29,269],"product_tag":[1096,1093,1097,1092,1095,1094,1091],"class_list":{"0":"post-10203","1":"product","2":"type-product","3":"status-publish","4":"has-post-thumbnail","6":"product_brand-vhb","7":"product_cat-adesivi-e-nastri-industriali","8":"product_cat-nastri-in-schiuma","9":"product_tag-incollaggio-on-demand","10":"product_tag-nastro-estrudibile","11":"product_tag-nastro-in-schiuma","12":"product_tag-nastro-vhb","13":"product_tag-sistema-di-incollaggio","14":"product_tag-soluzione-di-incollaggio","15":"product_tag-vhb","16":"pa_colore-grigio","18":"first","19":"instock","20":"product-type-simple"},"acf":{"short_description":"Il Nastro 3M VHB GPH-160GF \u00e8 la soluzione ideale per applicazioni industriali che richiedono una resistenza duratura. Approfitta della sua tecnologia avanzata per adesivi e nastri industriali.","long_description":"<p>Il Nastro 3M VHB GPH-160GF rappresenta una delle soluzioni pi\u00f9 avanzate nel settore degli adesivi e nastri industriali. Progettato per garantire un'adesione superiore su una variet\u00e0 di superfici, questo nastro \u00e8 composto da schiuma acrilica che offre un'ottima resistenza agli agenti atmosferici e alle sollecitazioni meccaniche. Grazie alla sua elasticit\u00e0 e flessibilit\u00e0, il nastro \u00e8 in grado di adattarsi a superfici irregolari, assicurando una tenuta perfetta anche nei contesti pi\u00f9 impegnativi.<\/p>\n<p>Una delle caratteristiche distintive di questo prodotto \u00e8 la sua capacit\u00e0 di resistere a temperature elevate, fino a 90\u00b0C, rendendolo adatto per applicazioni in ambienti caldi. Inoltre, il Nastro 3M VHB GPH-160GF \u00e8 progettato per avere una resistenza chimica eccellente, proteggendo le giunzioni da solventi e detergenti.<\/p>\n<p>L'applicazione \u00e8 semplice e veloce: il nastro \u00e8 dotato di un adesivo ad alta tenuta che non necessita di attrezzature speciali per la posa, riducendo i tempi di installazione e aumentando l'efficienza del processo produttivo. Questo prodotto \u00e8 ideale per l'assemblaggio di componenti in metallo, plastica e vetro, rendendolo perfetto per una vasta gamma di applicazioni industriali.<\/p>\n<p>La sua versatilit\u00e0 non si limita solo all'industria: \u00e8 anche perfetto per utilizzi domestici e artigianali dove \u00e8 richiesta una qualit\u00e0 di adesione elevata. Scegliere il Nastro 3M VHB GPH-160GF significa optare per un prodotto che garantisce prestazioni superiori e una durata nel tempo, riducendo la necessit\u00e0 di riparazioni e manutenzioni frequenti.<\/p>","feature_1":"Adesione immediata e duratura su molteplici superfici","feature_2":"Resistenza termica fino a 90\u00b0C","feature_3":"Alta resistenza agli agenti chimici e atmosferici","feature_4":"Adatto per applicazioni su superfici irregolari","feature_5":"Facilit\u00e0 di applicazione senza necessit\u00e0 di attrezzature speciali","feature_6":"Spessore della schiuma di 1,6 mm per una tenuta ottimale","feature_7":"Eccellente capacit\u00e0 di assorbimento delle vibrazioni","feature_8":"Non lascia residui adesivi una volta rimosso","feature_9":"Compatibile con metalli, plastica e vetro","feature_10":"Ideale per utilizzo industriale e domestico"},"_links":{"self":[{"href":"https:\/\/finatsrl.it\/de\/wp-json\/wp\/v2\/product\/10203","targetHints":{"allow":["GET"]}}],"collection":[{"href":"https:\/\/finatsrl.it\/de\/wp-json\/wp\/v2\/product"}],"about":[{"href":"https:\/\/finatsrl.it\/de\/wp-json\/wp\/v2\/types\/product"}],"wp:featuredmedia":[{"embeddable":true,"href":"https:\/\/finatsrl.it\/de\/wp-json\/wp\/v2\/media\/8040"}],"wp:attachment":[{"href":"https:\/\/finatsrl.it\/de\/wp-json\/wp\/v2\/media?parent=10203"}],"wp:term":[{"taxonomy":"product_brand","embeddable":true,"href":"https:\/\/finatsrl.it\/de\/wp-json\/wp\/v2\/product_brand?post=10203"},{"taxonomy":"product_cat","embeddable":true,"href":"https:\/\/finatsrl.it\/de\/wp-json\/wp\/v2\/product_cat?post=10203"},{"taxonomy":"product_tag","embeddable":true,"href":"https:\/\/finatsrl.it\/de\/wp-json\/wp\/v2\/product_tag?post=10203"}],"curies":[{"name":"wp","href":"https:\/\/api.w.org\/{rel}","templated":true}]}}