{"id":10151,"date":"2025-01-27T15:40:20","date_gmt":"2025-01-27T14:40:20","guid":{"rendered":"https:\/\/finatnew.newhosting.intellijam.com\/prodotto\/adesivo-acrilico-a-basso-odore-3m-scotch-weld-dp8010\/"},"modified":"2025-11-26T12:03:10","modified_gmt":"2025-11-26T11:03:10","slug":"adesivo-acrilico-a-basso-odore-3m-scotch-weld-dp8010","status":"publish","type":"product","link":"https:\/\/finatsrl.it\/de\/product\/adesivo-acrilico-a-basso-odore-3m-scotch-weld-dp8010\/","title":{"rendered":"Adesivo acrilico a basso odore 3M Scotch-Weld DP8010"},"content":{"rendered":"<div class=\"product-bullet-block\">\n<div class=\"bullet n1\">Crea legami forti su materie plastiche a bassa energia superficiale come poliolefine con una preparazione superficiale minima o assente<\/div>\n<div class=\"bullet n2\">Resiste a molti prodotti chimici, acqua, umidit\u00e0 e corrosione<\/div>\n<div class=\"bullet n3\">Progettato per incollare assemblaggi multimateriali come materie plastiche LSE, termoplastiche, compositi e metalli<\/div>\n<div class=\"bullet n4\">Facile misceltazione ed erogazione, viscosit\u00e0 media, legami rigidi<\/div>\n<div class=\"bullet n5\">Tempo aperto di 10 minuti, manipolabile approssimativamente in 2 ore<\/div>\n<div class=\"bullet n6\"><\/div>\n<div class=\"bullet n7\"><\/div>\n<\/div>\n<div class=\"product-description-block\">\n<div class=\"short\">L&#8217;adesivo strutturale 3M Scotch-Weld DP8010 \u00e8 un adesivo acrilico bicomponente appositamente formulato per incollare molte materie plastiche a bassa energia superficiale, inclusi molti gradi di polipropilene, polietilene ed elastomeri termoplastici senza una particolare preparazione della superficie.<\/div>\n<div class=\"extended\">Adesivo acrilico elastico bicomponente progettato per l&#8217;incollaggio di substrati a bassa energia superficiale (ad es. polipropilene, polietilene, TPE &#8211; elastomeri termoplastici).<\/div>\n<\/div>\n","protected":false},"excerpt":{"rendered":"<p>L&#8217;adesivo strutturale 3M Scotch-Weld DP8010 \u00e8 un adesivo acrilico bicomponente appositamente formulato per incollare molte materie plastiche a bassa energia superficiale, inclusi molti gradi di polipropilene, polietilene ed elastomeri termoplastici senza una particolare preparazione della superficie.<\/p>\n","protected":false},"featured_media":8016,"template":"","meta":{"_acf_changed":false},"product_brand":[3346],"product_cat":[29,288],"product_tag":[1109,1108],"class_list":{"0":"post-10151","1":"product","2":"type-product","3":"status-publish","4":"has-post-thumbnail","6":"product_brand-scotch-weld","7":"product_cat-adesivi-e-nastri-industriali","8":"product_cat-adesivi-strutturali","9":"product_tag-colla-acrilica","10":"product_tag-resina-acrilica","12":"first","13":"instock","14":"product-type-simple"},"acf":{"short_description":"L'adesivo acrilico a basso odore 3M Scotch-Weld DP8010 \u00e8 la soluzione ideale per unire materiali in modo rapido e duraturo, senza odori sgradevoli. Perfetto per applicazioni industriali che richiedono precisione e affidabilit\u00e0.","long_description":"<p>L'adesivo acrilico a basso odore 3M Scotch-Weld DP8010 rappresenta una rivoluzione nel mondo degli adesivi e nastri industriali, offrendo una performance eccezionale insieme a un'innovativa formula a basso odore. Questo prodotto \u00e8 progettato per garantire un incollaggio efficace e duraturo su una vasta gamma di superfici, rendendolo ideale per applicazioni strutturali in vari settori. La sua versatilit\u00e0 lo rende perfetto per l'uso su materiali come plastica, metallo, legno e vetro, assicurando risultati ottimali anche in condizioni ambientali difficili.<\/p>\n<p>Le caratteristiche principali del 3M Scotch-Weld DP8010 includono un tempo di indurimento rapido, che consente di ridurre i tempi di lavorazione e aumentare la produttivit\u00e0. Grazie alla sua formulazione, \u00e8 in grado di resistere a temperature elevate e a condizioni di umidit\u00e0, mantenendo nel tempo l'integrit\u00e0 del legame. Inoltre, il basso odore lo rende adatto per l'uso in ambienti chiusi, garantendo un ambiente di lavoro pi\u00f9 confortevole per gli operatori.<\/p>\n<p>Questo adesivo non solo offre prestazioni eccellenti, ma \u00e8 anche facile da applicare grazie al suo sistema di dosaggio preciso, che riduce sprechi e ottimizza i costi. Con una resistenza all'impatto superiore, \u00e8 particolarmente indicato per applicazioni che richiedono un'elevata robustezza e durata. Che tu stia lavorando su progetti di assemblaggio, riparazione o fabbricazione, il 3M Scotch-Weld DP8010 ti offre la sicurezza di un legame forte e affidabile.<\/p>\n<p>In conclusione, l'adesivo acrilico a basso odore 3M Scotch-Weld DP8010 non \u00e8 solo un prodotto, ma una soluzione completa per le tue esigenze di incollaggio industriale. Scegli la qualit\u00e0 e l'affidabilit\u00e0 di un marchio leader come 3M per il tuo prossimo progetto.<\/p>","feature_1":"Formula a basso odore per un ambiente di lavoro confortevole","feature_2":"Indurimento rapido per massimizzare la produttivit\u00e0","feature_3":"Eccellente adesione su plastica, metallo, legno e vetro","feature_4":"Resistente a temperature elevate e condizioni di umidit\u00e0","feature_5":"Resistenza all'impatto superiore per applicazioni strutturali","feature_6":"Facile applicazione grazie al sistema di dosaggio preciso","feature_7":"Non contiene solventi, riducendo i rischi per la salute","feature_8":"Elevata durabilit\u00e0 garantita nel tempo","feature_9":"Compatibile con un\u2019ampia gamma di superfici e materiali","feature_10":"Sviluppato da 3M, leader nel settore degli adesivi industriali"},"_links":{"self":[{"href":"https:\/\/finatsrl.it\/de\/wp-json\/wp\/v2\/product\/10151","targetHints":{"allow":["GET"]}}],"collection":[{"href":"https:\/\/finatsrl.it\/de\/wp-json\/wp\/v2\/product"}],"about":[{"href":"https:\/\/finatsrl.it\/de\/wp-json\/wp\/v2\/types\/product"}],"wp:featuredmedia":[{"embeddable":true,"href":"https:\/\/finatsrl.it\/de\/wp-json\/wp\/v2\/media\/8016"}],"wp:attachment":[{"href":"https:\/\/finatsrl.it\/de\/wp-json\/wp\/v2\/media?parent=10151"}],"wp:term":[{"taxonomy":"product_brand","embeddable":true,"href":"https:\/\/finatsrl.it\/de\/wp-json\/wp\/v2\/product_brand?post=10151"},{"taxonomy":"product_cat","embeddable":true,"href":"https:\/\/finatsrl.it\/de\/wp-json\/wp\/v2\/product_cat?post=10151"},{"taxonomy":"product_tag","embeddable":true,"href":"https:\/\/finatsrl.it\/de\/wp-json\/wp\/v2\/product_tag?post=10151"}],"curies":[{"name":"wp","href":"https:\/\/api.w.org\/{rel}","templated":true}]}}