{"id":10115,"date":"2025-01-27T15:40:20","date_gmt":"2025-01-27T14:40:20","guid":{"rendered":"https:\/\/finatnew.newhosting.intellijam.com\/prodotto\/nastro-per-segnaletica-di-sicurezza-3m-5702\/"},"modified":"2025-11-26T12:02:57","modified_gmt":"2025-11-26T11:02:57","slug":"nastro-per-segnaletica-di-sicurezza-3m-5702","status":"publish","type":"product","link":"https:\/\/finatsrl.it\/de\/product\/nastro-per-segnaletica-di-sicurezza-3m-5702\/","title":{"rendered":"Nastro per segnaletica di sicurezza 3M 5702"},"content":{"rendered":"<div class=\"product-bullet-block\">\n<div class=\"bullet n1\">Nastro a strisce gialle e nere per aree pericolose<\/div>\n<div class=\"bullet n2\">Facile da applicare, si estende intorno agli angoli per un adattamento affidabile<\/div>\n<div class=\"bullet n3\">Eccellente durabilit\u00e0, resistenza all&#8217;abrasione e ai solventi<\/div>\n<div class=\"bullet n4\">Legami forti sulla maggior parte delle pavimentazioni, eccellente potere di tenuta<\/div>\n<div class=\"bullet n5\">Rimozione pulita in un unico pezzo da molte superfici, minori costi di pulizia<\/div>\n<div class=\"bullet n6\"><\/div>\n<div class=\"bullet n7\"><\/div>\n<\/div>\n<div class=\"product-description-block\">\n<div class=\"short\">Il nastro di sicurezza 3M 5702 a striscie, \u00e8 progettato per fornire chiare indicazioni di sicurezza per corsie di marcia e pedonali, aree pericolose, attrezzature sporgenti e oggetti sospesi bassi.<\/div>\n<div class=\"extended\">Sviluppato per fornire chiare indicazioni di sicurezza per corsie di marcia e pedonali, aree pericolose, attrezzature sporgenti e oggetti sospesi bassi.<\/div>\n<\/div>\n","protected":false},"excerpt":{"rendered":"<p>Il nastro di sicurezza 3M 5702 a striscie, \u00e8 progettato per fornire chiare indicazioni di sicurezza per corsie di marcia e pedonali, aree pericolose, attrezzature sporgenti e oggetti sospesi bassi.<\/p>\n","protected":false},"featured_media":8000,"template":"","meta":{"_acf_changed":false},"product_brand":[3337],"product_cat":[29,801],"product_tag":[1376,1377,1378,1375,1373,1372,1379,1371,1374,1370],"class_list":{"0":"post-10115","1":"product","2":"type-product","3":"status-publish","4":"has-post-thumbnail","6":"product_brand-3m","7":"product_cat-adesivi-e-nastri-industriali","8":"product_cat-nastri-per-schermature-e-alte-prestazioni","9":"product_tag-codifica-dei-colori","10":"product_tag-fasciatura","11":"product_tag-marcatura-di-sicurezza","12":"product_tag-nastri-a-strisce-di-sicurezza","13":"product_tag-nastro-di-avvertimento","14":"product_tag-nastro-di-pericolo","15":"product_tag-nastro-di-riparazione","16":"product_tag-nastro-in-vinile","17":"product_tag-nastro-pvc","18":"product_tag-nastro-segnaletico-per-pavimenti","19":"pa_colore-giallo","21":"first","22":"instock","23":"product-type-simple"},"acf":{"short_description":"Il nastro per segnaletica di sicurezza 3M 5702 offre una visibilit\u00e0 eccezionale e una resistenza straordinaria. Ideale per applicazioni industriali, garantisce sicurezza e ordine in ogni ambiente di lavoro.","long_description":"<p>Il nastro per segnaletica di sicurezza 3M 5702 \u00e8 una soluzione innovativa e altamente performante per garantire la sicurezza nei luoghi di lavoro. Progettato per resistere a condizioni ambientali avverse, questo nastro \u00e8 particolarmente utile in aree industriali e commerciali dove \u00e8 fondamentale mantenere la visibilit\u00e0 e l'ordine. La sua superficie autoadesiva consente un'applicazione semplice e veloce su diverse superfici, rendendolo un alleato indispensabile in ogni contesto lavorativo.<\/p>\n<p>Realizzato con materiali di alta qualit\u00e0, il nastro 3M 5702 offre una durata superiore rispetto ai prodotti concorrenti. La sua composizione garantisce una resistenza agli agenti chimici e all'abrasione, assicurando che la segnaletica rimanga intatta anche in ambienti difficili. Inoltre, il design ad alta visibilit\u00e0 rende il nastro facilmente riconoscibile, riducendo il rischio di incidenti e migliorando la sicurezza generale.<\/p>\n<p>Grazie alla sua versatilit\u00e0, il nastro per segnaletica di sicurezza 3M 5702 \u00e8 ideale per una vasta gamma di applicazioni, dalle aree di lavoro alle strade, fino ai cantieri. Pu\u00f2 essere utilizzato per creare percorsi sicuri, delimitare zone pericolose o segnalare punti di accesso. La sua capacit\u00e0 di aderire a superfici verticali e orizzontali lo rende estremamente pratico per ogni esigenza di segnalazione.<\/p>\n<p>In conclusione, il nastro per segnaletica di sicurezza 3M 5702 \u00e8 una scelta strategica per chi cerca una soluzione efficace e duratura nel campo degli adesivi e nastri industriali. Con la sua eccellente visibilit\u00e0 e resistenza, rappresenta un investimento sicuro per la sicurezza nei luoghi di lavoro.<\/p>","feature_1":"Materiale: PVC di alta qualit\u00e0 per una maggiore durata","feature_2":"Visibilit\u00e0: design ad alta visibilit\u00e0 per una segnalazione efficace","feature_3":"Autoadesivo: facile applicazione su diverse superfici","feature_4":"Resistenza: resistente a solventi e agenti chimici","feature_5":"Temperatura di esercizio: da -10\u00b0C a +60\u00b0C per adattarsi a diverse condizioni ambientali","feature_6":"Spessore: 0.15 mm per una robustezza ottimale","feature_7":"Dimensioni: disponibile in rotoli da 50 mm x 33 m per utilizzi versatili","feature_8":"Applicazione: ideale per lavori interni ed esterni","feature_9":"Adesione: forte adesione iniziale e a lungo termine per risultati duraturi","feature_10":"Certificazioni: conforme alle normative di sicurezza per applicazioni industriali"},"_links":{"self":[{"href":"https:\/\/finatsrl.it\/de\/wp-json\/wp\/v2\/product\/10115","targetHints":{"allow":["GET"]}}],"collection":[{"href":"https:\/\/finatsrl.it\/de\/wp-json\/wp\/v2\/product"}],"about":[{"href":"https:\/\/finatsrl.it\/de\/wp-json\/wp\/v2\/types\/product"}],"wp:featuredmedia":[{"embeddable":true,"href":"https:\/\/finatsrl.it\/de\/wp-json\/wp\/v2\/media\/8000"}],"wp:attachment":[{"href":"https:\/\/finatsrl.it\/de\/wp-json\/wp\/v2\/media?parent=10115"}],"wp:term":[{"taxonomy":"product_brand","embeddable":true,"href":"https:\/\/finatsrl.it\/de\/wp-json\/wp\/v2\/product_brand?post=10115"},{"taxonomy":"product_cat","embeddable":true,"href":"https:\/\/finatsrl.it\/de\/wp-json\/wp\/v2\/product_cat?post=10115"},{"taxonomy":"product_tag","embeddable":true,"href":"https:\/\/finatsrl.it\/de\/wp-json\/wp\/v2\/product_tag?post=10115"}],"curies":[{"name":"wp","href":"https:\/\/api.w.org\/{rel}","templated":true}]}}