{"id":10113,"date":"2025-01-27T15:40:20","date_gmt":"2025-01-27T14:40:20","guid":{"rendered":"https:\/\/finatnew.newhosting.intellijam.com\/prodotto\/nastro-da-imballo-rinforzato-senza-residui-scotch-8915\/"},"modified":"2025-11-26T12:02:56","modified_gmt":"2025-11-26T11:02:56","slug":"nastro-da-imballo-rinforzato-senza-residui-scotch-8915","status":"publish","type":"product","link":"https:\/\/finatsrl.it\/de\/product\/nastro-da-imballo-rinforzato-senza-residui-scotch-8915\/","title":{"rendered":"Nastro da imballo rinforzato senza residui Scotch&reg; 8915"},"content":{"rendered":"<div class=\"product-bullet-block\">\n<div class=\"bullet n1\">Si rimuove in modo pulito e senza macchie dalla maggior parte delle finiture<\/div>\n<div class=\"bullet n2\">Elevata aderenza iniziale alla maggior parte delle fibre, materie plastiche e superfici metalliche<\/div>\n<div class=\"bullet n3\">Eccellente resistenza all&#8217;umidit\u00e0 e ai graffi<\/div>\n<div class=\"bullet n4\">Elevata resistenza alla trazione ideale per applicazioni di reggiatura, raggruppamento e rinforzo<\/div>\n<div class=\"bullet n5\">In grado di resistere a condizioni di spedizione e gestione difficili<\/div>\n<div class=\"bullet n6\">Tollera spedizioni e condizioni di manipolazione gravose<\/div>\n<div class=\"bullet n7\"><\/div>\n<\/div>\n<div class=\"product-description-block\">\n<div class=\"short\">Il nastro filament 3M 8915 \u00e8 progettato per mantenere in posizione parti degli apparecchi e altri beni di consumo durante la produzione e la spedizione. Fornisce un&#8217;adesione elevata su un&#8217;ampia variet\u00e0 di substrati, si rimuove in modo pulito ed \u00e8 resistente alle macchie su alcune finiture.<\/div>\n<div class=\"extended\">Rimozione pulita del nastro filament, progettato per contenere le parti degli apparecchi e altri beni di consumo durante la produzione e la spedizione.<\/div>\n<\/div>\n","protected":false},"excerpt":{"rendered":"<p>Il nastro filament 3M 8915 \u00e8 progettato per mantenere in posizione parti degli apparecchi e altri beni di consumo durante la produzione e la spedizione. Fornisce un&#8217;adesione elevata su un&#8217;ampia variet\u00e0 di substrati, si rimuove in modo pulito ed \u00e8 resistente alle macchie su alcune finiture.<\/p>\n","protected":false},"featured_media":7855,"template":"","meta":{"_acf_changed":false},"product_brand":[3414],"product_cat":[29,891],"product_tag":[1248,1301],"class_list":{"0":"post-10113","1":"product","2":"type-product","3":"status-publish","4":"has-post-thumbnail","6":"product_brand-scotch","7":"product_cat-adesivi-e-nastri-industriali","8":"product_cat-nastri-rinforzati","9":"product_tag-nastro","10":"product_tag-rinforzato","11":"pa_colore-trasparente","13":"first","14":"instock","15":"product-type-simple"},"acf":{"short_description":"Il Nastro da imballo rinforzato senza residui Scotch&reg; 8915 \u00e8 la soluzione ideale per imballaggi professionali. Offre robustezza e adesione senza lasciare tracce.","long_description":"<p>Il Nastro da imballo rinforzato senza residui Scotch&reg; 8915 \u00e8 la scelta perfetta per chi cerca un prodotto di alta qualit\u00e0 per l\u2019imballaggio. Grazie alla sua costruzione rinforzata, questo nastro offre una resistenza eccezionale, ideale per soddisfare le esigenze di imballaggio pi\u00f9 rigorose nel settore industriale. Non solo garantisce un\u2019ottima adesione, ma \u00e8 progettato per non lasciare residui appiccicosi, assicurando che le superfici rimangano pulite e intatte dopo l\u2019apertura.<\/p>\n<p>Realizzato con materiali di alta qualit\u00e0, il nastro Scotch&reg; 8915 \u00e8 estremamente versatile e si adatta facilmente a diverse superfici, dai cartoni ondulati ai materiali plastici. La sua larghezza di 50 mm e la lunghezza di 50 metri rendono questo nastro perfetto per ogni tipo di applicazione, dal fissaggio al rinforzo, fino alla chiusura di pacchi pesanti. Inoltre, la sua resistenza alle temperature estreme e all\u2019umidit\u00e0 garantisce prestazioni costanti, anche in condizioni ambientali difficili.<\/p>\n<p>La facilit\u00e0 d\u2019uso \u00e8 un altro punto di forza del Nastro da imballo rinforzato Scotch&reg; 8915: si applica senza sforzo e si strappa facilmente, riducendo i tempi di preparazione degli imballaggi. Questa caratteristica lo rende particolarmente utile in contesti di lavoro frenetici, dove l\u2019efficienza \u00e8 fondamentale. Con il nastro Scotch&reg; 8915, potrai aumentare la tua produttivit\u00e0 senza compromettere la qualit\u00e0 dell\u2019imballaggio.<\/p>\n<p>Scegli il Nastro da imballo rinforzato senza residui Scotch&reg; 8915 per garantire imballaggi sicuri e professionali. Perfetto per aziende che necessitano di soluzioni affidabili, questo prodotto rappresenta un valore aggiunto per ogni attivit\u00e0 industriale. Non lasciare nulla al caso: investi in un nastro che fa la differenza!<\/p>","feature_1":"Resistenza eccezionale per imballaggi pesanti","feature_2":"Non lascia residui appiccicosi","feature_3":"Facile da applicare e strappare","feature_4":"Adesione ottimale su diverse superfici","feature_5":"Impermeabile e resistente all'umidit\u00e0","feature_6":"Resistente a temperature estreme","feature_7":"Larghezza di 50 mm per una copertura ampia","feature_8":"Lunghezza di 50 metri per applicazioni prolungate","feature_9":"Ideale per uso industriale e professionale","feature_10":"Certificato per standard di qualit\u00e0 elevati"},"_links":{"self":[{"href":"https:\/\/finatsrl.it\/de\/wp-json\/wp\/v2\/product\/10113","targetHints":{"allow":["GET"]}}],"collection":[{"href":"https:\/\/finatsrl.it\/de\/wp-json\/wp\/v2\/product"}],"about":[{"href":"https:\/\/finatsrl.it\/de\/wp-json\/wp\/v2\/types\/product"}],"wp:featuredmedia":[{"embeddable":true,"href":"https:\/\/finatsrl.it\/de\/wp-json\/wp\/v2\/media\/7855"}],"wp:attachment":[{"href":"https:\/\/finatsrl.it\/de\/wp-json\/wp\/v2\/media?parent=10113"}],"wp:term":[{"taxonomy":"product_brand","embeddable":true,"href":"https:\/\/finatsrl.it\/de\/wp-json\/wp\/v2\/product_brand?post=10113"},{"taxonomy":"product_cat","embeddable":true,"href":"https:\/\/finatsrl.it\/de\/wp-json\/wp\/v2\/product_cat?post=10113"},{"taxonomy":"product_tag","embeddable":true,"href":"https:\/\/finatsrl.it\/de\/wp-json\/wp\/v2\/product_tag?post=10113"}],"curies":[{"name":"wp","href":"https:\/\/api.w.org\/{rel}","templated":true}]}}