{"id":10097,"date":"2025-01-27T15:40:20","date_gmt":"2025-01-27T14:40:20","guid":{"rendered":"https:\/\/finatnew.newhosting.intellijam.com\/prodotto\/nastro-rinforzato-tartan-8954\/"},"modified":"2025-11-26T12:02:55","modified_gmt":"2025-11-26T11:02:55","slug":"nastro-rinforzato-tartan-8954","status":"publish","type":"product","link":"https:\/\/finatsrl.it\/de\/product\/nastro-rinforzato-tartan-8954\/","title":{"rendered":"Nastro rinforzato Tartan 8954"},"content":{"rendered":"<div class=\"product-bullet-block\">\n<div class=\"bullet n1\">Nastro filament economico e affidabile per rinforzo, spedizione, giunzione e pallettizzazione di scatole di peso medio<\/div>\n<div class=\"bullet n2\">Resistenza allo strappo in direzione della macchina e trasversale<\/div>\n<div class=\"bullet n3\">Buona aderenza iniziale alla maggior parte delle superfici<\/div>\n<div class=\"bullet n4\">Resiste a intaccature, abrasioni, umidit\u00e0 e rigature<\/div>\n<div class=\"bullet n5\">La trasparenza offre una chiara visibilit\u00e0 delle grafiche, stampe e illustazioni della scatola<\/div>\n<div class=\"bullet n6\"><\/div>\n<div class=\"bullet n7\"><\/div>\n<\/div>\n<div class=\"product-description-block\">\n<div class=\"short\">Il nastro Filament Tartan 3M 8954 per uso generale, \u00e8 utilizzato principalmente per tenere scatole insieme su pallet, raggruppare prodotti medio-leggeri. I filamenti in fibra di vetro scorrono in modo bidirezionale e offrono quindi un&#8217;elevata resistenza alla trazione in tutta la larghezza e la lunghezza del nastro.<\/div>\n<div class=\"extended\">Nastro Filament per uso generico utilizzato per tenere insieme scatole su pallet, recuperare lacerato, raggruppare prodotti medio-leggeri.<\/div>\n<\/div>\n","protected":false},"excerpt":{"rendered":"<p>Il nastro Filament Tartan 3M 8954 per uso generale, \u00e8 utilizzato principalmente per tenere scatole insieme su pallet, raggruppare prodotti medio-leggeri. I filamenti in fibra di vetro scorrono in modo bidirezionale e offrono quindi un&#8217;elevata resistenza alla trazione in tutta la larghezza e la lunghezza del nastro.<\/p>\n","protected":false},"featured_media":7990,"template":"","meta":{"_acf_changed":false},"product_brand":[3429],"product_cat":[29,891],"product_tag":[1248,1301,1401],"class_list":{"0":"post-10097","1":"product","2":"type-product","3":"status-publish","4":"has-post-thumbnail","6":"product_brand-tartan","7":"product_cat-adesivi-e-nastri-industriali","8":"product_cat-nastri-rinforzati","9":"product_tag-nastro","10":"product_tag-rinforzato","11":"product_tag-tramato","12":"pa_colore-trasparente","14":"first","15":"instock","16":"product-type-simple"},"acf":{"short_description":"Il Nastro rinforzato Tartan 8954 \u00e8 la soluzione perfetta per applicazioni industriali che richiedono resistenza e affidabilit\u00e0. Grazie alla sua composizione avanzata, garantisce prestazioni eccellenti in ogni situazione.","long_description":"<p>Il Nastro rinforzato Tartan 8954, prodotto da Finat SRL, rappresenta l'eccellenza nel campo degli adesivi e nastri industriali. Progettato per affrontare le sfide delle applicazioni pi\u00f9 impegnative, questo nastro rinforzato offre una combinazione unica di robustezza e versatilit\u00e0. Con una larghezza di 50 mm e una lunghezza di 50 metri, \u00e8 perfetto per una variet\u00e0 di utilizzi, dall'imballaggio alla riparazione. La sua composizione in poliestere garantisce un'adesione ottimale su diverse superfici, rendendolo ideale per ambienti di lavoro variabili.<\/p>\n<p>Il Nastro rinforzato Tartan 8954 \u00e8 resistente a temperature estreme, da -10\u00b0C a +60\u00b0C, assicurando prestazioni costanti anche in condizioni difficili. Inoltre, la sua resistenza all'umidit\u00e0 e ai solventi lo rende adatto per utilizzi sia interni che esterni. La facilit\u00e0 di applicazione e la capacit\u00e0 di rimanere stabile nel tempo lo rendono una scelta preferita per professionisti e aziende. Questo nastro non solo offre un'adesione immediata, ma mantiene anche la sua integrit\u00e0 nel tempo, riducendo al minimo la necessit\u00e0 di interventi di manutenzione.<\/p>\n<p>Scegliere il Nastro rinforzato Tartan 8954 significa investire in un prodotto di alta qualit\u00e0 che non ti deluder\u00e0. Con una resistenza alla trazione superiore e una notevole capacit\u00e0 di carico, pu\u00f2 affrontare anche i progetti pi\u00f9 impegnativi. Inoltre, \u00e8 disponibile in diverse varianti di colore, permettendo di adattarlo a qualsiasi applicazione o necessit\u00e0 estetica. Non compromettere la qualit\u00e0: scegli il Nastro rinforzato Tartan 8954 per le tue esigenze industriali e scopri il vero significato di affidabilit\u00e0 e prestazioni elevate.<\/p>","feature_1":"Larghezza di 50 mm per una maggiore copertura","feature_2":"Lunghezza di 50 metri per utilizzi prolungati","feature_3":"Composizione in poliestere per resistenza superiore","feature_4":"Resistente a temperature da -10\u00b0C a +60\u00b0C","feature_5":"Eccellente resistenza all'umidit\u00e0 e ai solventi","feature_6":"Adesione immediata su diverse superfici","feature_7":"Stabilit\u00e0 nel tempo per ridurre manutenzioni","feature_8":"Disponibile in vari colori per applicazioni personalizzate","feature_9":"Resistenza alla trazione elevata per carichi pesanti","feature_10":"Facile da applicare e maneggiare per tutti gli utenti"},"_links":{"self":[{"href":"https:\/\/finatsrl.it\/de\/wp-json\/wp\/v2\/product\/10097","targetHints":{"allow":["GET"]}}],"collection":[{"href":"https:\/\/finatsrl.it\/de\/wp-json\/wp\/v2\/product"}],"about":[{"href":"https:\/\/finatsrl.it\/de\/wp-json\/wp\/v2\/types\/product"}],"wp:featuredmedia":[{"embeddable":true,"href":"https:\/\/finatsrl.it\/de\/wp-json\/wp\/v2\/media\/7990"}],"wp:attachment":[{"href":"https:\/\/finatsrl.it\/de\/wp-json\/wp\/v2\/media?parent=10097"}],"wp:term":[{"taxonomy":"product_brand","embeddable":true,"href":"https:\/\/finatsrl.it\/de\/wp-json\/wp\/v2\/product_brand?post=10097"},{"taxonomy":"product_cat","embeddable":true,"href":"https:\/\/finatsrl.it\/de\/wp-json\/wp\/v2\/product_cat?post=10097"},{"taxonomy":"product_tag","embeddable":true,"href":"https:\/\/finatsrl.it\/de\/wp-json\/wp\/v2\/product_tag?post=10097"}],"curies":[{"name":"wp","href":"https:\/\/api.w.org\/{rel}","templated":true}]}}