{"id":10024,"date":"2025-01-27T15:39:40","date_gmt":"2025-01-27T14:39:40","guid":{"rendered":"https:\/\/finatnew.newhosting.intellijam.com\/prodotto\/nastro-in-poliestere-3m-8902\/"},"modified":"2025-11-26T12:02:51","modified_gmt":"2025-11-26T11:02:51","slug":"nastro-in-poliestere-3m-8902","status":"publish","type":"product","link":"https:\/\/finatsrl.it\/de\/product\/nastro-in-poliestere-3m-8902\/","title":{"rendered":"Nastro in poliestere 3M 8902"},"content":{"rendered":"<div class=\"product-bullet-block\">\n<div class=\"bullet n1\">Funziona in condizioni difficili e alte temperature che vanno da -50 \u00b0C a 204 \u00b0C<\/div>\n<div class=\"bullet n2\">Rimozione pulita durante operazioni di mascheratura ad elevate temperature come la verniciatura a polvere<\/div>\n<div class=\"bullet n3\">Eccellente resistenza termica, all&#8217;abrasione e agli agenti chimici, mantenendo la flessibilit\u00e0<\/div>\n<div class=\"bullet n4\">Il supporto in blu traslucido offre facile identificazione e posizionamento<\/div>\n<div class=\"bullet n5\"><\/div>\n<div class=\"bullet n6\">Il supporto blu traslucido fornisce un&#8217;identificazione e un posizionamento semplice<\/div>\n<div class=\"bullet n7\">Usato comunemente come nastro protettivo durante le operazioni di spedizione e lavorazione<\/div>\n<\/div>\n<div class=\"product-description-block\">\n<div class=\"short\">Il nastro in poliestere 3M 8902 \u00e8 progettato per operazioni di mascheratura ad alta temperatura come verniciatura a polvere e verniciatura elettrostatica. Rimozione pulita e in un unico pezzo dalla maggior parte delle superfici, evitando schegge e rotture.<\/div>\n<div class=\"extended\">Nastro in poliestere conformabile ideale per applicazioni di mascheratura con verniciatura a polvere e giunzioni di guaine, pellicole e carte in silicone.<\/div>\n<\/div>\n","protected":false},"excerpt":{"rendered":"<p>Il nastro in poliestere 3M 8902 \u00e8 progettato per operazioni di mascheratura ad alta temperatura come verniciatura a polvere e verniciatura elettrostatica. Rimozione pulita e in un unico pezzo dalla maggior parte delle superfici, evitando schegge e rotture.<\/p>\n","protected":false},"featured_media":7917,"template":"","meta":{"_acf_changed":false},"product_brand":[3337],"product_cat":[29,801],"product_tag":[1314,1315,1312,1352,1354,1254,1351,1353,1317,1355],"class_list":{"0":"post-10024","1":"product","2":"type-product","3":"status-publish","4":"has-post-thumbnail","6":"product_brand-3m","7":"product_cat-adesivi-e-nastri-industriali","8":"product_cat-nastri-per-schermature-e-alte-prestazioni","9":"product_tag-mascheratura-ad-alta-temperatura","10":"product_tag-nastri-in-poliestere","11":"product_tag-nastro-ad-alta-temperatura","12":"product_tag-nastro-di-mascheratura","13":"product_tag-nastro-di-mascheratura-ad-alta-temperatura","14":"product_tag-nastro-in-poliestere","15":"product_tag-nastro-per-giunzione","16":"product_tag-nastro-per-rivestimento-a-polvere","17":"product_tag-nastro-resistente-al-calore","18":"product_tag-soluzioni-di-mascheratura-estreme","19":"pa_colore-blu","21":"first","22":"instock","23":"product-type-simple"},"acf":{"short_description":"Il Nastro in poliestere 3M 8902 \u00e8 la soluzione ideale per applicazioni industriali che richiedono resistenza e affidabilit\u00e0. Realizzato con materiali di alta qualit\u00e0, offre prestazioni eccellenti in condizioni di lavoro gravose.","long_description":"<p>Il Nastro in poliestere 3M 8902 rappresenta un'eccellenza nel settore degli adesivi e nastri industriali. Progettato per soddisfare le esigenze delle applicazioni pi\u00f9 impegnative, questo nastro si distingue per la sua straordinaria resistenza e la versatilit\u00e0 d'uso. Realizzato in poliestere di alta qualit\u00e0, il nastro 3M 8902 \u00e8 in grado di resistere a temperature estreme, garantendo prestazioni ottimali anche in condizioni difficili. La sua adesivit\u00e0 \u00e8 progettata per aderire a una vasta gamma di superfici, rendendolo adatto per applicazioni in diversi settori industriali.<\/p>\n<p>Tra le caratteristiche salienti del Nastro in poliestere 3M 8902 troviamo la sua capacit\u00e0 di resistere a solventi e umidit\u00e0, rendendolo ideale per il confezionamento e la protezione di componenti elettronici. Inoltre, la sua struttura offre un'eccellente schermatura contro le interferenze elettromagnetiche, rendendolo perfetto per applicazioni sensibili. Questo nastro \u00e8 progettato per garantire una facile applicazione, grazie alla sua flessibilit\u00e0 e al supporto adesivo che non lascia residui al momento della rimozione.<\/p>\n<p>Il Nastro in poliestere 3M 8902 \u00e8 anche altamente resistente all'abrasione, il che significa che pu\u00f2 essere utilizzato in ambienti di lavoro intensivi senza compromettere la qualit\u00e0 del lavoro. Con una larghezza di 25 mm e una lunghezza di 33 m, \u00e8 ideale per applicazioni di protezione, mascheratura e assemblaggio. Non solo questo nastro \u00e8 progettato per le esigenze attuali, ma \u00e8 anche un investimento a lungo termine grazie alla sua durata e affidabilit\u00e0. Scegliere il Nastro in poliestere 3M 8902 significa optare per una soluzione di alta qualit\u00e0, che assicura risultati professionali in ogni progetto.<\/p>","feature_1":"Realizzato in poliestere di alta qualit\u00e0","feature_2":"Resistente a temperature estreme da -20\u00b0C a +120\u00b0C","feature_3":"Ottima adesivit\u00e0 su diverse superfici","feature_4":"Resistente a solventi e umidit\u00e0 per ambienti difficili","feature_5":"Eccellente schermatura contro interferenze elettromagnetiche","feature_6":"Facile applicazione grazie alla flessibilit\u00e0 del materiale","feature_7":"Non lascia residui al momento della rimozione","feature_8":"Elevata resistenza all'abrasione per utilizzi intensivi","feature_9":"Larghezza di 25 mm e lunghezza di 33 m per versatilit\u00e0 d'uso","feature_10":"Ideale per applicazioni di protezione, mascheratura e assemblaggio"},"_links":{"self":[{"href":"https:\/\/finatsrl.it\/de\/wp-json\/wp\/v2\/product\/10024","targetHints":{"allow":["GET"]}}],"collection":[{"href":"https:\/\/finatsrl.it\/de\/wp-json\/wp\/v2\/product"}],"about":[{"href":"https:\/\/finatsrl.it\/de\/wp-json\/wp\/v2\/types\/product"}],"wp:featuredmedia":[{"embeddable":true,"href":"https:\/\/finatsrl.it\/de\/wp-json\/wp\/v2\/media\/7917"}],"wp:attachment":[{"href":"https:\/\/finatsrl.it\/de\/wp-json\/wp\/v2\/media?parent=10024"}],"wp:term":[{"taxonomy":"product_brand","embeddable":true,"href":"https:\/\/finatsrl.it\/de\/wp-json\/wp\/v2\/product_brand?post=10024"},{"taxonomy":"product_cat","embeddable":true,"href":"https:\/\/finatsrl.it\/de\/wp-json\/wp\/v2\/product_cat?post=10024"},{"taxonomy":"product_tag","embeddable":true,"href":"https:\/\/finatsrl.it\/de\/wp-json\/wp\/v2\/product_tag?post=10024"}],"curies":[{"name":"wp","href":"https:\/\/api.w.org\/{rel}","templated":true}]}}