{"id":10014,"date":"2025-01-27T15:39:24","date_gmt":"2025-01-27T14:39:24","guid":{"rendered":"https:\/\/finatnew.newhosting.intellijam.com\/prodotto\/adesivo-a-caldo-3m-hot-melt-3762pg\/"},"modified":"2025-11-26T12:02:50","modified_gmt":"2025-11-26T11:02:50","slug":"adesivo-a-caldo-3m-hot-melt-3762pg","status":"publish","type":"product","link":"https:\/\/finatsrl.it\/de\/product\/adesivo-a-caldo-3m-hot-melt-3762pg\/","title":{"rendered":"Adesivo a caldo 3M Hot Melt 3762PG"},"content":{"rendered":"<div class=\"product-bullet-block\">\n<div class=\"bullet n1\">L&#8217;aggressiva aderenza a caldo raggiunge rapidamente la forza di manipolazione per imballaggi e altre applicazioni<\/div>\n<div class=\"bullet n2\">Il tempo aperto medio consente il posizionamento e l&#8217;aggiustamento<\/div>\n<div class=\"bullet n3\">Incolla saldamente substrati difficili da sigillare come superfici leggermente cerate<\/div>\n<div class=\"bullet n4\">Praticamente invisibile una volta incollato, eliminando elementi di fissaggio meccanici poco attraenti<\/div>\n<div class=\"bullet n5\">Incollaggio di cartoni, cartoni ondulati, legno, pannelli truciolare, truciolare e schiume ammortizzanti<\/div>\n<div class=\"bullet n6\"><\/div>\n<div class=\"bullet n7\"><\/div>\n<\/div>\n<div class=\"product-description-block\">\n<div class=\"short\">L&#8217;adesivo Hot Melt 3M 3762 \u00e8 un adesivo solido in resina, economico e a presa rapida. \u00c8 progettato per applicazioni generiche, nonch\u00e9 per la sigillatura manuale e di cartone ondulato e imballaggi generici.<\/div>\n<div class=\"extended\">Progettato per l&#8217;imballaggio e la sigillatura di cartone ondulato, assemblaggio di giunti piccoli.<\/div>\n<\/div>\n","protected":false},"excerpt":{"rendered":"<p>L&#8217;adesivo Hot Melt 3M 3762 \u00e8 un adesivo solido in resina, economico e a presa rapida. \u00c8 progettato per applicazioni generiche, nonch\u00e9 per la sigillatura manuale e di cartone ondulato e imballaggi generici.<\/p>\n","protected":false},"featured_media":7905,"template":"","meta":{"_acf_changed":false},"product_brand":[3337],"product_cat":[29,763],"product_tag":[3420,1122],"class_list":{"0":"post-10014","1":"product","2":"type-product","3":"status-publish","4":"has-post-thumbnail","6":"product_brand-3m","7":"product_cat-adesivi-e-nastri-industriali","8":"product_cat-adesivi-spray-e-adesivi-a-caldo","9":"product_tag-adesivo-a-caldo","10":"product_tag-hot-melt","12":"first","13":"instock","14":"product-type-simple"},"acf":{"short_description":"L'adesivo a caldo 3M Hot Melt 3762PG \u00e8 la soluzione ideale per unire materiali in modo rapido e sicuro. Perfetto per applicazioni industriali, offre prestazioni superiori e facilit\u00e0 d'uso.","long_description":"<p>L'adesivo a caldo 3M Hot Melt 3762PG, prodotto da Finat SRL, rappresenta una delle migliori soluzioni per le esigenze di incollaggio in ambito industriale. Grazie alla sua formula innovativa, questo adesivo \u00e8 progettato per garantire una tenuta eccezionale su una vasta gamma di materiali, rendendolo ideale per applicazioni che richiedono resistenza e rapidit\u00e0. La sua composizione a base di polimeri termoplastici lo rende particolarmente versatile, adatto a diverse superfici come legno, metallo, plastica e tessuti. La temperatura di applicazione consigliata varia tra 180 e 200 \u00b0C, assicurando una fusione ottimale e un'adesione rapida. Inoltre, il suo tempo di presa iniziale \u00e8 estremamente ridotto, permettendo di accelerare i processi produttivi. L'adesivo 3M Hot Melt 3762PG \u00e8 stato testato per resistere a condizioni ambientali variabili, garantendo prestazioni stabili anche in ambienti umidi o soggetti a temperature elevate. Questo adesivo \u00e8 privo di solventi, quindi \u00e8 anche una scelta ecologica, sicura per l'uso in ambienti chiusi. La compatibilit\u00e0 con diverse tecnologie di applicazione, come pistole a caldo e sistemi automatizzati, ne facilita l'integrazione in qualsiasi linea di produzione. Scegliere l'adesivo a caldo 3M Hot Melt 3762PG significa optare per un prodotto di alta qualit\u00e0, progettato per soddisfare le esigenze pi\u00f9 elevate dell'industria moderna.<\/p>","feature_1":"Formula innovativa a base di polimeri termoplastici","feature_2":"Eccellente adesione su legno, metallo, plastica e tessuti","feature_3":"Temperatura di applicazione di 180-200 \u00b0C","feature_4":"Tempo di presa iniziale rapido per aumentare l'efficienza produttiva","feature_5":"Resistente a condizioni ambientali variabili (umidit\u00e0 e calore)","feature_6":"Privo di solventi, sicuro per ambienti chiusi","feature_7":"Compatibile con pistole a caldo e sistemi automatizzati","feature_8":"Facile da usare e maneggiare","feature_9":"Perfetto per applicazioni industriali e commerciali","feature_10":"Certificato per standard di sicurezza e qualit\u00e0 3M"},"_links":{"self":[{"href":"https:\/\/finatsrl.it\/de\/wp-json\/wp\/v2\/product\/10014","targetHints":{"allow":["GET"]}}],"collection":[{"href":"https:\/\/finatsrl.it\/de\/wp-json\/wp\/v2\/product"}],"about":[{"href":"https:\/\/finatsrl.it\/de\/wp-json\/wp\/v2\/types\/product"}],"wp:featuredmedia":[{"embeddable":true,"href":"https:\/\/finatsrl.it\/de\/wp-json\/wp\/v2\/media\/7905"}],"wp:attachment":[{"href":"https:\/\/finatsrl.it\/de\/wp-json\/wp\/v2\/media?parent=10014"}],"wp:term":[{"taxonomy":"product_brand","embeddable":true,"href":"https:\/\/finatsrl.it\/de\/wp-json\/wp\/v2\/product_brand?post=10014"},{"taxonomy":"product_cat","embeddable":true,"href":"https:\/\/finatsrl.it\/de\/wp-json\/wp\/v2\/product_cat?post=10014"},{"taxonomy":"product_tag","embeddable":true,"href":"https:\/\/finatsrl.it\/de\/wp-json\/wp\/v2\/product_tag?post=10014"}],"curies":[{"name":"wp","href":"https:\/\/api.w.org\/{rel}","templated":true}]}}