{"id":7123,"date":"2024-10-17T12:43:42","date_gmt":"2024-10-17T10:43:42","guid":{"rendered":"https:\/\/finatnew.newhosting.intellijam.com\/?page_id=7123"},"modified":"2025-01-28T16:41:10","modified_gmt":"2025-01-28T15:41:10","slug":"terms-of-use","status":"publish","type":"page","link":"https:\/\/finatsrl.it\/de\/terms-of-use\/","title":{"rendered":"Terms of Use"},"content":{"rendered":"<section class=\"l-section wpb_row us_custom_a9fce8e8 height_auto full_height valign_top\"><div class=\"l-section-h i-cf\"><div class=\"g-cols vc_row via_flex valign_top type_default reversed stacking_default\"><div class=\"vc_col-sm-8 wpb_column vc_column_container\"><div class=\"vc_column-inner us_custom_51c00d40\"><div class=\"wpb_wrapper\"><h1 class=\"w-text us_custom_0270bde3 hide_on_mobiles\"><span class=\"w-text-h\"><span class=\"w-text-value\">Terms of Use<\/span><\/span><\/h1><div class=\"wpb_text_column\"><div class=\"wpb_wrapper\"><h5 id=\"tc_1\">1. Pr\u00e4ambel<\/h5>\n<p>Diese Nutzungsbedingungen (im Folgenden \u201eBedingungen\u201c) regeln den Zugang und die Nutzung der Website www.finat.it (im Folgenden \u201eWebsite\u201c), die Eigentum der Finat S.r.l. (im Folgenden \u201eGesellschaft\u201c) mit Sitz in Via della Liberazione, 21 &#8211; 20098 San Giuliano Milanese (MI)] ist. Der Zugriff auf die Website und ihre Nutzung setzen voraus, dass Sie die vorliegenden Bedingungen vorbehaltlos akzeptieren.<\/p>\n<h5 id=\"tc_2\">2. Objekt<\/h5>\n<p>Die Website dient zu Informationszwecken und stellt ein digitales Schaufenster der von der Gesellschaft hergestellten Spezialklebstoffprodukte dar. Die Website stellt keine E-Commerce-Plattform dar und erm\u00f6glicht nicht den direkten Kauf der vorgestellten Produkte.<\/p>\n<h5 id=\"tc_3\">3. Geistiges Eigentum<\/h5>\n<p>3.1. Der gesamte Inhalt der Website, einschlie\u00dflich, aber nicht beschr\u00e4nkt auf Texte, Grafiken, Logos, Bilder, Video, Audio, Code und Software, ist das ausschlie\u00dfliche Eigentum des Unternehmens oder seiner Lizenzgeber und ist durch Gesetze zum Schutz des geistigen Eigentums gesch\u00fctzt.<\/p>\n<p>3.2. Alle eingetragenen und nicht eingetragenen Marken und sonstigen Unterscheidungsmerkmale auf der Website wurden von ihren rechtm\u00e4\u00dfigen Eigent\u00fcmern ordnungsgem\u00e4\u00df genehmigt oder sind Eigentum des Unternehmens. Der Inhalt der Website darf nicht als stillschweigende Gew\u00e4hrung einer Lizenz oder eines Rechts zur Nutzung einer der auf der Website dargestellten Marken ausgelegt werden.<\/p>\n<h5 id=\"tc_4\">4. Zul\u00e4ssige Nutzung<\/h5>\n<p>4.1. Der Nutzer ist berechtigt:<\/p>\n<ul>\n<li>Den Inhalt der Website zu Informationszwecken einzusehen<\/li>\n<li>Ausdrucken oder Speichern von digitalen Kopien der Seiten der Website f\u00fcr den pers\u00f6nlichen, nicht-kommerziellen Gebrauch<\/li>\n<li>Links zu den Seiten der Website \u00fcber soziale Medien oder per E-Mail weiterzugeben<\/li>\n<\/ul>\n<p>4.2 Es ist ausdr\u00fccklich untersagt:<\/p>\n<ul>\n<li>Teile der Website zu reproduzieren, zu vervielf\u00e4ltigen, zu kopieren oder weiterzuverkaufen und damit gegen die vorliegenden Bedingungen zu versto\u00dfen<\/li>\n<li>Verwendung von Data-Mining-Techniken, Robotern oder \u00e4hnlichen Methoden zur Datenerfassung und -extraktion<br \/>\nauf die Website mit automatischen Mitteln zuzugreifen<\/li>\n<li>Die Website f\u00fcr illegale oder nicht autorisierte Zwecke zu nutzen<\/li>\n<\/ul>\n<h5 id=\"tc_5\">5. Genauigkeit der Informationen<\/h5>\n<p>5.1. Das Unternehmen ist bestrebt, die Informationen auf der Website so genau und aktuell wie m\u00f6glich zu halten. Es kann jedoch nicht garantieren, dass:<\/p>\n<ul>\n<li>die Website immer verf\u00fcgbar oder fehlerfrei sein wird<\/li>\n<li>die Informationen auf der Website immer vollst\u00e4ndig, genau, aktuell oder zuverl\u00e4ssig sind<\/li>\n<li>die Website oder die Server, die sie zur Verf\u00fcgung stellen, frei von Viren oder anderen sch\u00e4dlichen Komponenten sind<\/li>\n<\/ul>\n<p>5.2. Die Produktabbildungen dienen der Veranschaulichung. Die tats\u00e4chlichen Eigenschaften der Produkte k\u00f6nnen variieren.<\/p>\n<h5 id=\"tc_6\">6. Privatsph\u00e4re und Schutz personenbezogener Daten<\/h5>\n<p>6.1. Die Verarbeitung personenbezogener Daten der Nutzer der Website unterliegt der Datenschutzrichtlinie, die im entsprechenden Abschnitt der Website (<a href=\"\/de\/privacy-policy\/\" target=\"_blank\" rel=\"noopener\">hier klicken<\/a>) verf\u00fcgbar ist, in \u00dcbereinstimmung mit der EU-Verordnung 2016\/679 (GDPR) und anderen anwendbaren Datenschutzbestimmungen.<\/p>\n<h5 id=\"tc_7\">7. Cookie<\/h5>\n<p>7.1. Die Website verwendet Cookies und \u00e4hnliche Technologien, wie in der Cookie-Richtlinie beschrieben, die in dem entsprechenden Abschnitt der Website verf\u00fcgbar ist (<a href=\"\/de\/cookie-policy\/\" target=\"_blank\" rel=\"noopener\">hier klicken<\/a>).<\/p>\n<h5 id=\"tc_8\">8. Links zu Websites von Dritten<\/h5>\n<p>8.1. Die Website kann Links zu Websites von Dritten enthalten. Das Unternehmen hat keine Kontrolle \u00fcber solche Websites und ist nicht daf\u00fcr verantwortlich:<\/p>\n<ul>\n<li>den Inhalt dieser Seiten<\/li>\n<li>die \u00c4nderungen oder Aktualisierungen solcher Websites<\/li>\n<li>die Korrektheit oder Rechtm\u00e4\u00dfigkeit des Inhalts solcher Seiten<\/li>\n<li>die \u00dcbertragung von Daten zu oder von solchen Websites<\/li>\n<\/ul>\n<h5 id=\"tc_9\">9. Begrenzung der Haftung<\/h5>\n<p>9.1. Das Unternehmen ist nicht haftbar f\u00fcr:<\/p>\n<ul>\n<li>Direkte, indirekte Sch\u00e4den, Folgesch\u00e4den oder sonstige Sch\u00e4den, die sich aus der Nutzung oder der Unm\u00f6glichkeit der Nutzung der Website ergeben<\/li>\n<li>Wirtschaftliche Verluste oder Verlust von Gesch\u00e4ftsm\u00f6glichkeiten, die sich aus der Nutzung der Website ergeben<\/li>\n<li>Unterbrechungen oder Fehlfunktionen der Website aufgrund h\u00f6herer Gewalt oder von Umst\u00e4nden, die au\u00dferhalb der Kontrolle des Unternehmens liegen<\/li>\n<\/ul>\n<h5 id=\"tc_10\">10. \u00c4nderungen der Bedingungen<\/h5>\n<p>10.1. Das Unternehmen beh\u00e4lt sich das Recht vor, diese Bedingungen jederzeit zu \u00e4ndern. \u00c4nderungen treten in Kraft, sobald sie auf der Website ver\u00f6ffentlicht werden.<\/p>\n<p>10.2. Die fortgesetzte Nutzung der Website nach der Ver\u00f6ffentlichung der \u00c4nderungen gilt als Zustimmung zu den \u00c4nderungen.<\/p>\n<h5 id=\"tc_11\">11. Anwendbares Recht und Gerichtsstand<\/h5>\n<p>11.1. Die vorliegenden Bedingungen unterliegen dem italienischen Recht.<\/p>\n<p>11.2. F\u00fcr alle Streitigkeiten, die sich aus der Nutzung der Website oder im Zusammenhang mit diesen Bedingungen ergeben, ist ausschlie\u00dflich das Gericht von Mailand zust\u00e4ndig.<\/p>\n<h5 id=\"tc_12\">12. Kontakt<\/h5>\n<p>Bei Fragen zu den vorliegenden Bedingungen k\u00f6nnen sich die Nutzer unter folgenden Adressen an das Unternehmen wenden:<\/p>\n<p><strong>Finat Srl<\/strong><br \/>\nVia della Liberazione, 21<br \/>\n20098 San Giuliano Milanese (MI)<br \/>\n<strong>Email:<\/strong> <a href=\"mailto:finat@finatsrl.it\">finat@finatsrl.it<\/a><\/p>\n<h5 id=\"tc_13\">13. Schlussbestimmungen<\/h5>\n<p>13.1. Die Ung\u00fcltigkeit oder Unwirksamkeit einer oder mehrerer Klauseln dieser Bedingungen ber\u00fchrt die G\u00fcltigkeit oder Wirksamkeit der \u00fcbrigen Klauseln nicht.<\/p>\n<p>13.2. Diese Bedingungen stellen die gesamte Vereinbarung zwischen dem Nutzer und dem Unternehmen in Bezug auf die Nutzung der Website dar.<\/p>\n<hr \/>\n<p><em>Zuletzt aktualisiert: <ins datetime=\"2025-01-20T09:31:50+00:00\">20-01-2025<\/ins><\/em><\/p>\n<\/div><\/div><\/div><\/div><\/div><div class=\"vc_col-sm-4 wpb_column vc_column_container\"><div class=\"vc_column-inner us_custom_bb5ac570 type_sticky\"><div class=\"wpb_wrapper\" style=\"top:80px\"><h1 class=\"w-text us_custom_dba64747 hide_on_default hide_on_laptops hide_on_tablets\"><span class=\"w-text-h\"><span class=\"w-text-value\">Terms of Use<\/span><\/span><\/h1><div class=\"wpb_text_column\"><div class=\"wpb_wrapper\"><ol>\n<li><a href=\"#tc_1\">Pr\u00e4ambel<\/a><\/li>\n<li><a href=\"#tc_2\">Objekt<\/a><\/li>\n<li><a href=\"#tc_3\">Geistiges Eigentum<\/a><\/li>\n<li><a href=\"#tc_4\">Zul\u00e4ssige Nutzung<\/a><\/li>\n<li><a href=\"#tc_5\">Genauigkeit der Informationen<\/a><\/li>\n<li><a href=\"#tc_6\">Privatsph\u00e4re und Schutz personenbezogener Daten<\/a><\/li>\n<li><a href=\"#tc_7\">Cookie<\/a><\/li>\n<li><a href=\"#tc_8\">Links zu Websites von Dritten<\/a><\/li>\n<li><a href=\"#tc_9\">Begrenzung der Haftung<\/a><\/li>\n<li><a href=\"#tc_10\">\u00c4nderungen der Bedingungen<\/a><\/li>\n<li><a href=\"#tc_11\">Anwendbares Recht und Gerichtsstand<\/a><\/li>\n<li><a href=\"#tc_12\">Kontakt<\/a><\/li>\n<li><a href=\"#tc_13\">Schlussbestimmungen<\/a><\/li>\n<\/ol>\n<\/div><\/div><\/div><\/div><\/div><\/div><\/div><\/section>\n","protected":false},"excerpt":{"rendered":"Terms of Use1. Pr\u00e4ambel Diese Nutzungsbedingungen (im Folgenden \u201eBedingungen\u201c) regeln den Zugang und die Nutzung der Website www.finat.it (im Folgenden \u201eWebsite\u201c), die Eigentum der Finat S.r.l. (im Folgenden \u201eGesellschaft\u201c) mit Sitz in Via della Liberazione, 21 &#8211; 20098 San Giuliano Milanese (MI)] ist. Der Zugriff auf die Website und ihre Nutzung setzen voraus, dass Sie...","protected":false},"author":1,"featured_media":0,"parent":0,"menu_order":0,"comment_status":"closed","ping_status":"closed","template":"","meta":{"_acf_changed":false,"footnotes":""},"class_list":["post-7123","page","type-page","status-publish","hentry"],"acf":[],"_links":{"self":[{"href":"https:\/\/finatsrl.it\/de\/wp-json\/wp\/v2\/pages\/7123","targetHints":{"allow":["GET"]}}],"collection":[{"href":"https:\/\/finatsrl.it\/de\/wp-json\/wp\/v2\/pages"}],"about":[{"href":"https:\/\/finatsrl.it\/de\/wp-json\/wp\/v2\/types\/page"}],"author":[{"embeddable":true,"href":"https:\/\/finatsrl.it\/de\/wp-json\/wp\/v2\/users\/1"}],"replies":[{"embeddable":true,"href":"https:\/\/finatsrl.it\/de\/wp-json\/wp\/v2\/comments?post=7123"}],"version-history":[{"count":10,"href":"https:\/\/finatsrl.it\/de\/wp-json\/wp\/v2\/pages\/7123\/revisions"}],"predecessor-version":[{"id":12594,"href":"https:\/\/finatsrl.it\/de\/wp-json\/wp\/v2\/pages\/7123\/revisions\/12594"}],"wp:attachment":[{"href":"https:\/\/finatsrl.it\/de\/wp-json\/wp\/v2\/media?parent=7123"}],"curies":[{"name":"wp","href":"https:\/\/api.w.org\/{rel}","templated":true}]}}