{"id":1194,"date":"2024-10-19T15:20:44","date_gmt":"2024-10-19T13:20:44","guid":{"rendered":"https:\/\/finatnew.newhosting.intellijam.com\/?page_id=1194"},"modified":"2024-12-13T11:20:18","modified_gmt":"2024-12-13T10:20:18","slug":"cookie-policy","status":"publish","type":"page","link":"https:\/\/finatsrl.it\/de\/cookie-policy\/","title":{"rendered":"Cookie Policy"},"content":{"rendered":"<h2>Cookie-Richtlinie der Website <strong>www.finatsrl.it<\/strong><\/h2>\n<p>Dieses Dokument enth\u00e4lt Informationen \u00fcber die Technologien, die es dieser Website erm\u00f6glichen, die unten beschriebenen Zwecke zu erreichen. Diese Technologien erm\u00f6glichen es dem Eigent\u00fcmer, Informationen zu sammeln und zu speichern (z. B. durch die Verwendung von Cookies) oder Ressourcen (z. B. durch die Ausf\u00fchrung eines Skripts) auf dem Ger\u00e4t des Nutzers zu verwenden, wenn der Nutzer mit dieser Website interagiert.<\/p>\n<p>Der Einfachheit halber werden diese Technologien in diesem Dokument kurz als &#8222;Tracking Tools&#8220; bezeichnet, es sei denn, es gibt einen Grund, sie zu unterscheiden.<br \/>\nObwohl Cookies beispielsweise sowohl in Web- als auch in mobilen Browsern verwendet werden k\u00f6nnen, w\u00e4re es unangemessen, im Zusammenhang mit mobilen Anwendungen von Cookies zu sprechen, da es sich hierbei um Tracking-Tools handelt, die das Vorhandensein eines Browsers erfordern. Aus diesem Grund wird der Begriff &#8222;Cookie&#8220; in diesem Dokument nur verwendet, wenn er sich speziell auf diese Art von Tracking-Tool bezieht.<\/p>\n<p>Einige der Zwecke, f\u00fcr die Tracking-Tools verwendet werden, k\u00f6nnen auch die Zustimmung des Nutzers erfordern. Wenn die Zustimmung erteilt wurde, kann sie jederzeit frei widerrufen werden, indem Sie die in diesem Dokument enthaltenen Anweisungen befolgen.<\/p>\n<p>Diese Website verwendet Tracking-Tools, die direkt vom Eigent\u00fcmer betrieben werden (gemeinhin als &#8222;Erstanbieter&#8220;-Tracking-Tools bezeichnet), und Tracking-Tools, die von Dritten bereitgestellte Dienste erm\u00f6glichen (gemeinhin als &#8222;Drittanbieter&#8220;-Tracking-Tools bezeichnet). Sofern in diesem Dokument nicht anders angegeben, haben diese Dritten Zugriff auf ihre jeweiligen Tracking-Tools.<br \/>\nDauer und Ablauf von Cookies und anderen \u00e4hnlichen Tracking-Tools k\u00f6nnen variieren, je nachdem, was vom Controller oder dem jeweiligen Drittanbieter festgelegt wurde. Einige von ihnen verfallen am Ende der Browsersitzung des Benutzers.<br \/>\nZus\u00e4tzlich zu den Angaben, die in der Beschreibung der einzelnen Kategorien unten aufgef\u00fchrt sind, k\u00f6nnen die Nutzer detailliertere und aktuellere Informationen \u00fcber die Dauer sowie andere relevante Informationen &#8211; wie das Vorhandensein anderer Tracking-Tools &#8211; in den Datenschutzrichtlinien der jeweiligen Drittanbieter (\u00fcber die angegebenen Links) oder durch Kontaktaufnahme mit dem Controller erhalten.<\/p>\n<h3>Wie diese Website Tracking Tools verwendet<\/h3>\n<p><strong>N\u00f6tig<\/strong><\/p>\n<p>Diese Website verwendet Cookies, die gemeinhin als &#8222;technische&#8220; oder \u00e4hnliche Tracking-Tools bezeichnet werden, um Aktivit\u00e4ten durchzuf\u00fchren, die unbedingt erforderlich sind, um den Betrieb oder die Bereitstellung des Dienstes zu gew\u00e4hrleisten.<\/p>\n<p><strong>Von Dritten betriebene Tracking-Tools<\/strong><\/p>\n<p><strong>Cloudflare (Cloudflare Inc.)<\/strong><\/p>\n<p>Cloudflare ist ein Dienst zur Optimierung und Verteilung des Datenverkehrs, der von Cloudflare Inc. bereitgestellt wird.<br \/>\nDie Art und Weise, wie Cloudflare<br \/>\nintegriert ist, bedeutet, dass es den gesamten Verkehr auf dieser Website filtert, d.h. die Kommunikation zwischen dieser Website und dem Browser des Nutzers, und auch die Sammlung statistischer Daten dar\u00fcber erm\u00f6glicht.<\/p>\n<p>Verarbeitete pers\u00f6nliche Daten: Tracking-Tool und verschiedene Arten von Daten, wie in den Datenschutzbestimmungen des Dienstes angegeben.<\/p>\n<p>Ort der Verarbeitung: Vereinigte Staaten &#8211; <a href=\"https:\/\/www.cloudflare.com\/privacypolicy\/\" target=\"_blank\" rel=\"noopener\">Datenschutzrichtlinie<\/a>.<\/p>\n<p><strong>jsDelivr (jsdelivr.com)<\/strong><\/p>\n<p>jsDelivr ist ein von jsdelivr.com angebotener Dienst zur Optimierung und Verteilung des Datenverkehrs.<\/p>\n<p>Verarbeitete pers\u00f6nliche Daten: Nutzungsdaten und Tracking Tool.<\/p>\n<p>Ort der Verarbeitung: Polen &#8211; <a href=\"https:\/\/www.jsdelivr.com\/terms\/privacy-policy-jsdelivr-net\" target=\"_blank\" rel=\"noopener\">Datenschutzerkl\u00e4rung<\/a>.<\/p>\n<p><strong>Erleben Sie<\/strong><\/p>\n<p>Diese Website verwendet Tracking Tools, um die Qualit\u00e4t der Benutzererfahrung zu verbessern und Interaktionen mit externen Inhalten, Netzwerken und Plattformen zu erm\u00f6glichen.<\/p>\n<p><strong>Von Dritten betriebene Tracking-Tools<\/strong><\/p>\n<p><strong>YouTube Video Widget (Google Ireland Limited)<\/strong><\/p>\n<p>YouTube ist ein von Google Ireland Limited betriebener Dienst zur Anzeige von Videoinhalten, der es dieser Website erm\u00f6glicht, solche Inhalte in ihre Seiten einzubetten.<\/p>\n<p>Verarbeitete pers\u00f6nliche Daten: Nutzungsdaten und Tracking Tool.<\/p>\n<p>Ort der Verarbeitung: Irland &#8211; <a href=\"https:\/\/policies.google.com\/privacy\" target=\"_blank\" rel=\"noopener\">Datenschutzerkl\u00e4rung<\/a>.<\/p>\n<p>Dauer der Lagerung:<\/p>\n<ul>\n<li>PREF: 8 Monate<\/li>\n<li>VISITOR_INFO1_LIVE: 8 Monate<\/li>\n<li>YSC: Dauer der Sitzung<\/li>\n<\/ul>\n<p><strong>Messung<\/strong><\/p>\n<p>Diese Website verwendet Tracking Tools, um den Datenverkehr zu messen und das Verhalten der Nutzer zu analysieren, um den Service zu verbessern.<\/p>\n<p><strong>Von Dritten betriebene Tracking-Tools<\/strong><\/p>\n<p><strong>Google Analytics (Universal Analytics) mit anonymisierter IP (Google Ireland Limited)<\/strong><\/p>\n<p>Google Analytics (Universal Analytics) ist ein Webanalysedienst, der von Google Ireland Limited (&#8222;Google&#8220;) bereitgestellt wird. Google verwendet die erfassten pers\u00f6nlichen Daten, um die Nutzung dieser Website zu verfolgen und zu untersuchen, Berichte zu erstellen und sie mit anderen von Google entwickelten Diensten zu teilen.<br \/>\nGoogle kann die pers\u00f6nlichen Daten verwenden, um die Anzeigen seines Werbenetzwerks zu kontextualisieren und zu personalisieren.<br \/>\nDiese Google Analytics-Integration anonymisiert Ihre IP-Adresse. Die Anonymisierung erfolgt durch K\u00fcrzung der IP-Adresse der Nutzer innerhalb der Grenzen der Mitgliedstaaten der Europ\u00e4ischen Union oder in anderen Vertragsstaaten des Abkommens \u00fcber den Europ\u00e4ischen Wirtschaftsraum. Nur in Ausnahmef\u00e4llen wird die IP-Adresse an die Server von Google gesendet und innerhalb der USA gek\u00fcrzt.<\/p>\n<p>Informationen \u00fcber die Verwendung von Daten durch Google finden Sie in den <a href=\"https:\/\/www.google.com\/intl\/it\/policies\/privacy\/partners\/\" target=\"_blank\" rel=\"noopener\">Google-Partnerrichtlinien<\/a>.<\/p>\n<p>Verarbeitete pers\u00f6nliche Daten: Cookies und Benutzungsdaten.<\/p>\n<p>Ort der Verarbeitung: Irland &#8211; <a href=\"https:\/\/business.safety.google\/privacy\/\" target=\"_blank\" rel=\"noopener\">Datenschutzerkl\u00e4rung<\/a> &#8211; <a href=\"https:\/\/tools.google.com\/dlpage\/gaoptout?hl=en\" target=\"_blank\" rel=\"noopener\">Opt-out<\/a>.<\/p>\n<p>Dauer der Lagerung:<\/p>\n<ul>\n<li>AMP_TOKEN: 1 Stunde<\/li>\n<li>_ga: 2 Jahre<\/li>\n<li>_gac*: 3 Monate<\/li>\n<li>1 Minute<\/li>\n<li>_gid: 1 Tag<\/li>\n<\/ul>\n<h3>Wie Sie auf dieser Website Ihre Pr\u00e4ferenzen verwalten und Ihre Zustimmung erteilen oder widerrufen k\u00f6nnen<\/h3>\n<p>Wenn die Verwendung von Trackern auf Ihrer Zustimmung beruht, k\u00f6nnen Sie diese Zustimmung erteilen oder widerrufen, indem Sie Ihre Pr\u00e4ferenzen \u00fcber das entsprechende Auswahlfeld f\u00fcr den Datenschutz auf dieser Website festlegen oder aktualisieren.<\/p>\n<p>In Bezug auf Tracking-Tools von Dritten k\u00f6nnen Nutzer ihre Pr\u00e4ferenzen verwalten, indem sie den entsprechenden Opt-Out-Link (falls vorhanden) aufrufen, die in der Datenschutzrichtlinie des Dritten beschriebenen Tools verwenden oder den Dritten direkt kontaktieren.<\/p>\n<p><strong>Wie Sie Cookies und \u00e4hnliche Technologien \u00fcber Ihre Ger\u00e4teeinstellungen kontrollieren oder l\u00f6schen k\u00f6nnen<\/strong><\/p>\n<p>Benutzer k\u00f6nnen ihre Browsereinstellungen verwenden, um:<\/p>\n<ul>\n<li>Sehen Sie, welche Cookies oder andere \u00e4hnliche Technologien auf dem Ger\u00e4t gesetzt wurden;<\/li>\n<li>Blockieren von Cookies oder \u00e4hnlichen Technologien;<\/li>\n<li>L\u00f6schen Sie Cookies oder \u00e4hnliche Technologien aus Ihrem Browser.<\/li>\n<\/ul>\n<p>Die Browser-Einstellungen erlauben jedoch keine granulare Kontrolle der Zustimmung nach Kategorien.<\/p>\n<p>Informationen zur Verwaltung von Cookies in den g\u00e4ngigsten Browsern finden Sie zum Beispiel unter den folgenden Adressen:<\/p>\n<ul>\n<li><a href=\"https:\/\/support.google.com\/chrome\/answer\/95647?hl=it&amp;p=cpn_cookies\" target=\"_blank\" rel=\"noopener\">Google Chrome<\/a><\/li>\n<li><a href=\"https:\/\/support.mozilla.org\/it\/kb\/Attivare%20e%20disattivare%20i%20cookie\" target=\"_blank\" rel=\"noopener\">Mozilla Firefox<\/a><\/li>\n<li><a href=\"https:\/\/support.apple.com\/it-it\/guide\/safari\/manage-cookies-and-website-data-sfri11471\/\" target=\"_blank\" rel=\"noopener\">Apple Safari<\/a><\/li>\n<li><a href=\"http:\/\/windows.microsoft.com\/it-it\/windows-vista\/block-or-allow-cookies\" target=\"_blank\" rel=\"noopener\">Microsoft Internet Explorer<\/a><\/li>\n<li><a href=\"https:\/\/support.microsoft.com\/it-it\/help\/4027947\" target=\"_blank\" rel=\"noopener\">Microsoft Edge<\/a><\/li>\n<li><a href=\"https:\/\/support.brave.com\/hc\/articles\/360022806212-How-do-I-use-Shields-while-browsing\" target=\"_blank\" rel=\"noopener\">Tapfer<\/a><\/li>\n<li><a href=\"https:\/\/help.opera.com\/latest\/web-preferences\/#cookies\" target=\"_blank\" rel=\"noopener\">Oper<\/a><\/li>\n<\/ul>\n<p>Benutzer k\u00f6nnen auch bestimmte Mobile Application Tracking Tools verwalten, indem sie diese \u00fcber die entsprechenden Ger\u00e4teeinstellungen deaktivieren, wie z.B. die Einstellungen f\u00fcr mobile Werbung oder die Tracking-Einstellungen im Allgemeinen (Benutzer k\u00f6nnen ihre Ger\u00e4teeinstellungen konsultieren, um die entsprechenden Einstellungen zu finden).<\/p>\n<p><strong>Folgen der Weigerung, Tracking Tools zu verwenden<\/strong><\/p>\n<p>Es liegt im Ermessen des Nutzers, ob er die Verwendung von Tracking Tools zulassen m\u00f6chte oder nicht. Bitte beachten Sie jedoch, dass die Tracking-Tools es dieser Website erm\u00f6glichen, den Nutzern ein besseres Erlebnis und erweiterte Funktionen zu bieten (im Einklang mit den in diesem Dokument beschriebenen Zwecken). Wenn der Nutzer beschlie\u00dft, die Verwendung von Tracking-Tools zu blockieren, kann der Datenverantwortliche daher m\u00f6glicherweise die entsprechenden Funktionen nicht bereitstellen.<\/p>\n<h3>Data Controller<\/h3>\n<p><strong>Finat Srl <\/strong><br \/>\nVia della Liberazione, 21 &#8211; 20098 San Giuliano Milanese (MI)<br \/>\nP. Iva 09404820962<br \/>\n<strong>E-Mail Adresse des Eigent\u00fcmers<\/strong>: finat@finatsrl.it<\/p>\n<p>Da die Verwendung von Tracking-Tools von Dritten auf dieser Website nicht vollst\u00e4ndig vom Eigent\u00fcmer kontrolliert werden kann, ist jeder spezifische Verweis auf Tracking-Tools von Dritten nur als Hinweis zu verstehen. F\u00fcr vollst\u00e4ndige Informationen werden die Nutzer gebeten, die Datenschutzrichtlinien der jeweiligen in diesem Dokument aufgef\u00fchrten Drittanbieterdienste zu konsultieren.<\/p>\n<p>Angesichts der objektiven Komplexit\u00e4t der Identifizierung von Tracking-Technologien werden die Nutzer gebeten, sich an den f\u00fcr die Datenverarbeitung Verantwortlichen zu wenden, wenn sie weitere Informationen \u00fcber die Verwendung solcher Technologien auf dieser Website erhalten m\u00f6chten.<\/p>\n<h3>Definitionen und rechtliche Hinweise<\/h3>\n<p><strong>Pers\u00f6nliche Daten (oder Daten)<\/strong><\/p>\n<p>Personenbezogene Daten sind alle Informationen, die direkt oder indirekt, auch in Verbindung mit anderen Informationen, einschlie\u00dflich einer pers\u00f6nlichen Identifikationsnummer, eine nat\u00fcrliche Person identifizierbar oder identifizierbar machen.<\/p>\n<p><strong>Verwendungsdaten<\/strong><\/p>\n<p>Dabei handelt es sich um die Informationen, die automatisch \u00fcber diese Website (einschlie\u00dflich der in diese Website integrierten Anwendungen Dritter) erfasst werden, darunter: IP-Adressen oder Domain-Namen der Computer, die vom Benutzer verwendet werden, der sich mit dieser Website verbindet, URI (Uniform Resource Identifier)-Notationsadressen, die Uhrzeit der Anfrage, die zur Weiterleitung der Anfrage an den Server verwendete Methode, die Gr\u00f6\u00dfe der als Antwort erhaltenen Datei, der Zahlencode, der den Status der Serverantwort angibt (erfolgreich, Fehler usw.), das Herkunftsland, die Merkmale des vom Besucher verwendeten Browsers und Betriebssystems, die verschiedenen zeitlichen Konnotationen des Besuchs (z. B. die auf jeder Seite verbrachte Zeit) und Einzelheiten der vom Benutzer verfolgten Reiseroute.), das Herkunftsland, die Merkmale des vom Besucher verwendeten Browsers und Betriebssystems, die verschiedenen zeitlichen Aspekte des Besuchs (z.B. die auf jeder Seite verbrachte Zeit) und die Einzelheiten der Reiseroute innerhalb der Anwendung, insbesondere die Reihenfolge der aufgerufenen Seiten, die Parameter des Betriebssystems und die IT-Umgebung des Benutzers.<\/p>\n<p><strong>Benutzer<\/strong><\/p>\n<p>Die Person, die diese Website nutzt und die, sofern nicht anders angegeben, die betroffene Person ist.<\/p>\n<p><strong>Interessiert<\/strong><\/p>\n<p>Die nat\u00fcrliche Person, auf die sich die pers\u00f6nlichen Daten beziehen.<\/p>\n<p><strong>Bearbeiter (oder Manager)<\/strong><\/p>\n<p>Die nat\u00fcrliche Person, die juristische Person, die \u00f6ffentliche Verwaltung und jede andere Stelle, die personenbezogene Daten im Auftrag des f\u00fcr die Verarbeitung Verantwortlichen verarbeitet, wie in dieser Datenschutzrichtlinie dargelegt.<\/p>\n<p><strong>Data Controller (oder Eigent\u00fcmer)<\/strong><\/p>\n<p>Die nat\u00fcrliche oder juristische Person, Beh\u00f6rde, Dienststelle oder sonstige Einrichtung, die allein oder gemeinsam mit anderen \u00fcber die Zwecke und Mittel der Verarbeitung personenbezogener Daten und die eingesetzten Instrumente, einschlie\u00dflich der Sicherheitsma\u00dfnahmen im Zusammenhang mit dem Betrieb und der Nutzung dieser Website, entscheidet. Der Datenverantwortliche ist, sofern nicht anders angegeben, der Eigent\u00fcmer dieser Website.<\/p>\n<p><strong>Diese Website (oder diese Anwendung)<\/strong><\/p>\n<p>Das Hardware- oder Softwaretool, mit dem die pers\u00f6nlichen Daten der Benutzer gesammelt und verarbeitet werden.<\/p>\n<p><strong>Service<\/strong><\/p>\n<p>Der von dieser Website angebotene Dienst, wie in den entsprechenden Bedingungen (falls vorhanden) auf dieser Website\/Anwendung definiert.<\/p>\n<p><strong>Europ\u00e4ische Union (oder EU)<\/strong><\/p>\n<p>Sofern nicht anders angegeben, gilt jede Bezugnahme auf die Europ\u00e4ische Union in diesem Dokument als Bezugnahme auf alle derzeitigen Mitgliedstaaten der Europ\u00e4ischen Union und des Europ\u00e4ischen Wirtschaftsraums.<\/p>\n<p><strong>Cookies<\/strong><\/p>\n<p>Cookies sind Tracking-Tools, die aus kleinen Datenmengen bestehen, die im Browser des Benutzers gespeichert werden.<\/p>\n<p><strong>Tracking-Tool<\/strong><\/p>\n<p>Tracking-Tool bezeichnet jede Technologie &#8211; z. B. Cookies, eindeutige Identifikatoren, Web-Beacons, eingebettete Skripte, E-Tags und Fingerabdr\u00fccke -, die es erm\u00f6glicht, den Nutzer zu verfolgen, z. B. durch das Sammeln oder Speichern von Informationen auf dem Ger\u00e4t des Nutzers.<\/p>\n<h3>Rechtliche Hinweise<\/h3>\n<p>Sofern nicht anders angegeben, bezieht sich diese Datenschutzrichtlinie ausschlie\u00dflich auf diese Website.<\/p>\n<p>&nbsp;<\/p>\n","protected":false},"excerpt":{"rendered":"<p>Cookie-Richtlinie der Website www.finatsrl.it Dieses Dokument enth\u00e4lt Informationen \u00fcber die Technologien, die es dieser Website erm\u00f6glichen, die unten beschriebenen Zwecke zu erreichen. Diese Technologien erm\u00f6glichen es dem Eigent\u00fcmer, Informationen zu sammeln und zu speichern (z. B. durch die Verwendung von Cookies) oder Ressourcen (z. B. durch die Ausf\u00fchrung eines Skripts) auf dem Ger\u00e4t des Nutzers&#8230;<\/p>\n","protected":false},"author":1,"featured_media":0,"parent":0,"menu_order":0,"comment_status":"closed","ping_status":"closed","template":"","meta":{"_acf_changed":false,"footnotes":""},"class_list":["post-1194","page","type-page","status-publish","hentry"],"acf":[],"_links":{"self":[{"href":"https:\/\/finatsrl.it\/de\/wp-json\/wp\/v2\/pages\/1194","targetHints":{"allow":["GET"]}}],"collection":[{"href":"https:\/\/finatsrl.it\/de\/wp-json\/wp\/v2\/pages"}],"about":[{"href":"https:\/\/finatsrl.it\/de\/wp-json\/wp\/v2\/types\/page"}],"author":[{"embeddable":true,"href":"https:\/\/finatsrl.it\/de\/wp-json\/wp\/v2\/users\/1"}],"replies":[{"embeddable":true,"href":"https:\/\/finatsrl.it\/de\/wp-json\/wp\/v2\/comments?post=1194"}],"version-history":[{"count":6,"href":"https:\/\/finatsrl.it\/de\/wp-json\/wp\/v2\/pages\/1194\/revisions"}],"predecessor-version":[{"id":7146,"href":"https:\/\/finatsrl.it\/de\/wp-json\/wp\/v2\/pages\/1194\/revisions\/7146"}],"wp:attachment":[{"href":"https:\/\/finatsrl.it\/de\/wp-json\/wp\/v2\/media?parent=1194"}],"curies":[{"name":"wp","href":"https:\/\/api.w.org\/{rel}","templated":true}]}}