{"id":1155,"date":"2024-10-18T15:19:24","date_gmt":"2024-10-18T13:19:24","guid":{"rendered":"https:\/\/finatnew.newhosting.intellijam.com\/?page_id=1155"},"modified":"2024-10-24T14:20:25","modified_gmt":"2024-10-24T12:20:25","slug":"klebetechniken","status":"publish","type":"page","link":"https:\/\/finatsrl.it\/de\/klebetechniken\/","title":{"rendered":"Klebetechniken"},"content":{"rendered":"<section class=\"l-section wpb_row us_custom_19c9dae9 us_animate_this height_medium full_height valign_bottom color_secondary with_img\"><div class=\"l-section-img\" role=\"img\" aria-label=\"Bild\" data-img-width=\"960\" data-img-height=\"680\" style=\"background-image: url(https:\/\/finatsrl.it\/wp-content\/uploads\/2024\/10\/FINAT_assemblare_1.jpg);background-repeat: no-repeat;\"><\/div><div class=\"l-section-overlay\" style=\"background:rgba(0,0,0,0.50)\"><\/div><div class=\"l-section-h i-cf\"><div class=\"g-cols vc_row via_flex valign_bottom type_default stacking_default\"><div class=\"vc_col-sm-12 wpb_column vc_column_container\"><div class=\"vc_column-inner\"><div class=\"wpb_wrapper\"><h1 class=\"w-text us_custom_bd333703 us_animate_this\"><span class=\"w-text-h\"><span class=\"w-text-value\">Klebetechniken<\/span><\/span><\/h1><div class=\"w-separator size_custom\" style=\"height:6vmax\" id=\"f539\"><style>@media(max-width:600px){ #f539{height:10vmax!important}}<\/style><\/div><\/div><\/div><\/div><\/div><\/div><\/section><section class=\"l-section wpb_row height_medium\"><div class=\"l-section-h i-cf\"><div class=\"g-cols vc_row via_flex valign_top type_default stacking_default\"><div class=\"vc_col-sm-12 wpb_column vc_column_container\"><div class=\"vc_column-inner\"><div class=\"wpb_wrapper\"><h2 class=\"w-text us_custom_06db6943 has_text_color us_animate_this\"><span class=\"w-text-h\"><span class=\"w-text-value\">Beschichten, verbinden, versiegeln, abkleben, verpacken, abgrenzen<\/span><\/span><\/h2><\/div><\/div><\/div><\/div><\/div><\/section><section class=\"l-section wpb_row us_custom_4af741be height_auto width_full color_alternate\"><div class=\"l-section-h i-cf\"><div class=\"g-cols vc_row via_flex valign_top type_boxes\"><div class=\"vc_col-sm-6 wpb_column vc_column_container stretched\"><div class=\"vc_column-inner us_custom_4af741be type_sticky\"><div class=\"wpb_wrapper\" style=\"top:0\"><div class=\"w-slider us_custom_4af741be style_none fit_cover nav_none has_ratio count_7\" style=\"--aspect-ratio: 1\/1;\"><div class=\"w-slider-h\" aria-hidden=\"true\"><div class=\"royalSlider\"><div class=\"rsContent\"><a class=\"rsImg\" data-rsw=\"690\" data-rsh=\"960\" href=\"https:\/\/finatsrl.it\/wp-content\/uploads\/2024\/10\/FINAT_monoadesivi_7.jpg\"><span data-alt=\"\"><\/span><\/a><\/div><div class=\"rsContent\"><a class=\"rsImg\" data-rsw=\"960\" data-rsh=\"641\" href=\"https:\/\/finatsrl.it\/wp-content\/uploads\/2024\/10\/FINAT_monoadesivi_6.jpg\"><span data-alt=\"\"><\/span><\/a><\/div><div class=\"rsContent\"><a class=\"rsImg\" data-rsw=\"980\" data-rsh=\"701\" href=\"https:\/\/finatsrl.it\/wp-content\/uploads\/2024\/10\/FINAT_monoadesivi_3.jpg\"><span data-alt=\"\"><\/span><\/a><\/div><div class=\"rsContent\"><a class=\"rsImg\" data-rsw=\"1128\" data-rsh=\"1195\" href=\"https:\/\/finatsrl.it\/wp-content\/uploads\/2024\/10\/FINAT_monoadesivi_1.jpg\"><span data-alt=\"\"><\/span><\/a><\/div><div class=\"rsContent\"><a class=\"rsImg\" data-rsw=\"960\" data-rsh=\"717\" href=\"https:\/\/finatsrl.it\/wp-content\/uploads\/2024\/10\/FINAT_monoadesivi_5.jpg\"><span data-alt=\"\"><\/span><\/a><\/div><div class=\"rsContent\"><a class=\"rsImg\" data-rsw=\"914\" data-rsh=\"1077\" href=\"https:\/\/finatsrl.it\/wp-content\/uploads\/2024\/10\/FINAT_monoadesivi_4.jpg\"><span data-alt=\"\"><\/span><\/a><\/div><div class=\"rsContent\"><a class=\"rsImg\" data-rsw=\"980\" data-rsh=\"667\" href=\"https:\/\/finatsrl.it\/wp-content\/uploads\/2024\/10\/FINAT_monoadesivi_2.jpg\"><span data-alt=\"\"><\/span><\/a><\/div><\/div><img decoding=\"async\" src=\"https:\/\/finatsrl.it\/wp-content\/uploads\/2024\/10\/FINAT_monoadesivi_7.jpg\" width=\"690\" height=\"960\" loading=\"lazy\" alt=\"\"><\/div><div class=\"w-slider-json\" onclick='return {&quot;autoScaleSlider&quot;:false,&quot;addActiveClass&quot;:true,&quot;loop&quot;:true,&quot;fadeInLoadedSlide&quot;:false,&quot;slidesSpacing&quot;:0,&quot;imageScalePadding&quot;:0,&quot;numImagesToPreload&quot;:2,&quot;arrowsNav&quot;:false,&quot;arrowsNavAutoHide&quot;:false,&quot;transitionType&quot;:&quot;fade&quot;,&quot;transitionSpeed&quot;:300,&quot;block&quot;:{&quot;moveEffect&quot;:&quot;none&quot;,&quot;speed&quot;:300},&quot;thumbs&quot;:{&quot;fitInViewport&quot;:false,&quot;firstMargin&quot;:false,&quot;spacing&quot;:4},&quot;controlNavigation&quot;:&quot;none&quot;,&quot;autoplay&quot;:{&quot;enabled&quot;:true,&quot;pauseOnHover&quot;:false,&quot;delay&quot;:3000}}'><\/div><\/div><\/div><\/div><\/div><div data-us-scroll=\"{&quot;from_initial_position&quot;:&quot;0&quot;,&quot;start_position&quot;:&quot;0%&quot;,&quot;end_position&quot;:&quot;100%&quot;,&quot;delay&quot;:&quot;0.1s&quot;,&quot;translate_y_direction&quot;:&quot;up&quot;,&quot;translate_y_speed&quot;:&quot;0.4x&quot;}\" class=\"vc_col-sm-6 wpb_column vc_column_container no_scroll_effects has_scroll_effects has_translate_y\"><div class=\"vc_column-inner us_custom_fdcab3db\"><div class=\"wpb_wrapper\"><div class=\"wpb_text_column\"><div class=\"wpb_wrapper\"><h4>Verschiedene Typen von einseitigen Klebeb\u00e4ndern mit unterschiedlichen Tr\u00e4germaterialien&#8230;<\/h4>\n<p>\u2026f\u00fcr die unterschiedlichsten industriellen Anwendungen, jeweils spezifisch f\u00fcr die Art des Verarbeitungsprozesses des Produkts, die Eigenschaften des Materials, die Bedingungen und Zeiten der Anwendung und des Gebrauchs.<\/p>\n<p>Dazu geh\u00f6ren Klebeb\u00e4nder zur Bereichsabgrenzung und vertikalen oder horizontalen Beschilderung, auch f\u00fcr begehbare oder befahrbare Fl\u00e4chen wie Docks oder Lagerhallen; Klebeb\u00e4nder zur thermischen, EMI\/RFI- und chemischen Abschirmung, zur Maskierung bei Hochtemperatur-Pulverbeschichtungsprozessen, zum Flammen-, Hitze- und Abriebschutz, zur Einfassung und Verst\u00e4rkung von Papier, Folie und anderen Materialien; rutschhemmende B\u00e4nder (Safety Walk) zur Erh\u00f6hung der Reibung oder UHMW-Antihaftb\u00e4nder f\u00fcr leichteres Gleiten; B\u00e4nder zum statischen Verbinden von Filmenden, auch Silikon- oder w\u00e4rmeh\u00e4rtende B\u00e4nder zum Verbinden von Glasfasergeweben, Filzen und Abdeckmaterialien.<\/p>\n<p>Au\u00dferdem: atmungsaktive B\u00e4nder speziell f\u00fcr Sch\u00e4umprozesse; hochanpassungsf\u00e4hige, schwingungsd\u00e4mpfende Aluminiumb\u00e4nder zur Reduzierung von Vibrationen in allen Baugruppen, die Bewegungen und Schwingungen ausgesetzt sind; Verpackungsb\u00e4nder aus Kunststoff oder Papier, \u00f6kologisch oder manipulationssicher; Dichtungsb\u00e4nder f\u00fcr verschiedene Arten von Au\u00dfenverkleidungen, Platten und andere Materialien; Folien f\u00fcr dauerhafte Thermotransfer-Etiketten und Urethan-Gummipuffer zur D\u00e4mpfung von St\u00f6\u00dfen und Rutschen.<\/p>\n<\/div><\/div><div class=\"w-separator size_medium\"><\/div><div class=\"w-iconbox us_custom_e39f027f has_text_color iconpos_left style_outlined color_primary align_left no_text\"><a href=\"#vantaggi-adesivi\" class=\"w-iconbox-link\" aria-label=\"Vorteile\"><div class=\"w-iconbox-icon\" style=\"font-size:20px;\"><i class=\"fal fa-star\"><\/i><\/div><\/a><div class=\"w-iconbox-meta\"><div class=\"w-iconbox-title\" style=\"font-size:1rem;\"><a href=\"#vantaggi-adesivi\" class=\"w-iconbox-link\" aria-label=\"Vorteile\">Vorteile<\/a><\/div><\/div><\/div><\/div><\/div><\/div><\/div><\/div><\/section><section class=\"l-section wpb_row height_medium\"><div class=\"l-section-h i-cf\"><div class=\"g-cols vc_row via_flex valign_top type_default stacking_default\"><div class=\"vc_col-sm-12 wpb_column vc_column_container\"><div class=\"vc_column-inner\"><div class=\"wpb_wrapper\"><h2 class=\"w-text us_custom_06db6943 has_text_color us_animate_this\"><span class=\"w-text-h\"><span class=\"w-text-value\">Montage<\/span><\/span><\/h2><\/div><\/div><\/div><\/div><\/div><\/section><section class=\"l-section wpb_row us_custom_4af741be height_auto width_full color_alternate\"><div class=\"l-section-h i-cf\"><div class=\"g-cols vc_row via_flex valign_top type_boxes reversed\"><div data-us-scroll=\"{&quot;from_initial_position&quot;:&quot;0&quot;,&quot;start_position&quot;:&quot;0%&quot;,&quot;end_position&quot;:&quot;100%&quot;,&quot;delay&quot;:&quot;0.1s&quot;,&quot;translate_y_direction&quot;:&quot;up&quot;,&quot;translate_y_speed&quot;:&quot;0.4x&quot;}\" class=\"vc_col-sm-6 wpb_column vc_column_container no_scroll_effects has_scroll_effects has_translate_y\"><div class=\"vc_column-inner us_custom_fdcab3db\"><div class=\"wpb_wrapper\"><div class=\"wpb_text_column\"><div class=\"wpb_wrapper\"><h4>Eine riesige Produktpalette zur Montage der unterschiedlichsten Materialkombinationen&#8230;<\/h4>\n<p>\u2026von gro\u00dfen Fl\u00e4chen bis hin zu Mikro-Komponenten f\u00fcr dauerhafte Befestigungen, abnehmbar oder wiederverschlie\u00dfbar, starr oder flexibel, die selbst extremen Temperaturen und Umweltbedingungen ausgesetzt werden k\u00f6nnen.<\/p>\n<p>Spr\u00fch- und Fl\u00fcssigklebstoffe f\u00fcr gro\u00dfe Fl\u00e4chen; ein- und zweikomponentige Strukturklebstoffe, leicht, mit hoher Belastbarkeit; Schmelzklebstoffe; Hybrid- und Polyurethan-Dichtstoffe in Kartuschen, die eine hohe Dichtungsleistung mit den Vorteilen eines Dichtstoffs verbinden; Cyanacrylate f\u00fcr schnelle und pr\u00e4zise Verklebungen; anaerobe Klebstoffe, die sich als Tr\u00e4ger f\u00fcr Gewinde, Dichtungen, Fittings und koaxiale Verschl\u00fcsse eignen und eine hohe Dichtigkeit gegen Leckagen und Korrosion garantieren; spezielle Produkte f\u00fcr den Flexodruck.<\/p>\n<p>Doppelseitige Transferklebeb\u00e4nder, bestehend aus Klebstoff ohne Innentr\u00e4ger, mit Dicken ab 0,03 mm, einsetzbar mit Spendern und auch in speziellen Formulierungen wie leitf\u00e4hig, Hochtemperatur oder ultratransparent erh\u00e4ltlich.<\/p>\n<p>Doppelseitige Klebeb\u00e4nder mit Papier-, Vlies-, Kunststofffolien- oder Schaumstofftr\u00e4ger, auch f\u00fcr die Montage von ungleichen Materialien und bei unregelm\u00e4\u00dfigen Oberfl\u00e4chen zur \u00dcberbr\u00fcckung von Unebenheiten.<\/p>\n<p>Hochleistungs-VHB-Acrylschaumklebeb\u00e4nder (Very High Bond), die traditionelle mechanische Montagesysteme ersetzen k\u00f6nnen, w\u00e4hrend sie dynamische Belastungen absorbieren und Baugruppen mit h\u00f6herer Qualit\u00e4t und Festigkeit, besserer \u00c4sthetik, weniger Vibrationen und mehr Best\u00e4ndigkeit gegen Korrosion und \u00e4u\u00dfere Einfl\u00fcsse bieten. F\u00fcr eine Reihe spezifischer Anforderungen, z. B. f\u00fcr Anwendungen bei niedrigen Temperaturen, sind die transparenten und brandneuen LSE erh\u00e4ltlich, die sich ideal f\u00fcr Materialien mit niedriger Oberfl\u00e4chenenergie eignet, wie z. B. Polypropylen und Polyethylen, die mit herk\u00f6mmlichen Klebstoffen schwer zu verkleben sind.<\/p>\n<p>Wiederverschlie\u00dfbare Befestigungssysteme wie 3M Dual Lock und 3M Scotchmate bieten ein H\u00f6chstma\u00df an Designfreiheit und Montagekomfort, da sie so konstruiert sind, dass sie tausende von \u00d6ffnungs- und Schlie\u00dfvorg\u00e4ngen \u00fcberstehen.<\/p>\n<\/div><\/div><div class=\"w-separator size_medium\"><\/div><div class=\"w-iconbox us_custom_e39f027f has_text_color iconpos_left style_outlined color_primary align_left no_text\"><a href=\"#vantaggi-adesivi\" class=\"w-iconbox-link\" aria-label=\"Vorteile\"><div class=\"w-iconbox-icon\" style=\"font-size:20px;\"><i class=\"fal fa-star\"><\/i><\/div><\/a><div class=\"w-iconbox-meta\"><div class=\"w-iconbox-title\" style=\"font-size:1rem;\"><a href=\"#vantaggi-adesivi\" class=\"w-iconbox-link\" aria-label=\"Vorteile\">Vorteile<\/a><\/div><\/div><\/div><\/div><\/div><\/div><div class=\"vc_col-sm-6 wpb_column vc_column_container stretched\"><div class=\"vc_column-inner us_custom_4af741be type_sticky\"><div class=\"wpb_wrapper\" style=\"top:0\"><div class=\"w-slider us_custom_4af741be style_none fit_cover nav_none has_ratio count_7\" style=\"--aspect-ratio: 1\/1;\"><div class=\"w-slider-h\" aria-hidden=\"true\"><div class=\"royalSlider\"><div class=\"rsContent\"><a class=\"rsImg\" data-rsw=\"960\" data-rsh=\"680\" href=\"https:\/\/finatsrl.it\/wp-content\/uploads\/2024\/10\/FINAT_assemblare_1.jpg\"><span data-alt=\"\"><\/span><\/a><\/div><div class=\"rsContent\"><a class=\"rsImg\" data-rsw=\"960\" data-rsh=\"845\" href=\"https:\/\/finatsrl.it\/wp-content\/uploads\/2024\/10\/FINAT_assemblare_3.jpg\"><span data-alt=\"\"><\/span><\/a><\/div><div class=\"rsContent\"><a class=\"rsImg\" data-rsw=\"1334\" data-rsh=\"2000\" href=\"https:\/\/finatsrl.it\/wp-content\/uploads\/2024\/10\/FINAT_assemblare_5-scaled.jpg\"><span data-alt=\"\"><\/span><\/a><\/div><div class=\"rsContent\"><a class=\"rsImg\" data-rsw=\"648\" data-rsh=\"960\" href=\"https:\/\/finatsrl.it\/wp-content\/uploads\/2024\/10\/FINAT_assemblare_7.jpg\"><span data-alt=\"\"><\/span><\/a><\/div><div class=\"rsContent\"><a class=\"rsImg\" data-rsw=\"630\" data-rsh=\"837\" href=\"https:\/\/finatsrl.it\/wp-content\/uploads\/2024\/10\/FINAT_assemblare_4.jpg\"><span data-alt=\"\"><\/span><\/a><\/div><div class=\"rsContent\"><a class=\"rsImg\" data-rsw=\"960\" data-rsh=\"928\" href=\"https:\/\/finatsrl.it\/wp-content\/uploads\/2024\/10\/FINAT_assemblare_2.jpg\"><span data-alt=\"\"><\/span><\/a><\/div><div class=\"rsContent\"><a class=\"rsImg\" data-rsw=\"960\" data-rsh=\"641\" href=\"https:\/\/finatsrl.it\/wp-content\/uploads\/2024\/10\/FINAT_assemblare_6.jpg\"><span data-alt=\"\"><\/span><\/a><\/div><\/div><img decoding=\"async\" src=\"https:\/\/finatsrl.it\/wp-content\/uploads\/2024\/10\/FINAT_assemblare_1.jpg\" width=\"960\" height=\"680\" loading=\"lazy\" alt=\"\"><\/div><div class=\"w-slider-json\" onclick='return {&quot;autoScaleSlider&quot;:false,&quot;addActiveClass&quot;:true,&quot;loop&quot;:true,&quot;fadeInLoadedSlide&quot;:false,&quot;slidesSpacing&quot;:0,&quot;imageScalePadding&quot;:0,&quot;numImagesToPreload&quot;:2,&quot;arrowsNav&quot;:false,&quot;arrowsNavAutoHide&quot;:false,&quot;transitionType&quot;:&quot;fade&quot;,&quot;transitionSpeed&quot;:300,&quot;block&quot;:{&quot;moveEffect&quot;:&quot;none&quot;,&quot;speed&quot;:300},&quot;thumbs&quot;:{&quot;fitInViewport&quot;:false,&quot;firstMargin&quot;:false,&quot;spacing&quot;:4},&quot;controlNavigation&quot;:&quot;none&quot;,&quot;autoplay&quot;:{&quot;enabled&quot;:true,&quot;pauseOnHover&quot;:false,&quot;delay&quot;:3000}}'><\/div><\/div><\/div><\/div><\/div><\/div><\/div><\/section><section class=\"l-section wpb_row height_medium\" id=\"vantaggi-adesivi\"><div class=\"l-section-h i-cf\"><div class=\"g-cols vc_row via_flex valign_top type_default stacking_default\"><div class=\"vc_col-sm-12 wpb_column vc_column_container\"><div class=\"vc_column-inner\"><div class=\"wpb_wrapper\"><div class=\"w-separator size_small\"><\/div><h2 class=\"w-text us_custom_06db6943 has_text_color us_animate_this\"><span class=\"w-text-h\"><span class=\"w-text-value\">Vorteile<\/span><\/span><\/h2><div class=\"w-separator size_small\"><\/div><section class=\"l-section wpb_row height_auto width_full\"><div class=\"l-section-h i-cf\"><div class=\"g-cols vc_row via_flex valign_top type_default stacking_default\"><div class=\"vc_col-sm-12 wpb_column vc_column_container\"><div class=\"vc_column-inner\"><div class=\"wpb_wrapper\">[vc_raw_html css=&#8220;%7B%22default%22%3A%7B%22animation-name%22%3A%22afr%22%2C%22animation-delay%22%3A%220.5s%22%7D%7D&#8220;]JTNDZGl2JTIwY2xhc3MlM0QlMjJmb290ZXItbGluZSUyMHJlbGF0aXZlJTIyJTNFJTBBJTNDZGl2JTIwY2xhc3MlM0QlMjJwb2ludCUyMHBvaW50LWxlZnQlMjIlM0UlM0MlMkZkaXYlM0UlMEElM0MlMkZkaXYlM0U=[\/vc_raw_html]<\/div><\/div><\/div><\/div><\/div><\/section>\n<div class=\"w-separator size_medium\"><\/div><div class=\"g-cols wpb_row via_flex valign_top type_default stacking_default\"><div class=\"vc_col-sm-6 wpb_column vc_column_container\"><div class=\"vc_column-inner us_custom_f70d789f us_animate_this\"><div class=\"wpb_wrapper\"><div class=\"w-iconbox iconpos_left style_default color_primary align_left\"><div class=\"w-iconbox-icon\" style=\"font-size:2rem;\"><i class=\"fal fa-thumbs-up\"><\/i><\/div><div class=\"w-iconbox-meta\"><h3 class=\"w-iconbox-title\" style=\"font-size:1.5rem;\">Effizienz der Produktion<\/h3><div class=\"w-iconbox-text\"><p>Klebel\u00f6sungen k\u00f6nnen die Effizienz des Produktionsprozesses verbessern, indem sie die Montage- und Handhabungszeit von Halbfertigprodukten verk\u00fcrzen, die Arbeitsabl\u00e4ufe vereinfachen, die Kosten senken und die Fehlerm\u00f6glichkeiten begrenzen.<\/p>\n<\/div><\/div><\/div><\/div><\/div><\/div><div class=\"vc_col-sm-6 wpb_column vc_column_container\"><div class=\"vc_column-inner us_custom_f70d789f us_animate_this\"><div class=\"wpb_wrapper\"><div class=\"w-iconbox iconpos_left style_default color_primary align_left\"><div class=\"w-iconbox-icon\" style=\"font-size:2rem;\"><i class=\"fal fa-layer-group\"><\/i><\/div><div class=\"w-iconbox-meta\"><h3 class=\"w-iconbox-title\" style=\"font-size:1.5rem;\">Freie Materialwahl bei der Zusammensetzung<\/h3><div class=\"w-iconbox-text\"><p>Das Design wird freier von Zw\u00e4ngen. Mit Klebstoffen ist es m\u00f6glich, ungleiche Materialien mit unterschiedlicher W\u00e4rmeausdehnung zu verbinden, wobei sie dank neuester Innovationen nun auch bei schwer zu verbindenden Materialien eingesetzt werden k\u00f6nnen, wie z. B. bei Kunststoffen mit geringer Oberfl\u00e4chenenergie, \u00f6ligen Metallen und Silikonkautschuken.<\/p>\n<\/div><\/div><\/div><\/div><\/div><\/div><\/div><div class=\"w-separator size_medium\"><\/div><div class=\"g-cols wpb_row via_flex valign_top type_default stacking_default\"><div class=\"vc_col-sm-6 wpb_column vc_column_container\"><div class=\"vc_column-inner us_custom_f70d789f us_animate_this\"><div class=\"wpb_wrapper\"><div class=\"w-iconbox iconpos_left style_default color_primary align_left\"><div class=\"w-iconbox-icon\" style=\"font-size:2rem;\"><i class=\"fal fa-image\"><\/i><\/div><div class=\"w-iconbox-meta\"><h3 class=\"w-iconbox-title\" style=\"font-size:1.5rem;\">Produktdesign<\/h3><div class=\"w-iconbox-text\"><p>Klebstoffe verhindern eine Beeintr\u00e4chtigung des Designs von Au\u00dfenfl\u00e4chen durch hervorstehende Schrauben, Nietk\u00f6pfe, Muttern oder Bolzen. Sie vereinfachen die Konstruktion und vermeiden den Kosten- und Zeitaufwand f\u00fcr die Nachbearbeitung von Schwei\u00dfn\u00e4hten. Bei einem guten Montageprojekt sind Klebetechniken unsichtbar und leicht.<\/p>\n<\/div><\/div><\/div><\/div><\/div><\/div><div class=\"vc_col-sm-6 wpb_column vc_column_container\"><div class=\"vc_column-inner us_custom_f70d789f us_animate_this\"><div class=\"wpb_wrapper\"><div class=\"w-iconbox iconpos_left style_default color_primary align_left\"><div class=\"w-iconbox-icon\" style=\"font-size:2rem;\"><i class=\"fal fa-tachometer-alt-fastest\"><\/i><\/div><div class=\"w-iconbox-meta\"><h3 class=\"w-iconbox-title\" style=\"font-size:1.5rem;\">Produktperformance<\/h3><div class=\"w-iconbox-text\"><p>Mit Klebel\u00f6sungen werden die Probleme der Korrosion und Oxidation von Metallen vermieden, indem eine Schutzbarriere gegen Wasser und andere Verunreinigungen in der Umgebung geschaffen wird. Dar\u00fcber hinaus absorbieren sie aufgrund ihrer viskoelastischen Eigenschaften und der F\u00e4higkeit zur Verteilung der Montagelast auf eine gr\u00f6\u00dfere Fl\u00e4che die Energie besser und verbessern so die Produktleistung in Bezug auf Vibrations-, Spannungs- und Erm\u00fcdungsfestigkeit. Das Produkt bietet eine lang anhaltende Leistung unter extremen Bedingungen.<\/p>\n<\/div><\/div><\/div><\/div><\/div><\/div><\/div><\/div><\/div><\/div><\/div><\/div><\/section><section class=\"l-section wpb_row us_custom_500a5ca0 height_medium color_primary with_shape\"><div class=\"l-section-shape type_wave pos_top hor_flip\" style=\"height:8vmax;\"><svg xmlns=\"http:\/\/www.w3.org\/2000\/svg\" viewBox=\"0 4 64 4\" preserveAspectRatio=\"none\" width=\"100%\" height=\"100%\">\r\n\t<path fill=\"currentColor\" d=\"M64 6 C32 0 32 12 0 6 L0 8 L64 8 Z\"\/>\r\n<\/svg><\/div><div class=\"l-section-h i-cf\"><div class=\"g-cols vc_row via_flex valign_top type_default stacking_default\"><div class=\"vc_col-sm-12 wpb_column vc_column_container\"><div class=\"vc_column-inner\"><div class=\"wpb_wrapper\"><div class=\"w-hwrapper valign_middle wrap align_center\"><div class=\"wpb_text_column us_custom_e7ca866a\"><div class=\"wpb_wrapper\"><p>Unsere Experten k\u00f6nnen helfen!<\/p>\n<\/div><\/div><div class=\"w-btn-wrapper align_none\"><a class=\"w-btn us-btn-style_2\" href=\"\/de\/kontakt\/\"><span class=\"w-btn-label\">Kontakt<\/span><\/a><\/div><\/div><\/div><\/div><\/div><\/div><\/div><\/section>\n","protected":false},"excerpt":{"rendered":"KlebetechnikenBeschichten, verbinden, versiegeln, abkleben, verpacken, abgrenzenVerschiedene Typen von einseitigen Klebeb\u00e4ndern mit unterschiedlichen Tr\u00e4germaterialien&#8230; \u2026f\u00fcr die unterschiedlichsten industriellen Anwendungen, jeweils spezifisch f\u00fcr die Art des Verarbeitungsprozesses des Produkts, die Eigenschaften des Materials, die Bedingungen und Zeiten der Anwendung und des Gebrauchs. Dazu geh\u00f6ren Klebeb\u00e4nder zur Bereichsabgrenzung und vertikalen oder horizontalen Beschilderung, auch f\u00fcr begehbare oder befahrbare...","protected":false},"author":1,"featured_media":412,"parent":0,"menu_order":0,"comment_status":"closed","ping_status":"closed","template":"","meta":{"_acf_changed":false,"footnotes":""},"class_list":["post-1155","page","type-page","status-publish","has-post-thumbnail","hentry"],"acf":[],"_links":{"self":[{"href":"https:\/\/finatsrl.it\/de\/wp-json\/wp\/v2\/pages\/1155","targetHints":{"allow":["GET"]}}],"collection":[{"href":"https:\/\/finatsrl.it\/de\/wp-json\/wp\/v2\/pages"}],"about":[{"href":"https:\/\/finatsrl.it\/de\/wp-json\/wp\/v2\/types\/page"}],"author":[{"embeddable":true,"href":"https:\/\/finatsrl.it\/de\/wp-json\/wp\/v2\/users\/1"}],"replies":[{"embeddable":true,"href":"https:\/\/finatsrl.it\/de\/wp-json\/wp\/v2\/comments?post=1155"}],"version-history":[{"count":3,"href":"https:\/\/finatsrl.it\/de\/wp-json\/wp\/v2\/pages\/1155\/revisions"}],"predecessor-version":[{"id":1158,"href":"https:\/\/finatsrl.it\/de\/wp-json\/wp\/v2\/pages\/1155\/revisions\/1158"}],"wp:featuredmedia":[{"embeddable":true,"href":"https:\/\/finatsrl.it\/de\/wp-json\/wp\/v2\/media\/412"}],"wp:attachment":[{"href":"https:\/\/finatsrl.it\/de\/wp-json\/wp\/v2\/media?parent=1155"}],"curies":[{"name":"wp","href":"https:\/\/api.w.org\/{rel}","templated":true}]}}