{"id":1139,"date":"2024-10-21T09:09:20","date_gmt":"2024-10-21T07:09:20","guid":{"rendered":"https:\/\/finatnew.newhosting.intellijam.com\/?page_id=1139"},"modified":"2024-10-24T13:58:03","modified_gmt":"2024-10-24T11:58:03","slug":"weitere-produkte","status":"publish","type":"page","link":"https:\/\/finatsrl.it\/de\/weitere-produkte\/","title":{"rendered":"Weitere produkte"},"content":{"rendered":"<section class=\"l-section wpb_row us_custom_19c9dae9 us_animate_this height_medium full_height valign_bottom color_secondary with_img\"><div class=\"l-section-img\" role=\"img\" aria-label=\"Bild\" data-img-width=\"1200\" data-img-height=\"820\" style=\"background-image: url(https:\/\/finatsrl.it\/wp-content\/uploads\/2024\/10\/FINAT_dispositivi-protezione-1.jpg);background-repeat: no-repeat;\"><\/div><div class=\"l-section-overlay\" style=\"background:rgba(0,0,0,0.50)\"><\/div><div class=\"l-section-h i-cf\"><div class=\"g-cols vc_row via_flex valign_bottom type_default stacking_default\"><div class=\"vc_col-sm-12 wpb_column vc_column_container\"><div class=\"vc_column-inner\"><div class=\"wpb_wrapper\"><h1 class=\"w-text us_custom_bd333703 us_animate_this\"><span class=\"w-text-h\"><span class=\"w-text-value\">Weitere produkte<\/span><\/span><\/h1><div class=\"w-separator size_custom\" style=\"height:6vmax\" id=\"see6\"><style>@media(max-width:600px){ #see6{height:10vmax!important}}<\/style><\/div><\/div><\/div><\/div><\/div><\/div><\/section><section class=\"l-section wpb_row height_medium\"><div class=\"l-section-h i-cf\"><div class=\"g-cols vc_row via_flex valign_middle type_default stacking_default\"><div class=\"vc_col-sm-6 wpb_column vc_column_container\"><div class=\"vc_column-inner us_custom_4752709d us_animate_this\"><div class=\"wpb_wrapper\"><h3 class=\"w-text us_custom_9f4ba63a has_text_color\"><span class=\"w-text-h\"><span class=\"w-text-value\">Produkte zur Oberfl\u00e4chenvorbereitung<\/span><\/span><\/h3><div class=\"w-separator size_small\"><\/div><section class=\"l-section wpb_row height_auto width_full\"><div class=\"l-section-h i-cf\"><div class=\"g-cols vc_row via_flex valign_top type_default stacking_default\"><div class=\"vc_col-sm-12 wpb_column vc_column_container\"><div class=\"vc_column-inner\"><div class=\"wpb_wrapper\">[vc_raw_html css=&#8220;%7B%22default%22%3A%7B%22animation-name%22%3A%22afr%22%2C%22animation-delay%22%3A%220.5s%22%7D%7D&#8220;]JTNDZGl2JTIwY2xhc3MlM0QlMjJmb290ZXItbGluZSUyMHJlbGF0aXZlJTIyJTNFJTBBJTNDZGl2JTIwY2xhc3MlM0QlMjJwb2ludCUyMHBvaW50LWxlZnQlMjIlM0UlM0MlMkZkaXYlM0UlMEElM0MlMkZkaXYlM0U=[\/vc_raw_html]<\/div><\/div><\/div><\/div><\/div><\/section>\n<div class=\"w-separator size_small\"><\/div><div class=\"wpb_text_column\"><div class=\"wpb_wrapper\"><p>Alles, was Sie f\u00fcr eine ordnungsgem\u00e4\u00dfe Oberfl\u00e4chenvorbereitung vor der Verklebung ben\u00f6tigen, wie:<\/p>\n<p>&#8211; Isopropylalkoholl\u00f6sungen zum Entfetten und Waschen von Oberfl\u00e4chen vor der Verklebung;<\/p>\n<p>&#8211; Industriereiniger zum Entfernen von Fettspuren und R\u00fcckst\u00e4nden fr\u00fcherer Verklebungen;<\/p>\n<p>&#8211; Haftverst\u00e4rker, um bei Bedarf die Haftf\u00e4higkeit des zu verklebenden Substrats zu erh\u00f6hen, erh\u00e4ltlich in verschiedenen Formaten je nach Anwendung und in verschiedenen Formulierungen, allgemein f\u00fcr eine Vielzahl von Oberfl\u00e4chen oder spezifisch f\u00fcr bestimmte Substrate wie Gummi, pulverbeschichtete Oberfl\u00e4chen, Glas und PVC.<\/p>\n<\/div><\/div><\/div><\/div><\/div><div class=\"vc_col-sm-6 wpb_column vc_column_container  has_bg_color stretched\"><div class=\"vc_column-inner us_custom_34e7a58b us_animate_this type_sticky\"><div class=\"wpb_wrapper\" style=\"top:0\"><\/div><\/div><\/div><\/div><\/div><\/section><section class=\"l-section wpb_row height_medium\"><div class=\"l-section-h i-cf\"><div class=\"g-cols vc_row via_flex valign_middle type_default reversed stacking_default\"><div class=\"vc_col-sm-6 wpb_column vc_column_container  has_bg_color stretched\"><div class=\"vc_column-inner us_custom_0defeff0 us_animate_this type_sticky\"><div class=\"wpb_wrapper\" style=\"top:0\"><\/div><\/div><\/div><div class=\"vc_col-sm-6 wpb_column vc_column_container\"><div class=\"vc_column-inner us_custom_56f7604d us_animate_this\"><div class=\"wpb_wrapper\"><h3 class=\"w-text us_custom_83a03b96 has_text_color\"><span class=\"w-text-h\"><span class=\"w-text-value\">Pers\u00f6nliche Schutzausr\u00fcstung<\/span><\/span><\/h3><div class=\"w-separator size_small\"><\/div><section class=\"l-section wpb_row height_auto width_full\"><div class=\"l-section-h i-cf\"><div class=\"g-cols vc_row via_flex valign_middle type_default stacking_default\"><div class=\"vc_col-sm-12 wpb_column vc_column_container\"><div class=\"vc_column-inner\"><div class=\"wpb_wrapper\">[vc_raw_html css=&#8220;%7B%22default%22%3A%7B%22animation-name%22%3A%22afl%22%2C%22animation-delay%22%3A%220.5s%22%7D%7D&#8220;]JTNDZGl2JTIwY2xhc3MlM0QlMjJmb290ZXItbGluZSUyMHJlbGF0aXZlJTIyJTNFJTBBJTNDZGl2JTIwY2xhc3MlM0QlMjJwb2ludCUyMHBvaW50LXJpZ2h0JTIyJTNFJTNDJTJGZGl2JTNFJTBBJTNDJTJGZGl2JTNF[\/vc_raw_html]<\/div><\/div><\/div><\/div><\/div><\/section>\n<div class=\"w-separator size_small\"><\/div><div class=\"wpb_text_column\"><div class=\"wpb_wrapper\"><p>Eine gro\u00dfe Auswahl an pers\u00f6nlicher Schutzausr\u00fcstung f\u00fcr die Industrie, die den Arbeitern den bestm\u00f6glichen Schutz bietet.<\/p>\n<p>Filtermasken f\u00fcr St\u00e4ube, D\u00e4mpfe und Nebel; Halbmasken, Vollmasken, elektrobel\u00fcftete und Druckluftsysteme, P&amp;SA-Schutzhauben, Helme und P&amp;SA-Schutzschilde f\u00fcr den Atemschutz.<\/p>\n<p>Geh\u00f6rschutzst\u00f6psel und -stirnb\u00e4nder, passive Ohrh\u00f6rer und Kapselgeh\u00f6rsch\u00fctzer sowie elektronische Geh\u00f6rschutzst\u00f6psel.<\/p>\n<p>Schutzbrillen und Schutzgl\u00e4ser, \u00dcberbrillen, Schwei\u00dferschutzschilde, Schutzhelme, Visiere und Schutzkleidung.<\/p>\n<\/div><\/div><\/div><\/div><\/div><\/div><\/div><\/section><section class=\"l-section wpb_row height_medium\"><div class=\"l-section-h i-cf\"><div class=\"g-cols vc_row via_flex valign_middle type_default stacking_default\"><div class=\"vc_col-sm-6 wpb_column vc_column_container\"><div class=\"vc_column-inner us_custom_4752709d us_animate_this\"><div class=\"wpb_wrapper\"><h3 class=\"w-text us_custom_83a03b96 has_text_color\"><span class=\"w-text-h\"><span class=\"w-text-value\">Schleifmittel<\/span><\/span><\/h3><div class=\"w-separator size_small\"><\/div><section class=\"l-section wpb_row height_auto width_full\"><div class=\"l-section-h i-cf\"><div class=\"g-cols vc_row via_flex valign_top type_default stacking_default\"><div class=\"vc_col-sm-12 wpb_column vc_column_container\"><div class=\"vc_column-inner\"><div class=\"wpb_wrapper\">[vc_raw_html css=&#8220;%7B%22default%22%3A%7B%22animation-name%22%3A%22afr%22%2C%22animation-delay%22%3A%220.5s%22%7D%7D&#8220;]JTNDZGl2JTIwY2xhc3MlM0QlMjJmb290ZXItbGluZSUyMHJlbGF0aXZlJTIyJTNFJTBBJTNDZGl2JTIwY2xhc3MlM0QlMjJwb2ludCUyMHBvaW50LWxlZnQlMjIlM0UlM0MlMkZkaXYlM0UlMEElM0MlMkZkaXYlM0U=[\/vc_raw_html]<\/div><\/div><\/div><\/div><\/div><\/section>\n<div class=\"w-separator size_small\"><\/div><div class=\"wpb_text_column\"><div class=\"wpb_wrapper\"><p>Schw\u00e4mme, Pads und Schleifscheiben unterschiedlicher Zusammensetzung und K\u00f6rnung, je nach gew\u00fcnschtem Oberfl\u00e4chenfinish.<\/p>\n<\/div><\/div><\/div><\/div><\/div><div class=\"vc_col-sm-6 wpb_column vc_column_container  has_bg_color stretched\"><div class=\"vc_column-inner us_custom_025da711 us_animate_this type_sticky\"><div class=\"wpb_wrapper\" style=\"top:0\"><\/div><\/div><\/div><\/div><\/div><\/section><section class=\"l-section wpb_row us_custom_500a5ca0 height_medium color_primary with_shape\"><div class=\"l-section-shape type_wave pos_top hor_flip\" style=\"height:8vmax;\"><svg xmlns=\"http:\/\/www.w3.org\/2000\/svg\" viewBox=\"0 4 64 4\" preserveAspectRatio=\"none\" width=\"100%\" height=\"100%\">\r\n\t<path fill=\"currentColor\" d=\"M64 6 C32 0 32 12 0 6 L0 8 L64 8 Z\"\/>\r\n<\/svg><\/div><div class=\"l-section-h i-cf\"><div class=\"g-cols vc_row via_flex valign_top type_default stacking_default\"><div class=\"vc_col-sm-12 wpb_column vc_column_container\"><div class=\"vc_column-inner\"><div class=\"wpb_wrapper\"><div class=\"w-hwrapper valign_middle wrap align_center\"><div class=\"wpb_text_column us_custom_e7ca866a\"><div class=\"wpb_wrapper\"><p>Unsere Experten k\u00f6nnen helfen!<\/p>\n<\/div><\/div><div class=\"w-btn-wrapper align_none\"><a class=\"w-btn us-btn-style_2\" href=\"\/de\/kontakt\/\"><span class=\"w-btn-label\">Kontakt<\/span><\/a><\/div><\/div><\/div><\/div><\/div><\/div><\/div><\/section>\n","protected":false},"excerpt":{"rendered":"Weitere produkteProdukte zur Oberfl\u00e4chenvorbereitung[vc_raw_html css=&#8220;%7B%22default%22%3A%7B%22animation-name%22%3A%22afr%22%2C%22animation-delay%22%3A%220.5s%22%7D%7D&#8220;]JTNDZGl2JTIwY2xhc3MlM0QlMjJmb290ZXItbGluZSUyMHJlbGF0aXZlJTIyJTNFJTBBJTNDZGl2JTIwY2xhc3MlM0QlMjJwb2ludCUyMHBvaW50LWxlZnQlMjIlM0UlM0MlMkZkaXYlM0UlMEElM0MlMkZkaXYlM0U=[\/vc_raw_html] Alles, was Sie f\u00fcr eine ordnungsgem\u00e4\u00dfe Oberfl\u00e4chenvorbereitung vor der Verklebung ben\u00f6tigen, wie: &#8211; Isopropylalkoholl\u00f6sungen zum Entfetten und Waschen von Oberfl\u00e4chen vor der Verklebung; &#8211; Industriereiniger zum Entfernen von Fettspuren und R\u00fcckst\u00e4nden fr\u00fcherer Verklebungen; &#8211; Haftverst\u00e4rker, um bei Bedarf die Haftf\u00e4higkeit des zu verklebenden Substrats zu erh\u00f6hen, erh\u00e4ltlich in verschiedenen Formaten...","protected":false},"author":1,"featured_media":440,"parent":0,"menu_order":0,"comment_status":"closed","ping_status":"closed","template":"","meta":{"_acf_changed":false,"footnotes":""},"class_list":["post-1139","page","type-page","status-publish","has-post-thumbnail","hentry"],"acf":[],"_links":{"self":[{"href":"https:\/\/finatsrl.it\/de\/wp-json\/wp\/v2\/pages\/1139","targetHints":{"allow":["GET"]}}],"collection":[{"href":"https:\/\/finatsrl.it\/de\/wp-json\/wp\/v2\/pages"}],"about":[{"href":"https:\/\/finatsrl.it\/de\/wp-json\/wp\/v2\/types\/page"}],"author":[{"embeddable":true,"href":"https:\/\/finatsrl.it\/de\/wp-json\/wp\/v2\/users\/1"}],"replies":[{"embeddable":true,"href":"https:\/\/finatsrl.it\/de\/wp-json\/wp\/v2\/comments?post=1139"}],"version-history":[{"count":4,"href":"https:\/\/finatsrl.it\/de\/wp-json\/wp\/v2\/pages\/1139\/revisions"}],"predecessor-version":[{"id":1143,"href":"https:\/\/finatsrl.it\/de\/wp-json\/wp\/v2\/pages\/1139\/revisions\/1143"}],"wp:featuredmedia":[{"embeddable":true,"href":"https:\/\/finatsrl.it\/de\/wp-json\/wp\/v2\/media\/440"}],"wp:attachment":[{"href":"https:\/\/finatsrl.it\/de\/wp-json\/wp\/v2\/media?parent=1139"}],"curies":[{"name":"wp","href":"https:\/\/api.w.org\/{rel}","templated":true}]}}