{"id":1128,"date":"2024-10-17T18:37:48","date_gmt":"2024-10-17T16:37:48","guid":{"rendered":"https:\/\/finatnew.newhosting.intellijam.com\/?page_id=1128"},"modified":"2025-04-11T10:32:57","modified_gmt":"2025-04-11T08:32:57","slug":"ueber-uns","status":"publish","type":"page","link":"https:\/\/finatsrl.it\/de\/ueber-uns\/","title":{"rendered":"\u00dcber uns"},"content":{"rendered":"<section class=\"l-section wpb_row us_custom_19c9dae9 us_animate_this height_medium full_height valign_bottom color_secondary with_img with_shape\"><div class=\"l-section-img\" role=\"img\" aria-label=\"Bild\" data-img-width=\"1200\" data-img-height=\"777\" style=\"background-image: url(https:\/\/finatsrl.it\/wp-content\/uploads\/2024\/10\/FINAT-chisiamo-1.jpg);background-position: bottom center;background-repeat: no-repeat;\"><\/div><div class=\"l-section-overlay\" style=\"background:rgba(0,0,0,0.50)\"><\/div><div class=\"l-section-shape type_wave pos_bottom\" style=\"height:8vmax;color:var(--color-custom-1)\"><svg xmlns=\"http:\/\/www.w3.org\/2000\/svg\" viewBox=\"0 4 64 4\" preserveAspectRatio=\"none\" width=\"100%\" height=\"100%\">\r\n\t<path fill=\"currentColor\" d=\"M64 6 C32 0 32 12 0 6 L0 8 L64 8 Z\"\/>\r\n<\/svg><\/div><div class=\"l-section-h i-cf\"><div class=\"g-cols vc_row via_flex valign_bottom type_default stacking_default\"><div class=\"vc_col-sm-12 wpb_column vc_column_container\"><div class=\"vc_column-inner\"><div class=\"wpb_wrapper\"><h1 class=\"w-text us_custom_bd333703 us_animate_this\"><span class=\"w-text-h\"><span class=\"w-text-value\">\u00dcber uns<\/span><\/span><\/h1><div class=\"w-separator size_custom\" style=\"height:6vmax\" id=\"d13d\"><style>@media(max-width:600px){ #d13d{height:10vmax!important}}<\/style><\/div><\/div><\/div><\/div><\/div><\/div><\/section><section class=\"l-section wpb_row height_medium color_primary\"><div class=\"l-section-h i-cf\"><div class=\"g-cols vc_row via_flex valign_top type_default stacking_default\"><div class=\"vc_col-sm-12 wpb_column vc_column_container\"><div class=\"vc_column-inner\"><div class=\"wpb_wrapper\"><div class=\"wpb_text_column us_custom_e6680ff2 us_animate_this\"><div class=\"wpb_wrapper\"><h4 style=\"text-align: center;\">Wir w\u00e4hlen unsere Gesch\u00e4ftspartner unter den weltweit f\u00fchrenden Herstellern von Klebstofftechnologien aus<\/h4>\n<\/div><\/div><div class=\"w-separator size_custom\" style=\"height:3vmax\"><\/div><\/div><\/div><\/div><\/div><\/div><\/section><section class=\"l-section wpb_row height_auto width_full\"><div class=\"l-section-h i-cf\"><div class=\"g-cols vc_row via_flex valign_middle type_boxes\"><div class=\"vc_col-sm-3\/5 wpb_column vc_column_container\"><div class=\"vc_column-inner us_custom_fc4a560c\"><div class=\"wpb_wrapper\"><div class=\"wpb_text_column us_custom_106f74f3 us_animate_this\"><div class=\"wpb_wrapper\"><h2>Unsere Geschichte<\/h2>\n<\/div><\/div><div class=\"w-separator size_small\"><\/div><div class=\"wpb_text_column us_custom_106f74f3 us_animate_this\"><div class=\"wpb_wrapper\"><h5>Wir verf\u00fcgen \u00fcber mehr als 40 Jahre Erfahrung in der Entwicklung von Klebel\u00f6sungen f\u00fcr die Industrie in einer Vielzahl von Branchen.<\/h5>\n<\/div><\/div><div class=\"w-separator size_small\"><\/div><div class=\"wpb_text_column us_custom_e8308ab0 us_animate_this\"><div class=\"wpb_wrapper\"><p>Finat wurde 1978 als 3M-Distributor f\u00fcr Klebstofftechnologien gegr\u00fcndet. Seit \u00fcber 40 Jahren sind wir ein Verarbeiter von Klebstofftechnologien und bieten zuverl\u00e4ssige Klebstoffl\u00f6sungen f\u00fcr die Industrie in einer Vielzahl von Branchen.<\/p>\n<p>Ein Klebstoffverarbeiter zu sein, bedeutet f\u00fcr uns, ein Klebstoffprodukt durch Fachwissen, Kundenbetreuung, Zuverl\u00e4ssigkeit und Verarbeitungskapazit\u00e4t in eine erfolgreiche L\u00f6sung f\u00fcr die Industrie zu verwandeln.<\/p>\n<p>Wir waren schon immer davon \u00fcberzeugt, dass eine Klebstoffl\u00f6sung viel mehr kann als nur kleben, wenn sie ideal identifiziert und angewendet wird. Deshalb besteht unsere Mission darin, in Zusammenarbeit mit unseren Kunden im Bereich der Klebstofftechnologie die beste Klebstoffl\u00f6sung zu identifizieren und bereitzustellen, um maximale Produktleistung, Produktionseffizienz und Kostenreduzierung zu erzielen<\/p>\n<p>Wir w\u00e4hlen unsere Gesch\u00e4ftspartner unter den weltweit f\u00fchrenden Herstellern von Klebstofftechnologien aus, die die h\u00f6chsten Qualit\u00e4ts- und Zuverl\u00e4ssigkeitsstandards der Branche erf\u00fcllen und die technologische Innovation als wesentlichen Hebel f\u00fcr ihren Erfolg nutzen.<\/p>\n<\/div><\/div><\/div><\/div><\/div><div class=\"vc_col-sm-2\/5 wpb_column vc_column_container  has_bg_color\"><div class=\"vc_column-inner us_custom_1d6a8bfe us_animate_this\"><div class=\"wpb_wrapper\"><\/div><\/div><\/div><\/div><\/div><\/section><section class=\"l-section wpb_row us_custom_7b6ed9a5 height_medium color_alternate with_shape\"><div class=\"l-section-shape type_wave pos_bottom\" style=\"height:8vmax;color:var(--color-custom-1)\"><svg xmlns=\"http:\/\/www.w3.org\/2000\/svg\" viewBox=\"0 4 64 4\" preserveAspectRatio=\"none\" width=\"100%\" height=\"100%\">\r\n\t<path fill=\"currentColor\" d=\"M64 6 C32 0 32 12 0 6 L0 8 L64 8 Z\"\/>\r\n<\/svg><\/div><div class=\"l-section-h i-cf\"><div class=\"g-cols vc_row via_flex valign_middle type_default stacking_default\"><div class=\"vc_col-sm-12 wpb_column vc_column_container\"><div class=\"vc_column-inner\"><div class=\"wpb_wrapper\"><div class=\"wpb_text_column us_custom_e6680ff2 us_animate_this\"><div class=\"wpb_wrapper\"><h2 style=\"text-align: center;\">Unsere zertifizierungen<\/h2>\n<\/div><\/div><div class=\"w-separator size_medium\"><\/div><div class=\"g-cols wpb_row via_flex valign_top type_default stacking_default\" style=\"--additional-gap:2rem;\"><div class=\"vc_col-sm-6 wpb_column vc_column_container\"><div class=\"vc_column-inner\"><div class=\"wpb_wrapper\"><div class=\"w-image us_custom_ad74c514 us_animate_this has_height align_center\"><div class=\"w-image-h\"><img decoding=\"async\" width=\"413\" height=\"138\" src=\"https:\/\/finatsrl.it\/wp-content\/uploads\/2024\/10\/3mpreferred2x-1.png\" class=\"attachment-medium size-medium\" alt=\"3M Preferred Converter\" loading=\"lazy\" \/><\/div><\/div><div class=\"w-separator size_small\"><\/div><div class=\"wpb_text_column us_custom_7e4ff026 us_animate_this\"><div class=\"wpb_wrapper\"><h5>3M Preferred Converter<\/h5>\n<p>Finat ist ein 3M Preferred Converter: Wir sind von 3M mit der h\u00f6chsten Zertifizierung ausgezeichnet, die uns als 3M-Partner international im Bereich der Klebstoffverarbeitung f\u00fcr unsere hohen Standards in Bezug auf Qualit\u00e4t, Fachwissen, Erfahrung, Zuverl\u00e4ssigkeit und Kundenservice verliehen wurde.<\/p>\n<\/div><\/div><\/div><\/div><\/div><div class=\"vc_col-sm-6 wpb_column vc_column_container\"><div class=\"vc_column-inner\"><div class=\"wpb_wrapper\"><div class=\"w-image us_custom_ad74c514 us_animate_this has_height align_center\"><div class=\"w-image-h\"><img decoding=\"async\" width=\"444\" height=\"221\" src=\"https:\/\/finatsrl.it\/wp-content\/uploads\/2024\/10\/BV_certification_9k-9120.png\" class=\"attachment-medium size-medium\" alt=\"\" loading=\"lazy\"><\/div><\/div><div class=\"w-separator size_small\"><\/div><div class=\"wpb_text_column us_custom_7e4ff026 us_animate_this\"><div class=\"wpb_wrapper\"><h5>ISO 9001 e ISO 9120<\/h5>\n<p>Certificate numb. IT317994<br \/>\nUnsere internen Verarbeitungsstandards sind nach ISO 9001 e ISO 9120 zertifiziert<\/p>\n<\/div><\/div><div class=\"w-separator size_custom\" style=\"height:1rem\"><\/div><div class=\"w-iconbox us_custom_492179a4 iconpos_left style_outlined color_primary align_center no_text\"><a target=\"_blank\" href=\"\/wp-content\/uploads\/2024\/10\/FINAT-SRL_CERTIFICAZIONE-ISO-9001-E-9120.pdf\" class=\"w-iconbox-link\" aria-label=\"Herunterladen\"><div class=\"w-iconbox-icon\" style=\"font-size:20px;\"><i class=\"fal fa-file-pdf\"><\/i><\/div><\/a><div class=\"w-iconbox-meta\"><div class=\"w-iconbox-title\"><a target=\"_blank\" href=\"\/wp-content\/uploads\/2024\/10\/FINAT-SRL_CERTIFICAZIONE-ISO-9001-E-9120.pdf\" class=\"w-iconbox-link\" aria-label=\"Herunterladen\">Herunterladen<\/a><\/div><\/div><\/div><\/div><\/div><\/div><\/div><\/div><\/div><\/div><\/div><\/div><\/section><section class=\"l-section wpb_row height_medium color_primary\"><div class=\"l-section-h i-cf\"><div class=\"g-cols vc_row via_flex valign_top type_default stacking_default\"><div class=\"vc_col-sm-12 wpb_column vc_column_container\"><div class=\"vc_column-inner\"><div class=\"wpb_wrapper\"><div class=\"wpb_text_column\"><div class=\"wpb_wrapper\"><p style=\"text-align: center;\">Finat Srl stellt Informationen zur Umweltkennzeichnung zur Verf\u00fcgung. <a href=\"https:\/\/finatsrl.it\/de\/beschriftung\/\"><u>klicken Sie hier<\/u><\/a><\/p>\n<\/div><\/div><div class=\"w-separator size_small\"><\/div><div class=\"w-hwrapper us_custom_f70d789f us_animate_this valign_middle stack_on_mobiles align_center\" style=\"--hwrapper-gap:1rem\"><div class=\"w-btn-wrapper align_none\"><a class=\"w-btn us-btn-style_4\" target=\"_blank\" href=\"\/wp-content\/uploads\/2025\/04\/politica-per-la-qualita_2025.pdf\"><span class=\"w-btn-label\">Herunterladen &#8222;Politica per la Qualit\u00e0&#8220;<\/span><\/a><\/div><div class=\"w-btn-wrapper align_none\"><a class=\"w-btn us-btn-style_4\" target=\"_blank\" href=\"\/wp-content\/uploads\/2024\/10\/Requisiti-generali-di-fornitura_R0.pdf\"><span class=\"w-btn-label\">Herunterladen &#8222;Condizioni Generali di Fornitura&#8220;<\/span><\/a><\/div><div class=\"w-btn-wrapper align_none\"><a class=\"w-btn us-btn-style_4\" href=\"\/de\/kontakt\"><span class=\"w-btn-label\">Kontakt<\/span><\/a><\/div><\/div><\/div><\/div><\/div><\/div><\/div><\/section>\n","protected":false},"excerpt":{"rendered":"\u00dcber unsWir w\u00e4hlen unsere Gesch\u00e4ftspartner unter den weltweit f\u00fchrenden Herstellern von Klebstofftechnologien aus Unsere Geschichte Wir verf\u00fcgen \u00fcber mehr als 40 Jahre Erfahrung in der Entwicklung von Klebel\u00f6sungen f\u00fcr die Industrie in einer Vielzahl von Branchen. Finat wurde 1978 als 3M-Distributor f\u00fcr Klebstofftechnologien gegr\u00fcndet. Seit \u00fcber 40 Jahren sind wir ein Verarbeiter von Klebstofftechnologien und...","protected":false},"author":1,"featured_media":277,"parent":0,"menu_order":0,"comment_status":"closed","ping_status":"closed","template":"","meta":{"_acf_changed":false,"footnotes":""},"class_list":["post-1128","page","type-page","status-publish","has-post-thumbnail","hentry"],"acf":[],"_links":{"self":[{"href":"https:\/\/finatsrl.it\/de\/wp-json\/wp\/v2\/pages\/1128","targetHints":{"allow":["GET"]}}],"collection":[{"href":"https:\/\/finatsrl.it\/de\/wp-json\/wp\/v2\/pages"}],"about":[{"href":"https:\/\/finatsrl.it\/de\/wp-json\/wp\/v2\/types\/page"}],"author":[{"embeddable":true,"href":"https:\/\/finatsrl.it\/de\/wp-json\/wp\/v2\/users\/1"}],"replies":[{"embeddable":true,"href":"https:\/\/finatsrl.it\/de\/wp-json\/wp\/v2\/comments?post=1128"}],"version-history":[{"count":6,"href":"https:\/\/finatsrl.it\/de\/wp-json\/wp\/v2\/pages\/1128\/revisions"}],"predecessor-version":[{"id":15928,"href":"https:\/\/finatsrl.it\/de\/wp-json\/wp\/v2\/pages\/1128\/revisions\/15928"}],"wp:featuredmedia":[{"embeddable":true,"href":"https:\/\/finatsrl.it\/de\/wp-json\/wp\/v2\/media\/277"}],"wp:attachment":[{"href":"https:\/\/finatsrl.it\/de\/wp-json\/wp\/v2\/media?parent=1128"}],"curies":[{"name":"wp","href":"https:\/\/api.w.org\/{rel}","templated":true}]}}