{"id":1109,"date":"2024-10-22T12:40:46","date_gmt":"2024-10-22T10:40:46","guid":{"rendered":"https:\/\/finatnew.newhosting.intellijam.com\/?page_id=1109"},"modified":"2024-11-15T11:48:47","modified_gmt":"2024-11-15T10:48:47","slug":"thankyoupage","status":"publish","type":"page","link":"https:\/\/finatsrl.it\/de\/thankyoupage\/","title":{"rendered":"ThankYou Page"},"content":{"rendered":"<section class=\"l-section wpb_row height_auto full_height valign_center color_alternate\"><div class=\"l-section-h i-cf\"><div class=\"g-cols vc_row via_flex valign_middle type_default stacking_default\"><div class=\"vc_col-sm-6 wpb_column vc_column_container\"><div class=\"vc_column-inner us_custom_8d032b96\"><div class=\"wpb_wrapper\"><h3 class=\"w-text\"><span class=\"w-text-h\"><span class=\"w-text-value\">Anfrage erfolgreich gesendet<\/span><\/span><\/h3><div class=\"w-separator size_custom\" style=\"height:1rem\"><\/div><section class=\"l-section wpb_row height_auto width_full\"><div class=\"l-section-h i-cf\"><div class=\"g-cols vc_row via_flex valign_middle type_default stacking_default\"><div class=\"vc_col-sm-12 wpb_column vc_column_container\"><div class=\"vc_column-inner\"><div class=\"wpb_wrapper\">[vc_raw_html css=&#8220;%7B%22default%22%3A%7B%22animation-name%22%3A%22afl%22%2C%22animation-delay%22%3A%220.5s%22%7D%7D&#8220;]JTNDZGl2JTIwY2xhc3MlM0QlMjJmb290ZXItbGluZSUyMHJlbGF0aXZlJTIyJTNFJTBBJTNDZGl2JTIwY2xhc3MlM0QlMjJwb2ludCUyMHBvaW50LXJpZ2h0JTIyJTNFJTNDJTJGZGl2JTNFJTBBJTNDJTJGZGl2JTNF[\/vc_raw_html]<\/div><\/div><\/div><\/div><\/div><\/section>\n<div class=\"w-separator size_custom\" style=\"height:1rem\"><\/div><div class=\"wpb_text_column us_custom_d98eb4eb\"><div class=\"wpb_wrapper\"><p>Vielen Dank f\u00fcr Ihre Kontaktaufnahme und die Zusendung Ihrer Angebotsanfrage. Wir haben alle Informationen erhalten und unser Team wird Ihnen so schnell wie m\u00f6glich antworten.<\/p>\n<p>Wenn Sie in der Zwischenzeit weitere Fragen haben oder weitere Erl\u00e4uterungen ben\u00f6tigen, schreiben Sie uns bitte an <a href=\"mailto:finat@finatsrl.it\">finat@finatsrl.it<\/a> oder rufen Sie uns unter <a href=\"tel:+390255019042\">+39 02-55019042<\/a> an.<\/p>\n<p>Nochmals vielen Dank f\u00fcr Ihr Interesse!<\/p>\n<\/div><\/div><div class=\"w-separator size_small\"><\/div><div class=\"w-hwrapper valign_middle wrap align_left\"><div class=\"w-btn-wrapper align_none\"><a class=\"w-btn us-btn-style_1 us_custom_f70d789f us_animate_this\" href=\"https:\/\/finatsrl.it\/de\/\"><span class=\"w-btn-label\">Zur\u00fcck zu Hause<\/span><\/a><\/div><div class=\"w-btn-wrapper align_none\"><a class=\"w-btn us-btn-style_1 us_custom_f70d789f us_animate_this\" href=\"\/catalogo\/\"><span class=\"w-btn-label\">Zur\u00fcck zum Katalog<\/span><\/a><\/div><\/div><\/div><\/div><\/div><div class=\"vc_col-sm-6 wpb_column vc_column_container  hide_on_mobiles stretched\"><div class=\"vc_column-inner us_custom_aa2e2cb1 us_animate_this type_sticky\"><div class=\"wpb_wrapper\" style=\"top:0\"><div class=\"w-image align_center\"><div class=\"w-image-h\"><img decoding=\"async\" width=\"648\" height=\"960\" src=\"https:\/\/finatsrl.it\/wp-content\/uploads\/2024\/10\/FINAT_assemblare_7.jpg\" class=\"attachment-large size-large\" alt=\"\" loading=\"lazy\" srcset=\"https:\/\/finatsrl.it\/wp-content\/uploads\/2024\/10\/FINAT_assemblare_7.jpg 648w, https:\/\/finatsrl.it\/wp-content\/uploads\/2024\/10\/FINAT_assemblare_7-405x600.jpg 405w, https:\/\/finatsrl.it\/wp-content\/uploads\/2024\/10\/FINAT_assemblare_7-600x889.jpg 600w\" sizes=\"auto, (max-width: 648px) 100vw, 648px\"><\/div><\/div><\/div><\/div><\/div><\/div><\/div><\/section>\n","protected":false},"excerpt":{"rendered":"Anfrage erfolgreich gesendet[vc_raw_html css=&#8220;%7B%22default%22%3A%7B%22animation-name%22%3A%22afl%22%2C%22animation-delay%22%3A%220.5s%22%7D%7D&#8220;]JTNDZGl2JTIwY2xhc3MlM0QlMjJmb290ZXItbGluZSUyMHJlbGF0aXZlJTIyJTNFJTBBJTNDZGl2JTIwY2xhc3MlM0QlMjJwb2ludCUyMHBvaW50LXJpZ2h0JTIyJTNFJTNDJTJGZGl2JTNFJTBBJTNDJTJGZGl2JTNF[\/vc_raw_html] Vielen Dank f\u00fcr Ihre Kontaktaufnahme und die Zusendung Ihrer Angebotsanfrage. Wir haben alle Informationen erhalten und unser Team wird Ihnen so schnell wie m\u00f6glich antworten. Wenn Sie in der Zwischenzeit weitere Fragen haben oder weitere Erl\u00e4uterungen ben\u00f6tigen, schreiben Sie uns bitte an finat@finatsrl.it oder rufen Sie uns unter +39 02-55019042 an....","protected":false},"author":1,"featured_media":0,"parent":0,"menu_order":0,"comment_status":"closed","ping_status":"closed","template":"","meta":{"_acf_changed":false,"footnotes":""},"class_list":["post-1109","page","type-page","status-publish","hentry"],"acf":[],"_links":{"self":[{"href":"https:\/\/finatsrl.it\/de\/wp-json\/wp\/v2\/pages\/1109","targetHints":{"allow":["GET"]}}],"collection":[{"href":"https:\/\/finatsrl.it\/de\/wp-json\/wp\/v2\/pages"}],"about":[{"href":"https:\/\/finatsrl.it\/de\/wp-json\/wp\/v2\/types\/page"}],"author":[{"embeddable":true,"href":"https:\/\/finatsrl.it\/de\/wp-json\/wp\/v2\/users\/1"}],"replies":[{"embeddable":true,"href":"https:\/\/finatsrl.it\/de\/wp-json\/wp\/v2\/comments?post=1109"}],"version-history":[{"count":4,"href":"https:\/\/finatsrl.it\/de\/wp-json\/wp\/v2\/pages\/1109\/revisions"}],"predecessor-version":[{"id":6915,"href":"https:\/\/finatsrl.it\/de\/wp-json\/wp\/v2\/pages\/1109\/revisions\/6915"}],"wp:attachment":[{"href":"https:\/\/finatsrl.it\/de\/wp-json\/wp\/v2\/media?parent=1109"}],"curies":[{"name":"wp","href":"https:\/\/api.w.org\/{rel}","templated":true}]}}