{"id":1091,"date":"2024-10-16T11:40:52","date_gmt":"2024-10-16T09:40:52","guid":{"rendered":"https:\/\/finatnew.newhosting.intellijam.com\/?page_id=1091"},"modified":"2026-03-02T14:39:59","modified_gmt":"2026-03-02T13:39:59","slug":"home","status":"publish","type":"page","link":"https:\/\/finatsrl.it\/de\/","title":{"rendered":"Home"},"content":{"rendered":"<section class=\"l-section wpb_row us_custom_94be0cb5 height_auto full_height valign_center width_full color_secondary with_img\" id=\"banner-intro\"><div class=\"l-section-img\" role=\"img\" aria-label=\"Bild\" data-img-width=\"1920\" data-img-height=\"1080\" style=\"background-image: url(https:\/\/finatsrl.it\/wp-content\/uploads\/revslider\/video-media\/Finat-C0027-light_1.jpeg);background-repeat: no-repeat;\"><\/div><div class=\"l-section-overlay\" style=\"background:rgba(0,0,0,0.60)\"><\/div><div class=\"l-section-h i-cf\"><div class=\"g-cols vc_row via_flex valign_middle type_default stacking_default\"><div class=\"vc_col-sm-12 wpb_column vc_column_container\"><div class=\"vc_column-inner\"><div class=\"wpb_wrapper\"><div class=\"w-content-carousel items_1\"><div class=\"owl-carousel valign_stretch dotstyle_circle navstyle_circle arrows-ver-pos_middle arrows-hor-pos_on_sides_outside arrows-disabled_hide owl-responsive-2000\" style=\"--items-gap:0px;--transition-duration:300ms;\" onclick=\"return {&quot;aria_labels&quot;:{&quot;prev&quot;:&quot;Zur\\u00fcck&quot;,&quot;next&quot;:&quot;Weiter&quot;},&quot;autoplayContinual&quot;:true,&quot;autoplayHoverPause&quot;:false,&quot;autoplayTimeout&quot;:3000,&quot;autoWidth&quot;:false,&quot;smartSpeed&quot;:300,&quot;margin&quot;:0,&quot;mouseDrag&quot;:false,&quot;rtl&quot;:false,&quot;slideBy&quot;:&quot;1&quot;,&quot;touchDrag&quot;:false,&quot;slideTransition&quot;:&quot;linear&quot;,&quot;animateIn&quot;:&quot;fadeIn&quot;,&quot;animateOut&quot;:&quot;fadeOut&quot;,&quot;responsive&quot;:{&quot;0&quot;:{&quot;autoHeight&quot;:true,&quot;autoplay&quot;:true,&quot;autoWidth&quot;:false,&quot;center&quot;:false,&quot;dots&quot;:false,&quot;items&quot;:1,&quot;loop&quot;:true,&quot;nav&quot;:false,&quot;stagePadding&quot;:0,&quot;slideBy&quot;:&quot;1&quot;},&quot;769&quot;:{&quot;autoHeight&quot;:true,&quot;autoplay&quot;:true,&quot;autoWidth&quot;:false,&quot;center&quot;:false,&quot;dots&quot;:false,&quot;items&quot;:1,&quot;loop&quot;:true,&quot;nav&quot;:false,&quot;stagePadding&quot;:0,&quot;slideBy&quot;:&quot;1&quot;},&quot;1025&quot;:{&quot;autoHeight&quot;:false,&quot;autoplay&quot;:true,&quot;autoWidth&quot;:false,&quot;center&quot;:false,&quot;dots&quot;:false,&quot;items&quot;:1,&quot;loop&quot;:true,&quot;nav&quot;:false,&quot;stagePadding&quot;:0}}}\">[vc_raw_html]JTNDdmlkZW8lMjBhdXRvcGxheSUzRCUyMiUyMiUyMGxvb3AlM0QlMjIlMjIlMjBtdXRlZCUzRCUyMiUyMiUyMHBsYXlzaW5saW5lJTNEJTIyJTIyJTIwcHJlbG9hZCUzRCUyMmF1dG8lMjIlM0UlM0Nzb3VyY2UlMjB0eXBlJTNEJTIydmlkZW8lMkZtcDQlMjIlMjBzcmMlM0QlMjIlMkZ3cC1jb250ZW50JTJGdXBsb2FkcyUyRjIwMjQlMkYxMCUyRkZpbmF0LUMwMDI3LWxpZ2h0Lm1wNCUyMiUzRSUzQyUyRnZpZGVvJTNF[\/vc_raw_html][vc_raw_html]JTNDdmlkZW8lMjBhdXRvcGxheSUzRCUyMiUyMiUyMGxvb3AlM0QlMjIlMjIlMjBtdXRlZCUzRCUyMiUyMiUyMHBsYXlzaW5saW5lJTNEJTIyJTIyJTIwcHJlbG9hZCUzRCUyMmF1dG8lMjIlM0UlM0Nzb3VyY2UlMjB0eXBlJTNEJTIydmlkZW8lMkZtcDQlMjIlMjBzcmMlM0QlMjIlMkZ3cC1jb250ZW50JTJGdXBsb2FkcyUyRjIwMjQlMkYxMCUyRkZpbmF0LUMwMDI3LWxpZ2h0Lm1wNCUyMiUzRSUzQyUyRnZpZGVvJTNF[\/vc_raw_html][vc_raw_html]JTNDdmlkZW8lMjBhdXRvcGxheSUzRCUyMiUyMiUyMGxvb3AlM0QlMjIlMjIlMjBtdXRlZCUzRCUyMiUyMiUyMHBsYXlzaW5saW5lJTNEJTIyJTIyJTIwcHJlbG9hZCUzRCUyMmF1dG8lMjIlM0UlM0Nzb3VyY2UlMjB0eXBlJTNEJTIydmlkZW8lMkZtcDQlMjIlMjBzcmMlM0QlMjIlMkZ3cC1jb250ZW50JTJGdXBsb2FkcyUyRjIwMjQlMkYxMCUyRkZpbmF0LUMwMDI1LWxpZ2h0Lm1wNCUyMiUzRSUzQyUyRnZpZGVvJTNF[\/vc_raw_html][vc_raw_html]JTNDdmlkZW8lMjBhdXRvcGxheSUzRCUyMiUyMiUyMGxvb3AlM0QlMjIlMjIlMjBtdXRlZCUzRCUyMiUyMiUyMHBsYXlzaW5saW5lJTNEJTIyJTIyJTIwcHJlbG9hZCUzRCUyMmF1dG8lMjIlM0UlM0Nzb3VyY2UlMjB0eXBlJTNEJTIydmlkZW8lMkZtcDQlMjIlMjBzcmMlM0QlMjIlMkZ3cC1jb250ZW50JTJGdXBsb2FkcyUyRjIwMjQlMkYxMCUyRkZpbmF0LUMwMDI5LWxpZ2h0Lm1wNCUyMiUzRSUzQyUyRnZpZGVvJTNF[\/vc_raw_html][vc_raw_html]JTNDdmlkZW8lMjBhdXRvcGxheSUzRCUyMiUyMiUyMGxvb3AlM0QlMjIlMjIlMjBtdXRlZCUzRCUyMiUyMiUyMHBsYXlzaW5saW5lJTNEJTIyJTIyJTIwcHJlbG9hZCUzRCUyMmF1dG8lMjIlM0UlM0Nzb3VyY2UlMjB0eXBlJTNEJTIydmlkZW8lMkZtcDQlMjIlMjBzcmMlM0QlMjIlMkZ3cC1jb250ZW50JTJGdXBsb2FkcyUyRjIwMjQlMkYxMCUyRkZpbmF0LUMwMDExLWxpZ2h0Lm1wNCUyMiUzRSUzQyUyRnZpZGVvJTNF[\/vc_raw_html][vc_raw_html]JTNDdmlkZW8lMjBhdXRvcGxheSUzRCUyMiUyMiUyMGxvb3AlM0QlMjIlMjIlMjBtdXRlZCUzRCUyMiUyMiUyMHBsYXlzaW5saW5lJTNEJTIyJTIyJTIwcHJlbG9hZCUzRCUyMmF1dG8lMjIlM0UlM0Nzb3VyY2UlMjB0eXBlJTNEJTIydmlkZW8lMkZtcDQlMjIlMjBzcmMlM0QlMjIlMkZ3cC1jb250ZW50JTJGdXBsb2FkcyUyRjIwMjQlMkYxMCUyRkZpbmF0LUMwMDA4LWxpZ2h0Lm1wNCUyMiUzRSUzQyUyRnZpZGVvJTNF[\/vc_raw_html][vc_raw_html]JTNDdmlkZW8lMjBhdXRvcGxheSUzRCUyMiUyMiUyMGxvb3AlM0QlMjIlMjIlMjBtdXRlZCUzRCUyMiUyMiUyMHBsYXlzaW5saW5lJTNEJTIyJTIyJTIwcHJlbG9hZCUzRCUyMmF1dG8lMjIlM0UlM0Nzb3VyY2UlMjB0eXBlJTNEJTIydmlkZW8lMkZtcDQlMjIlMjBzcmMlM0QlMjIlMkZ3cC1jb250ZW50JTJGdXBsb2FkcyUyRjIwMjQlMkYxMCUyRkZpbmF0LUMwMDE1LWxpZ2h0Lm1wNCUyMiUzRSUzQyUyRnZpZGVvJTNF[\/vc_raw_html]<\/div><\/div>[vc_raw_html el_id=&#8220;laser-logo&#8220;]JTNDb2JqZWN0JTIwY2xhc3MlM0QlMjJoLWFuaW0tc3ZnJTIyJTIwdHlwZSUzRCUyMmltYWdlJTJGc3ZnJTJCeG1sJTIyJTIwZGF0YSUzRCUyMiUyRndwLWNvbnRlbnQlMkZ1cGxvYWRzJTJGMjAyNCUyRjEwJTJGbG9nb19hbmltYXRlZF9ob21lLTIuc3ZnJTIyJTNFJTNDJTJGb2JqZWN0JTNFJTBBJTNDZGl2JTIwY2xhc3MlM0QlMjJpbnRyby10ZXh0JTIyJTNFTWl0JTIwJUMzJUJDYmVyJTIwNDAlMjBKYWhyZW4lMjBFcmZhaHJ1bmclMjBpbiUyMGRlciUyMEVudHdpY2tsdW5nJTIwdm9uJTIwS2xlYmVsJUMzJUI2c3VuZ2VuJTIwZiVDMyVCQ3IlMjBkaWUlMjBJbmR1c3RyaWUlMjBpbiUyMGRlbiUyMHVudGVyc2NoaWVkbGljaHN0ZW4lMjBCZXJlaWNoZW4lMjBiZXRyZXVlbi4lM0MlMkZkaXYlM0U=[\/vc_raw_html]<\/div><\/div><\/div><\/div><\/div><\/section><section class=\"l-section wpb_row height_medium full_height valign_center\"><div class=\"l-section-h i-cf\"><div class=\"g-cols vc_row via_flex valign_middle type_default stacking_default\" style=\"--additional-gap:1.5rem;\"><div class=\"vc_col-sm-6 wpb_column vc_column_container\"><div class=\"vc_column-inner us_custom_3a518cd2\"><div class=\"wpb_wrapper\">[vc_raw_html]JTNDdmlkZW8lMjBjbGFzcyUzRCUyMnctZnVsbCUyMiUyMGxvb3AlM0QlMjJ0cnVlJTIyJTIwYXV0b3BsYXklM0QlMjJhdXRvcGxheSUyMiUyMG11dGVkJTNEJTIyJTIyJTIwcGxheXNpbmxpbmUlM0QlMjIlMjIlM0UlM0Nzb3VyY2UlMjBzcmMlM0QlMjIlMkZ3cC1jb250ZW50JTJGdXBsb2FkcyUyRjIwMjQlMkYxMCUyRjAxX0hPTUVfTElLRV92MTEubXA0JTIyJTIwdHlwZSUzRCUyMnZpZGVvJTJGbXA0JTIyJTNFJTIwJTIwJTIwJTIwJTIwJTIwJTIwJTIwJTIwJTIwJTIwJTIwJTIwJTIwJTIwJTIwJTIwJTIwJTIwJTIwJTIwJTIwJTIwJTIwJTIwJTIwJTIwJTIwJTIwJTIwJTIwJTIwJTIwJTIwJTIwJTIwJTIwWW91ciUyMGJyb3dzZXIlMjBkb2VzJTIwbm90JTIwc3VwcG9ydCUyMHRoZSUyMHZpZGVvJTIwdGFnLiUyMCUyMCUyMCUyMCUyMCUyMCUyMCUyMCUyMCUyMCUyMCUyMCUyMCUyMCUyMCUyMCUyMCUyMCUyMCUyMCUyMCUyMCUyMCUyMCUyMCUyMCUyMCUyMCUyMCUyMCUyMCUyMCUyMCUzQyUyRnZpZGVvJTNF[\/vc_raw_html]<div class=\"w-separator size_large\"><\/div><section class=\"l-section wpb_row height_auto width_full\"><div class=\"l-section-h i-cf\"><div class=\"g-cols vc_row via_flex valign_middle type_default stacking_default\"><div class=\"vc_col-sm-12 wpb_column vc_column_container\"><div class=\"vc_column-inner\"><div class=\"wpb_wrapper\">[vc_raw_html css=&#8220;%7B%22default%22%3A%7B%22animation-name%22%3A%22afl%22%2C%22animation-delay%22%3A%220.5s%22%7D%7D&#8220;]JTNDZGl2JTIwY2xhc3MlM0QlMjJmb290ZXItbGluZSUyMHJlbGF0aXZlJTIyJTNFJTBBJTNDZGl2JTIwY2xhc3MlM0QlMjJwb2ludCUyMHBvaW50LXJpZ2h0JTIyJTNFJTNDJTJGZGl2JTNFJTBBJTNDJTJGZGl2JTNF[\/vc_raw_html]<\/div><\/div><\/div><\/div><\/div><\/section>\n<\/div><\/div><\/div><div class=\"vc_col-sm-6 wpb_column vc_column_container\"><div class=\"vc_column-inner\"><div class=\"wpb_wrapper\"><div class=\"wpb_text_column us_custom_845f7bc5\"><div class=\"wpb_wrapper\"><h3>Die richtige Wahl der <strong>Klebetechnologie ist der Schl\u00fcssel<\/strong> zum erfolgreichen Kleben<\/h3>\n<\/div><\/div><div class=\"w-separator size_custom\" style=\"height:2rem\"><\/div><section class=\"l-section wpb_row height_auto width_full\"><div class=\"l-section-h i-cf\"><div class=\"g-cols vc_row via_flex valign_top type_default stacking_default\"><div class=\"vc_col-sm-12 wpb_column vc_column_container\"><div class=\"vc_column-inner\"><div class=\"wpb_wrapper\">[vc_raw_html css=&#8220;%7B%22default%22%3A%7B%22animation-name%22%3A%22afr%22%2C%22animation-delay%22%3A%220.5s%22%7D%7D&#8220;]JTNDZGl2JTIwY2xhc3MlM0QlMjJmb290ZXItbGluZSUyMHJlbGF0aXZlJTIyJTNFJTBBJTNDZGl2JTIwY2xhc3MlM0QlMjJwb2ludCUyMHBvaW50LWxlZnQlMjIlM0UlM0MlMkZkaXYlM0UlMEElM0MlMkZkaXYlM0U=[\/vc_raw_html]<\/div><\/div><\/div><\/div><\/div><\/section>\n<div class=\"w-separator size_custom\" style=\"height:1rem\"><\/div><div class=\"wpb_text_column us_custom_37a5f0ec us_animate_this\"><div class=\"wpb_wrapper\"><p>Mit \u00fcber <strong>40 Jahren Erfahrung in der Entwicklung von Klebel\u00f6sungen f\u00fcr die Industrie<\/strong> in den unterschiedlichsten Bereichen betreuen wir unsere Kunden von der Konstruktion bis hin zur praktischen Beratung \u00fcber ideale Klebetechniken.<\/p>\n<p>Wir sind in der Lage, verschiedene Arten von ein- und doppelseitigen Klebeb\u00e4ndern zu verarbeiten, um ein den spezifischen Anforderungen an Gr\u00f6\u00dfe, Form und Anwendung entsprechendes Produkt zu liefern.<\/p>\n<p>Dabei setzen wir die innovativsten Schneid- und Stanztechnologien ein, die alle Arten von Anpassungen erm\u00f6glichen und h\u00f6chste Pr\u00e4zision garantieren, um die strengsten Toleranzgrenzen einzuhalten.<\/p>\n<\/div><\/div><div class=\"w-separator size_custom\" style=\"height:1rem\"><\/div><div class=\"w-btn-wrapper default_align_left laptops_align_left tablets_align_left mobiles_align_center\"><a class=\"w-btn us-btn-style_3 us_custom_0a1a4b2e us_animate_this icon_atleft\" href=\"\/en\/verarbeitung\"><i class=\"fal fa-layer-plus\"><\/i><span class=\"w-btn-label\">Verarbeitung<\/span><\/a><\/div><\/div><\/div><\/div><\/div><\/div><\/section><section class=\"l-section wpb_row height_medium full_height valign_center\"><div class=\"l-section-h i-cf\"><div class=\"g-cols vc_row via_flex valign_middle type_default reversed stacking_default\" style=\"--additional-gap:1.5rem;\"><div class=\"vc_col-sm-6 wpb_column vc_column_container\"><div class=\"vc_column-inner\"><div class=\"wpb_wrapper\"><div class=\"wpb_text_column us_custom_845f7bc5\"><div class=\"wpb_wrapper\"><h3>Unsere Kompetenz f\u00fcr den<br \/>\n<strong>Erfolg Ihrer Projekte<\/strong><\/h3>\n<\/div><\/div><div class=\"w-separator size_custom\" style=\"height:2rem\"><\/div><section class=\"l-section wpb_row height_auto width_full\"><div class=\"l-section-h i-cf\"><div class=\"g-cols vc_row via_flex valign_middle type_default stacking_default\"><div class=\"vc_col-sm-12 wpb_column vc_column_container\"><div class=\"vc_column-inner\"><div class=\"wpb_wrapper\">[vc_raw_html css=&#8220;%7B%22default%22%3A%7B%22animation-name%22%3A%22afl%22%2C%22animation-delay%22%3A%220.5s%22%7D%7D&#8220;]JTNDZGl2JTIwY2xhc3MlM0QlMjJmb290ZXItbGluZSUyMHJlbGF0aXZlJTIyJTNFJTBBJTNDZGl2JTIwY2xhc3MlM0QlMjJwb2ludCUyMHBvaW50LXJpZ2h0JTIyJTNFJTNDJTJGZGl2JTNFJTBBJTNDJTJGZGl2JTNF[\/vc_raw_html]<\/div><\/div><\/div><\/div><\/div><\/section>\n<div class=\"w-separator size_custom\" style=\"height:1rem\"><\/div><div class=\"wpb_text_column us_custom_37a5f0ec us_animate_this\"><div class=\"wpb_wrapper\"><p>Die Wahl der richtigen <strong>Klebstofftechnologie h\u00e4ngt von der Kenntnis der Chemie des Klebstoffs selbst und der Materialien<\/strong> ab, auf die er aufgebracht werden soll. Aus diesem Grund stellen wir Kompetenz in den Vordergrund und schulen unsere Mitarbeiter sorgf\u00e4ltig durch regelm\u00e4\u00dfige technische Auffrischungskurse.<\/p>\n<p>Wir arbeiten mit einer bew\u00e4hrten Methode mit der M\u00f6glichkeit der Durchf\u00fchrung von Klebetests, der Bereitstellung von Proben und der Durchf\u00fchrung von Labortests mit detaillierten Berichten.<\/p>\n<\/div><\/div><div class=\"w-separator size_custom\" style=\"height:1rem\"><\/div><div class=\"w-btn-wrapper default_align_left laptops_align_left tablets_align_left mobiles_align_center\"><a class=\"w-btn us-btn-style_3 us_custom_0a1a4b2e us_animate_this icon_atleft\" href=\"\/de\/ueber-uns\/\"><i class=\"fal fa-hand-receiving\"><\/i><span class=\"w-btn-label\">\u00dcber uns<\/span><\/a><\/div><\/div><\/div><\/div><div class=\"vc_col-sm-6 wpb_column vc_column_container\"><div class=\"vc_column-inner us_custom_3a518cd2\"><div class=\"wpb_wrapper\">[vc_raw_html]JTNDdmlkZW8lMjBjbGFzcyUzRCUyMnctZnVsbCUyMiUyMGxvb3AlM0QlMjJ0cnVlJTIyJTIwYXV0b3BsYXklM0QlMjJhdXRvcGxheSUyMiUyMG11dGVkJTNEJTIyJTIyJTIwcGxheXNpbmxpbmUlM0QlMjIlMjIlM0UlM0Nzb3VyY2UlMjBzcmMlM0QlMjIlMkZ3cC1jb250ZW50JTJGdXBsb2FkcyUyRjIwMjQlMkYxMCUyRjAyX0hPTUVfRklOQVRfdjExLm1wNCUyMiUyMHR5cGUlM0QlMjJ2aWRlbyUyRm1wNCUyMiUzRSUyMCUyMCUyMCUyMCUyMCUyMCUyMCUyMCUyMCUyMCUyMCUyMCUyMCUyMCUyMCUyMCUyMCUyMCUyMCUyMCUyMCUyMCUyMCUyMCUyMCUyMCUyMCUyMCUyMCUyMCUyMCUyMCUyMCUyMCUyMCUyMCUyMFlvdXIlMjBicm93c2VyJTIwZG9lcyUyMG5vdCUyMHN1cHBvcnQlMjB0aGUlMjB2aWRlbyUyMHRhZy4lMjAlMjAlMjAlMjAlMjAlMjAlMjAlMjAlMjAlMjAlMjAlMjAlMjAlMjAlMjAlMjAlMjAlMjAlMjAlMjAlMjAlMjAlMjAlMjAlMjAlMjAlMjAlMjAlMjAlMjAlMjAlMjAlMjAlM0MlMkZ2aWRlbyUzRQ==[\/vc_raw_html]<div class=\"w-separator size_large\"><\/div><section class=\"l-section wpb_row height_auto width_full\"><div class=\"l-section-h i-cf\"><div class=\"g-cols vc_row via_flex valign_top type_default stacking_default\"><div class=\"vc_col-sm-12 wpb_column vc_column_container\"><div class=\"vc_column-inner\"><div class=\"wpb_wrapper\">[vc_raw_html css=&#8220;%7B%22default%22%3A%7B%22animation-name%22%3A%22afr%22%2C%22animation-delay%22%3A%220.5s%22%7D%7D&#8220;]JTNDZGl2JTIwY2xhc3MlM0QlMjJmb290ZXItbGluZSUyMHJlbGF0aXZlJTIyJTNFJTBBJTNDZGl2JTIwY2xhc3MlM0QlMjJwb2ludCUyMHBvaW50LWxlZnQlMjIlM0UlM0MlMkZkaXYlM0UlMEElM0MlMkZkaXYlM0U=[\/vc_raw_html]<\/div><\/div><\/div><\/div><\/div><\/section>\n<\/div><\/div><\/div><\/div><\/div><\/section><section class=\"l-section wpb_row height_medium full_height valign_center\"><div class=\"l-section-h i-cf\"><div class=\"g-cols vc_row via_flex valign_middle type_default stacking_default\" style=\"--additional-gap:1.5rem;\"><div class=\"vc_col-sm-6 wpb_column vc_column_container\"><div class=\"vc_column-inner us_custom_3a518cd2\"><div class=\"wpb_wrapper\">[vc_raw_html]JTNDdmlkZW8lMjBjbGFzcyUzRCUyMnctZnVsbCUyMiUyMGxvb3AlM0QlMjJ0cnVlJTIyJTIwYXV0b3BsYXklM0QlMjJhdXRvcGxheSUyMiUyMG11dGVkJTNEJTIyJTIyJTIwcGxheXNpbmxpbmUlM0QlMjIlMjIlM0UlM0Nzb3VyY2UlMjBzcmMlM0QlMjIlMkZ3cC1jb250ZW50JTJGdXBsb2FkcyUyRjIwMjQlMkYxMCUyRjAzX0hPTUVfQV92MTEubXA0JTIyJTIwdHlwZSUzRCUyMnZpZGVvJTJGbXA0JTIyJTNFWW91ciUyMGJyb3dzZXIlMjBkb2VzJTIwbm90JTIwc3VwcG9ydCUyMHRoZSUyMHZpZGVvJTIwdGFnLiUzQyUyRnZpZGVvJTNF[\/vc_raw_html]<div class=\"w-separator size_large\"><\/div><section class=\"l-section wpb_row height_auto width_full\"><div class=\"l-section-h i-cf\"><div class=\"g-cols vc_row via_flex valign_middle type_default stacking_default\"><div class=\"vc_col-sm-12 wpb_column vc_column_container\"><div class=\"vc_column-inner\"><div class=\"wpb_wrapper\">[vc_raw_html css=&#8220;%7B%22default%22%3A%7B%22animation-name%22%3A%22afl%22%2C%22animation-delay%22%3A%220.5s%22%7D%7D&#8220;]JTNDZGl2JTIwY2xhc3MlM0QlMjJmb290ZXItbGluZSUyMHJlbGF0aXZlJTIyJTNFJTBBJTNDZGl2JTIwY2xhc3MlM0QlMjJwb2ludCUyMHBvaW50LXJpZ2h0JTIyJTNFJTNDJTJGZGl2JTNFJTBBJTNDJTJGZGl2JTNF[\/vc_raw_html]<\/div><\/div><\/div><\/div><\/div><\/section>\n<\/div><\/div><\/div><div class=\"vc_col-sm-6 wpb_column vc_column_container\"><div class=\"vc_column-inner\"><div class=\"wpb_wrapper\"><div class=\"wpb_text_column us_custom_845f7bc5\"><div class=\"wpb_wrapper\"><h3>Holen Sie mit einem qualifizierten<br \/>\nPartner das Beste aus den<br \/>\n<strong>Klebstofftechnologien heraus<\/strong><\/h3>\n<\/div><\/div><div class=\"w-separator size_custom\" style=\"height:2rem\"><\/div><section class=\"l-section wpb_row height_auto width_full\"><div class=\"l-section-h i-cf\"><div class=\"g-cols vc_row via_flex valign_top type_default stacking_default\"><div class=\"vc_col-sm-12 wpb_column vc_column_container\"><div class=\"vc_column-inner\"><div class=\"wpb_wrapper\">[vc_raw_html css=&#8220;%7B%22default%22%3A%7B%22animation-name%22%3A%22afr%22%2C%22animation-delay%22%3A%220.5s%22%7D%7D&#8220;]JTNDZGl2JTIwY2xhc3MlM0QlMjJmb290ZXItbGluZSUyMHJlbGF0aXZlJTIyJTNFJTBBJTNDZGl2JTIwY2xhc3MlM0QlMjJwb2ludCUyMHBvaW50LWxlZnQlMjIlM0UlM0MlMkZkaXYlM0UlMEElM0MlMkZkaXYlM0U=[\/vc_raw_html]<\/div><\/div><\/div><\/div><\/div><\/section>\n<div class=\"w-separator size_custom\" style=\"height:1rem\"><\/div><div class=\"wpb_text_column us_custom_37a5f0ec us_animate_this\"><div class=\"wpb_wrapper\"><p>Mit uns k\u00f6nnen Sie die <strong>Montage Ihrer Produkte auf ein Maximum an Leistung<\/strong>, Produktivit\u00e4t und Design auslegen.<\/p>\n<p>Als 3M Preferred Converter k\u00f6nnen wir zur L\u00f6sung selbst extremer Herausforderungen auf die spezialisierte technische Unterst\u00fctzung der fortschrittlichsten Pr\u00fcflabore z\u00e4hlen.<\/p>\n<\/div><\/div><div class=\"w-separator size_custom\" style=\"height:1rem\"><\/div><div class=\"w-btn-wrapper default_align_left laptops_align_left tablets_align_left mobiles_align_center\"><a class=\"w-btn us-btn-style_3 us_custom_0a1a4b2e us_animate_this icon_atleft\" href=\"\/de\/klebetechniken\/\"><i class=\"fal fa-dot-circle\"><\/i><span class=\"w-btn-label\">Klebetechniken<\/span><\/a><\/div><\/div><\/div><\/div><\/div><\/div><\/section><section class=\"l-section wpb_row us_custom_500a5ca0 height_medium color_primary with_shape\"><div class=\"l-section-shape type_wave pos_top hor_flip\" style=\"height:8vmax;\"><svg xmlns=\"http:\/\/www.w3.org\/2000\/svg\" viewBox=\"0 4 64 4\" preserveAspectRatio=\"none\" width=\"100%\" height=\"100%\">\r\n\t<path fill=\"currentColor\" d=\"M64 6 C32 0 32 12 0 6 L0 8 L64 8 Z\"\/>\r\n<\/svg><\/div><div class=\"l-section-h i-cf\"><div class=\"g-cols vc_row via_flex valign_top type_default stacking_default\"><div class=\"vc_col-sm-12 wpb_column vc_column_container\"><div class=\"vc_column-inner\"><div class=\"wpb_wrapper\"><div class=\"w-hwrapper valign_middle wrap align_center\"><div class=\"wpb_text_column us_custom_e7ca866a\"><div class=\"wpb_wrapper\"><p>Unsere Experten k\u00f6nnen helfen!<\/p>\n<\/div><\/div><div class=\"w-btn-wrapper align_none\"><a class=\"w-btn us-btn-style_2\" href=\"\/de\/kontakt\/\"><span class=\"w-btn-label\">Kontakt<\/span><\/a><\/div><\/div><\/div><\/div><\/div><\/div><\/div><\/section>\n","protected":false},"excerpt":{"rendered":"[vc_raw_html]JTNDdmlkZW8lMjBhdXRvcGxheSUzRCUyMiUyMiUyMGxvb3AlM0QlMjIlMjIlMjBtdXRlZCUzRCUyMiUyMiUyMHBsYXlzaW5saW5lJTNEJTIyJTIyJTIwcHJlbG9hZCUzRCUyMmF1dG8lMjIlM0UlM0Nzb3VyY2UlMjB0eXBlJTNEJTIydmlkZW8lMkZtcDQlMjIlMjBzcmMlM0QlMjIlMkZ3cC1jb250ZW50JTJGdXBsb2FkcyUyRjIwMjQlMkYxMCUyRkZpbmF0LUMwMDI3LWxpZ2h0Lm1wNCUyMiUzRSUzQyUyRnZpZGVvJTNF[\/vc_raw_html][vc_raw_html]JTNDdmlkZW8lMjBhdXRvcGxheSUzRCUyMiUyMiUyMGxvb3AlM0QlMjIlMjIlMjBtdXRlZCUzRCUyMiUyMiUyMHBsYXlzaW5saW5lJTNEJTIyJTIyJTIwcHJlbG9hZCUzRCUyMmF1dG8lMjIlM0UlM0Nzb3VyY2UlMjB0eXBlJTNEJTIydmlkZW8lMkZtcDQlMjIlMjBzcmMlM0QlMjIlMkZ3cC1jb250ZW50JTJGdXBsb2FkcyUyRjIwMjQlMkYxMCUyRkZpbmF0LUMwMDI3LWxpZ2h0Lm1wNCUyMiUzRSUzQyUyRnZpZGVvJTNF[\/vc_raw_html][vc_raw_html]JTNDdmlkZW8lMjBhdXRvcGxheSUzRCUyMiUyMiUyMGxvb3AlM0QlMjIlMjIlMjBtdXRlZCUzRCUyMiUyMiUyMHBsYXlzaW5saW5lJTNEJTIyJTIyJTIwcHJlbG9hZCUzRCUyMmF1dG8lMjIlM0UlM0Nzb3VyY2UlMjB0eXBlJTNEJTIydmlkZW8lMkZtcDQlMjIlMjBzcmMlM0QlMjIlMkZ3cC1jb250ZW50JTJGdXBsb2FkcyUyRjIwMjQlMkYxMCUyRkZpbmF0LUMwMDI1LWxpZ2h0Lm1wNCUyMiUzRSUzQyUyRnZpZGVvJTNF[\/vc_raw_html][vc_raw_html]JTNDdmlkZW8lMjBhdXRvcGxheSUzRCUyMiUyMiUyMGxvb3AlM0QlMjIlMjIlMjBtdXRlZCUzRCUyMiUyMiUyMHBsYXlzaW5saW5lJTNEJTIyJTIyJTIwcHJlbG9hZCUzRCUyMmF1dG8lMjIlM0UlM0Nzb3VyY2UlMjB0eXBlJTNEJTIydmlkZW8lMkZtcDQlMjIlMjBzcmMlM0QlMjIlMkZ3cC1jb250ZW50JTJGdXBsb2FkcyUyRjIwMjQlMkYxMCUyRkZpbmF0LUMwMDI5LWxpZ2h0Lm1wNCUyMiUzRSUzQyUyRnZpZGVvJTNF[\/vc_raw_html][vc_raw_html]JTNDdmlkZW8lMjBhdXRvcGxheSUzRCUyMiUyMiUyMGxvb3AlM0QlMjIlMjIlMjBtdXRlZCUzRCUyMiUyMiUyMHBsYXlzaW5saW5lJTNEJTIyJTIyJTIwcHJlbG9hZCUzRCUyMmF1dG8lMjIlM0UlM0Nzb3VyY2UlMjB0eXBlJTNEJTIydmlkZW8lMkZtcDQlMjIlMjBzcmMlM0QlMjIlMkZ3cC1jb250ZW50JTJGdXBsb2FkcyUyRjIwMjQlMkYxMCUyRkZpbmF0LUMwMDExLWxpZ2h0Lm1wNCUyMiUzRSUzQyUyRnZpZGVvJTNF[\/vc_raw_html][vc_raw_html]JTNDdmlkZW8lMjBhdXRvcGxheSUzRCUyMiUyMiUyMGxvb3AlM0QlMjIlMjIlMjBtdXRlZCUzRCUyMiUyMiUyMHBsYXlzaW5saW5lJTNEJTIyJTIyJTIwcHJlbG9hZCUzRCUyMmF1dG8lMjIlM0UlM0Nzb3VyY2UlMjB0eXBlJTNEJTIydmlkZW8lMkZtcDQlMjIlMjBzcmMlM0QlMjIlMkZ3cC1jb250ZW50JTJGdXBsb2FkcyUyRjIwMjQlMkYxMCUyRkZpbmF0LUMwMDA4LWxpZ2h0Lm1wNCUyMiUzRSUzQyUyRnZpZGVvJTNF[\/vc_raw_html][vc_raw_html]JTNDdmlkZW8lMjBhdXRvcGxheSUzRCUyMiUyMiUyMGxvb3AlM0QlMjIlMjIlMjBtdXRlZCUzRCUyMiUyMiUyMHBsYXlzaW5saW5lJTNEJTIyJTIyJTIwcHJlbG9hZCUzRCUyMmF1dG8lMjIlM0UlM0Nzb3VyY2UlMjB0eXBlJTNEJTIydmlkZW8lMkZtcDQlMjIlMjBzcmMlM0QlMjIlMkZ3cC1jb250ZW50JTJGdXBsb2FkcyUyRjIwMjQlMkYxMCUyRkZpbmF0LUMwMDE1LWxpZ2h0Lm1wNCUyMiUzRSUzQyUyRnZpZGVvJTNF[\/vc_raw_html][vc_raw_html el_id=\"laser-logo\"]JTNDb2JqZWN0JTIwY2xhc3MlM0QlMjJoLWFuaW0tc3ZnJTIyJTIwdHlwZSUzRCUyMmltYWdlJTJGc3ZnJTJCeG1sJTIyJTIwZGF0YSUzRCUyMiUyRndwLWNvbnRlbnQlMkZ1cGxvYWRzJTJGMjAyNCUyRjEwJTJGbG9nb19hbmltYXRlZF9ob21lLTIuc3ZnJTIyJTNFJTNDJTJGb2JqZWN0JTNFJTBBJTNDZGl2JTIwY2xhc3MlM0QlMjJpbnRyby10ZXh0JTIyJTNFTWl0JTIwJUMzJUJDYmVyJTIwNDAlMjBKYWhyZW4lMjBFcmZhaHJ1bmclMjBpbiUyMGRlciUyMEVudHdpY2tsdW5nJTIwdm9uJTIwS2xlYmVsJUMzJUI2c3VuZ2VuJTIwZiVDMyVCQ3IlMjBkaWUlMjBJbmR1c3RyaWUlMjBpbiUyMGRlbiUyMHVudGVyc2NoaWVkbGljaHN0ZW4lMjBCZXJlaWNoZW4lMjBiZXRyZXVlbi4lM0MlMkZkaXYlM0U=[\/vc_raw_html][vc_raw_html]JTNDdmlkZW8lMjBjbGFzcyUzRCUyMnctZnVsbCUyMiUyMGxvb3AlM0QlMjJ0cnVlJTIyJTIwYXV0b3BsYXklM0QlMjJhdXRvcGxheSUyMiUyMG11dGVkJTNEJTIyJTIyJTIwcGxheXNpbmxpbmUlM0QlMjIlMjIlM0UlM0Nzb3VyY2UlMjBzcmMlM0QlMjIlMkZ3cC1jb250ZW50JTJGdXBsb2FkcyUyRjIwMjQlMkYxMCUyRjAxX0hPTUVfTElLRV92MTEubXA0JTIyJTIwdHlwZSUzRCUyMnZpZGVvJTJGbXA0JTIyJTNFJTIwJTIwJTIwJTIwJTIwJTIwJTIwJTIwJTIwJTIwJTIwJTIwJTIwJTIwJTIwJTIwJTIwJTIwJTIwJTIwJTIwJTIwJTIwJTIwJTIwJTIwJTIwJTIwJTIwJTIwJTIwJTIwJTIwJTIwJTIwJTIwJTIwWW91ciUyMGJyb3dzZXIlMjBkb2VzJTIwbm90JTIwc3VwcG9ydCUyMHRoZSUyMHZpZGVvJTIwdGFnLiUyMCUyMCUyMCUyMCUyMCUyMCUyMCUyMCUyMCUyMCUyMCUyMCUyMCUyMCUyMCUyMCUyMCUyMCUyMCUyMCUyMCUyMCUyMCUyMCUyMCUyMCUyMCUyMCUyMCUyMCUyMCUyMCUyMCUzQyUyRnZpZGVvJTNF[\/vc_raw_html][vc_raw_html css=&#8220;%7B%22default%22%3A%7B%22animation-name%22%3A%22afl%22%2C%22animation-delay%22%3A%220.5s%22%7D%7D&#8220;]JTNDZGl2JTIwY2xhc3MlM0QlMjJmb290ZXItbGluZSUyMHJlbGF0aXZlJTIyJTNFJTBBJTNDZGl2JTIwY2xhc3MlM0QlMjJwb2ludCUyMHBvaW50LXJpZ2h0JTIyJTNFJTNDJTJGZGl2JTNFJTBBJTNDJTJGZGl2JTNF[\/vc_raw_html] Die richtige Wahl der Klebetechnologie ist der Schl\u00fcssel zum erfolgreichen Kleben [vc_raw_html css=&#8220;%7B%22default%22%3A%7B%22animation-name%22%3A%22afr%22%2C%22animation-delay%22%3A%220.5s%22%7D%7D&#8220;]JTNDZGl2JTIwY2xhc3MlM0QlMjJmb290ZXItbGluZSUyMHJlbGF0aXZlJTIyJTNFJTBBJTNDZGl2JTIwY2xhc3MlM0QlMjJwb2ludCUyMHBvaW50LWxlZnQlMjIlM0UlM0MlMkZkaXYlM0UlMEElM0MlMkZkaXYlM0U=[\/vc_raw_html] Mit \u00fcber 40 Jahren Erfahrung in der Entwicklung von Klebel\u00f6sungen f\u00fcr die Industrie in den unterschiedlichsten Bereichen betreuen wir unsere Kunden von der Konstruktion bis hin zur praktischen Beratung \u00fcber ideale Klebetechniken. Wir sind in der Lage, verschiedene Arten...","protected":false},"author":1,"featured_media":0,"parent":0,"menu_order":0,"comment_status":"closed","ping_status":"closed","template":"","meta":{"_acf_changed":false,"footnotes":""},"class_list":["post-1091","page","type-page","status-publish","hentry"],"acf":[],"_links":{"self":[{"href":"https:\/\/finatsrl.it\/de\/wp-json\/wp\/v2\/pages\/1091","targetHints":{"allow":["GET"]}}],"collection":[{"href":"https:\/\/finatsrl.it\/de\/wp-json\/wp\/v2\/pages"}],"about":[{"href":"https:\/\/finatsrl.it\/de\/wp-json\/wp\/v2\/types\/page"}],"author":[{"embeddable":true,"href":"https:\/\/finatsrl.it\/de\/wp-json\/wp\/v2\/users\/1"}],"replies":[{"embeddable":true,"href":"https:\/\/finatsrl.it\/de\/wp-json\/wp\/v2\/comments?post=1091"}],"version-history":[{"count":6,"href":"https:\/\/finatsrl.it\/de\/wp-json\/wp\/v2\/pages\/1091\/revisions"}],"predecessor-version":[{"id":18301,"href":"https:\/\/finatsrl.it\/de\/wp-json\/wp\/v2\/pages\/1091\/revisions\/18301"}],"wp:attachment":[{"href":"https:\/\/finatsrl.it\/de\/wp-json\/wp\/v2\/media?parent=1091"}],"curies":[{"name":"wp","href":"https:\/\/api.w.org\/{rel}","templated":true}]}}